{"id":671,"date":"2021-01-07T15:08:41","date_gmt":"2021-01-07T20:08:41","guid":{"rendered":"https:\/\/loteriadeltolima.com\/nuevo\/?page_id=671"},"modified":"2021-01-07T15:08:41","modified_gmt":"2021-01-07T20:08:41","slug":"mecanismos-y-entes-de-control","status":"publish","type":"page","link":"https:\/\/mdhosting.info\/loteria2023\/mecanismos-y-entes-de-control\/","title":{"rendered":"Mecanismos y Entes de Control"},"content":{"rendered":"\t\t<div data-elementor-type=\"wp-page\" data-elementor-id=\"671\" class=\"elementor elementor-671\" data-elementor-post-type=\"page\">\n\t\t\t\t\t\t<section class=\"elementor-section elementor-top-section elementor-element elementor-element-2293f0d6 elementor-section-boxed elementor-section-height-default elementor-section-height-default\" data-id=\"2293f0d6\" data-element_type=\"section\">\n\t\t\t\t\t\t<div class=\"elementor-container elementor-column-gap-default\">\n\t\t\t\t\t<div class=\"elementor-column elementor-col-100 elementor-top-column elementor-element elementor-element-3024cc92\" data-id=\"3024cc92\" data-element_type=\"column\">\n\t\t\t<div class=\"elementor-widget-wrap elementor-element-populated\">\n\t\t\t\t\t\t<div class=\"elementor-element elementor-element-429eddd elementor-widget elementor-widget-heading\" data-id=\"429eddd\" data-element_type=\"widget\" data-widget_type=\"heading.default\">\n\t\t\t\t<div class=\"elementor-widget-container\">\n\t\t\t\t\t<h1 class=\"elementor-heading-title elementor-size-default\">MECANISMOS Y ENTES DE CONTROL<\/h1>\t\t\t\t<\/div>\n\t\t\t\t<\/div>\n\t\t\t\t<div class=\"elementor-element elementor-element-74fa8f0d elementor-widget-divider--view-line elementor-widget elementor-widget-divider\" data-id=\"74fa8f0d\" data-element_type=\"widget\" data-widget_type=\"divider.default\">\n\t\t\t\t<div class=\"elementor-widget-container\">\n\t\t\t\t\t\t\t<div class=\"elementor-divider\">\n\t\t\t<span class=\"elementor-divider-separator\">\n\t\t\t\t\t\t<\/span>\n\t\t<\/div>\n\t\t\t\t\t\t<\/div>\n\t\t\t\t<\/div>\n\t\t\t\t\t<\/div>\n\t\t<\/div>\n\t\t\t\t\t<\/div>\n\t\t<\/section>\n\t\t\t\t<section class=\"elementor-section elementor-top-section elementor-element elementor-element-d8de518 elementor-section-boxed elementor-section-height-default elementor-section-height-default\" data-id=\"d8de518\" data-element_type=\"section\">\n\t\t\t\t\t\t<div class=\"elementor-container elementor-column-gap-default\">\n\t\t\t\t\t<div class=\"elementor-column elementor-col-100 elementor-top-column elementor-element elementor-element-f60fcc7\" data-id=\"f60fcc7\" data-element_type=\"column\">\n\t\t\t<div class=\"elementor-widget-wrap elementor-element-populated\">\n\t\t\t\t\t\t<div class=\"elementor-element elementor-element-77d90c6 elementor-widget elementor-widget-text-editor\" data-id=\"77d90c6\" data-element_type=\"widget\" data-widget_type=\"text-editor.default\">\n\t\t\t\t<div class=\"elementor-widget-container\">\n\t\t\t\t\t\t\t\t\t<p>Entidades de control que vigilan la Loteria del Tolima:<\/p>\t\t\t\t\t\t\t\t<\/div>\n\t\t\t\t<\/div>\n\t\t\t\t\t<\/div>\n\t\t<\/div>\n\t\t\t\t\t<\/div>\n\t\t<\/section>\n\t\t\t\t<section class=\"elementor-section elementor-top-section elementor-element elementor-element-4f56454 elementor-section-boxed elementor-section-height-default elementor-section-height-default\" data-id=\"4f56454\" data-element_type=\"section\">\n\t\t\t\t\t\t<div class=\"elementor-container elementor-column-gap-default\">\n\t\t\t\t\t<div class=\"elementor-column elementor-col-50 elementor-top-column elementor-element elementor-element-d6f3673\" data-id=\"d6f3673\" data-element_type=\"column\">\n\t\t\t<div class=\"elementor-widget-wrap elementor-element-populated\">\n\t\t\t\t\t\t<div class=\"elementor-element elementor-element-21228bc elementor-position-top elementor-widget elementor-widget-image-box\" data-id=\"21228bc\" data-element_type=\"widget\" data-widget_type=\"image-box.default\">\n\t\t\t\t<div class=\"elementor-widget-container\">\n\t\t\t\t\t<div class=\"elementor-image-box-wrapper\"><figure class=\"elementor-image-box-img\"><img decoding=\"async\" src=\"https:\/\/loteriadeltolima.com\/wp-content\/uploads\/2021\/01\/contraloria-tolima-01.jpg\" title=\"\" alt=\"\" loading=\"lazy\" \/><\/figure><div class=\"elementor-image-box-content\"><h3 class=\"elementor-image-box-title\">Contralor\u00eda Departamental del Tolima<\/h3><p class=\"elementor-image-box-description\"><strong>Piso 7\u00b0 Edificio Gobernaci\u00f3n del Tolima<\/strong><br>\nTel\u00e9fono: 2625510<\/p><\/div><\/div>\t\t\t\t<\/div>\n\t\t\t\t<\/div>\n\t\t\t\t\t<\/div>\n\t\t<\/div>\n\t\t\t\t<div class=\"elementor-column elementor-col-50 elementor-top-column elementor-element elementor-element-428faf1\" data-id=\"428faf1\" data-element_type=\"column\">\n\t\t\t<div class=\"elementor-widget-wrap elementor-element-populated\">\n\t\t\t\t\t\t<div class=\"elementor-element elementor-element-4f26ef8 elementor-position-top elementor-widget elementor-widget-image-box\" data-id=\"4f26ef8\" data-element_type=\"widget\" data-widget_type=\"image-box.default\">\n\t\t\t\t<div class=\"elementor-widget-container\">\n\t\t\t\t\t<div class=\"elementor-image-box-wrapper\"><figure class=\"elementor-image-box-img\"><img decoding=\"async\" src=\"https:\/\/loteriadeltolima.com\/wp-content\/uploads\/2021\/01\/procuraduria-general-de-colombia.jpg\" title=\"\" alt=\"\" loading=\"lazy\" \/><\/figure><div class=\"elementor-image-box-content\"><h3 class=\"elementor-image-box-title\">Procuradur\u00eda Departamental del Tolima<\/h3><p class=\"elementor-image-box-description\"><strong>Carrera 4a No.11-40 Piso 5\u00b0 Oficina 501-502<\/strong><br>\nTel\u00e9fono: 2636001-2618117<\/p><\/div><\/div>\t\t\t\t<\/div>\n\t\t\t\t<\/div>\n\t\t\t\t\t<\/div>\n\t\t<\/div>\n\t\t\t\t\t<\/div>\n\t\t<\/section>\n\t\t\t\t<section class=\"elementor-section elementor-top-section elementor-element elementor-element-64e6435 elementor-section-boxed elementor-section-height-default elementor-section-height-default\" data-id=\"64e6435\" data-element_type=\"section\">\n\t\t\t\t\t\t<div class=\"elementor-container elementor-column-gap-default\">\n\t\t\t\t\t<div class=\"elementor-column elementor-col-100 elementor-top-column elementor-element elementor-element-bb81c9e\" data-id=\"bb81c9e\" data-element_type=\"column\">\n\t\t\t<div class=\"elementor-widget-wrap elementor-element-populated\">\n\t\t\t\t\t\t<div class=\"elementor-element elementor-element-634744d elementor-widget-divider--view-line elementor-widget elementor-widget-divider\" data-id=\"634744d\" data-element_type=\"widget\" data-widget_type=\"divider.default\">\n\t\t\t\t<div class=\"elementor-widget-container\">\n\t\t\t\t\t\t\t<div class=\"elementor-divider\">\n\t\t\t<span class=\"elementor-divider-separator\">\n\t\t\t\t\t\t<\/span>\n\t\t<\/div>\n\t\t\t\t\t\t<\/div>\n\t\t\t\t<\/div>\n\t\t\t\t\t<\/div>\n\t\t<\/div>\n\t\t\t\t\t<\/div>\n\t\t<\/section>\n\t\t\t\t<section class=\"elementor-section elementor-top-section elementor-element elementor-element-1473b67 elementor-section-boxed elementor-section-height-default elementor-section-height-default\" data-id=\"1473b67\" data-element_type=\"section\">\n\t\t\t\t\t\t<div class=\"elementor-container elementor-column-gap-default\">\n\t\t\t\t\t<div class=\"elementor-column elementor-col-50 elementor-top-column elementor-element elementor-element-4691500\" data-id=\"4691500\" data-element_type=\"column\">\n\t\t\t<div class=\"elementor-widget-wrap elementor-element-populated\">\n\t\t\t\t\t\t<div class=\"elementor-element elementor-element-a9707ff elementor-position-top elementor-widget elementor-widget-image-box\" data-id=\"a9707ff\" data-element_type=\"widget\" data-widget_type=\"image-box.default\">\n\t\t\t\t<div class=\"elementor-widget-container\">\n\t\t\t\t\t<div class=\"elementor-image-box-wrapper\"><figure class=\"elementor-image-box-img\"><img decoding=\"async\" src=\"https:\/\/loteriadeltolima.com\/wp-content\/uploads\/2021\/01\/gobernacion-tolima.jpg\" title=\"\" alt=\"\" loading=\"lazy\" \/><\/figure><div class=\"elementor-image-box-content\"><h3 class=\"elementor-image-box-title\">Secretar\u00eda de Salud del Tolima<\/h3><p class=\"elementor-image-box-description\"><strong>Piso 10\u00b0 Edificio Gobernaci\u00f3n del Tolima<\/strong><br>\nTel\u00e9fono: 2610818 - 2611111<br>\n<strong>Sitio Web: <\/strong><a href=\"http:\/\/www.saludtolima.gov.co\/\" target=\"_blank\">http:\/\/www.saludtolima.gov.co\/<\/a><\/p><\/div><\/div>\t\t\t\t<\/div>\n\t\t\t\t<\/div>\n\t\t\t\t\t<\/div>\n\t\t<\/div>\n\t\t\t\t<div class=\"elementor-column elementor-col-50 elementor-top-column elementor-element elementor-element-698d150\" data-id=\"698d150\" data-element_type=\"column\">\n\t\t\t<div class=\"elementor-widget-wrap elementor-element-populated\">\n\t\t\t\t\t\t<div class=\"elementor-element elementor-element-dcf8723 elementor-position-top elementor-widget elementor-widget-image-box\" data-id=\"dcf8723\" data-element_type=\"widget\" data-widget_type=\"image-box.default\">\n\t\t\t\t<div class=\"elementor-widget-container\">\n\t\t\t\t\t<div class=\"elementor-image-box-wrapper\"><figure class=\"elementor-image-box-img\"><img decoding=\"async\" src=\"https:\/\/loteriadeltolima.com\/wp-content\/uploads\/2021\/01\/control-interno.jpg\" title=\"\" alt=\"\" loading=\"lazy\" \/><\/figure><div class=\"elementor-image-box-content\"><h3 class=\"elementor-image-box-title\">Control Interno<\/h3><p class=\"elementor-image-box-description\"><strong>Oficina de Control Interno<\/strong><br>\nControl Interno Ley 87\/93. Evaluaciones permanentes y peri\u00f3dicas, utilizando las t\u00e9cnicas y herramientas de Auditor\u00eda generalmente aceptadas.<br>\n<strong>E-mail: <\/strong> <a href=\"mailto:controlinterno@loteriadeltolima.com\">controlinterno@loteriadeltolima.com<\/a><\/p><\/div><\/div>\t\t\t\t<\/div>\n\t\t\t\t<\/div>\n\t\t\t\t\t<\/div>\n\t\t<\/div>\n\t\t\t\t\t<\/div>\n\t\t<\/section>\n\t\t\t\t<section class=\"elementor-section elementor-top-section elementor-element elementor-element-2c6d573 elementor-section-boxed elementor-section-height-default elementor-section-height-default\" data-id=\"2c6d573\" data-element_type=\"section\">\n\t\t\t\t\t\t<div class=\"elementor-container elementor-column-gap-default\">\n\t\t\t\t\t<div class=\"elementor-column elementor-col-100 elementor-top-column elementor-element elementor-element-96e55f2\" data-id=\"96e55f2\" data-element_type=\"column\">\n\t\t\t<div class=\"elementor-widget-wrap elementor-element-populated\">\n\t\t\t\t\t\t<div class=\"elementor-element elementor-element-27be26a elementor-widget-divider--view-line elementor-widget elementor-widget-divider\" data-id=\"27be26a\" data-element_type=\"widget\" data-widget_type=\"divider.default\">\n\t\t\t\t<div class=\"elementor-widget-container\">\n\t\t\t\t\t\t\t<div class=\"elementor-divider\">\n\t\t\t<span class=\"elementor-divider-separator\">\n\t\t\t\t\t\t<\/span>\n\t\t<\/div>\n\t\t\t\t\t\t<\/div>\n\t\t\t\t<\/div>\n\t\t\t\t\t<\/div>\n\t\t<\/div>\n\t\t\t\t\t<\/div>\n\t\t<\/section>\n\t\t\t\t<section class=\"elementor-section elementor-top-section elementor-element elementor-element-16af56b elementor-section-boxed elementor-section-height-default elementor-section-height-default\" data-id=\"16af56b\" data-element_type=\"section\">\n\t\t\t\t\t\t<div class=\"elementor-container elementor-column-gap-default\">\n\t\t\t\t\t<div class=\"elementor-column elementor-col-50 elementor-top-column elementor-element elementor-element-d5afccc\" data-id=\"d5afccc\" data-element_type=\"column\">\n\t\t\t<div class=\"elementor-widget-wrap elementor-element-populated\">\n\t\t\t\t\t\t<div class=\"elementor-element elementor-element-967d4fe elementor-position-top elementor-widget elementor-widget-image-box\" data-id=\"967d4fe\" data-element_type=\"widget\" data-widget_type=\"image-box.default\">\n\t\t\t\t<div class=\"elementor-widget-container\">\n\t\t\t\t\t<div class=\"elementor-image-box-wrapper\"><figure class=\"elementor-image-box-img\"><img decoding=\"async\" src=\"https:\/\/loteriadeltolima.com\/wp-content\/uploads\/2021\/01\/supersalud.jpg\" title=\"\" alt=\"\" loading=\"lazy\" \/><\/figure><div class=\"elementor-image-box-content\"><h3 class=\"elementor-image-box-title\">Superintendencia Nacional de Salud<\/h3><p class=\"elementor-image-box-description\"><strong>Carrera 13 No. 32-76 pisos 6\u00b0,7\u00b0,8\u00b0,y 9\u00b0<\/strong><br>\nEn desarrollo de las facultades otorgadas por la Ley, especialmente la definida en el numeral 6\u00ba del art\u00edculo 7\u00ba del Decreto 1259 de 1994 que dice: \"\u2026Instruir a las entidades vigiladas sobre la manera como deben cumplirse las disposiciones que regulan su actividad en cuanto a sujetos vigilados, fijar los criterios t\u00e9cnicos y jur\u00eddicos que faciliten el cumplimiento de las normas que le compete aplicar y se\u00f1alar los procedimientos para su cabal aplicaci\u00f3n\u2026\".<\/p><\/div><\/div>\t\t\t\t<\/div>\n\t\t\t\t<\/div>\n\t\t\t\t\t<\/div>\n\t\t<\/div>\n\t\t\t\t<div class=\"elementor-column elementor-col-50 elementor-top-column elementor-element elementor-element-1e1c691\" data-id=\"1e1c691\" data-element_type=\"column\">\n\t\t\t<div class=\"elementor-widget-wrap\">\n\t\t\t\t\t\t\t<\/div>\n\t\t<\/div>\n\t\t\t\t\t<\/div>\n\t\t<\/section>\n\t\t\t\t<\/div>\n\t\t","protected":false},"excerpt":{"rendered":"<p>MECANISMOS Y ENTES DE CONTROL Entidades de control que vigilan la Loteria del Tolima: Contralor\u00eda Departamental del Tolima Piso 7\u00b0 Edificio Gobernaci\u00f3n del Tolima Tel\u00e9fono: 2625510 Procuradur\u00eda Departamental del Tolima Carrera 4a No.11-40 Piso 5\u00b0 Oficina 501-502 Tel\u00e9fono: 2636001-2618117 Secretar\u00eda de Salud del Tolima Piso 10\u00b0 Edificio Gobernaci\u00f3n del Tolima Tel\u00e9fono: 2610818 &#8211; 2611111 Sitio [&hellip;]<\/p>\n","protected":false},"author":2,"featured_media":0,"parent":0,"menu_order":0,"comment_status":"closed","ping_status":"closed","template":"","meta":{"site-sidebar-layout":"default","site-content-layout":"","ast-site-content-layout":"","site-content-style":"default","site-sidebar-style":"default","ast-global-header-display":"","ast-banner-title-visibility":"","ast-main-header-display":"","ast-hfb-above-header-display":"","ast-hfb-below-header-display":"","ast-hfb-mobile-header-display":"","site-post-title":"","ast-breadcrumbs-content":"","ast-featured-img":"","footer-sml-layout":"","theme-transparent-header-meta":"","adv-header-id-meta":"","stick-header-meta":"","header-above-stick-meta":"","header-main-stick-meta":"","header-below-stick-meta":"","astra-migrate-meta-layouts":"default","ast-page-background-enabled":"default","ast-page-background-meta":{"desktop":{"background-color":"var(--ast-global-color-4)","background-image":"","background-repeat":"repeat","background-position":"center center","background-size":"auto","background-attachment":"scroll","background-type":"","background-media":"","overlay-type":"","overlay-color":"","overlay-gradient":""},"tablet":{"background-color":"","background-image":"","background-repeat":"repeat","background-position":"center center","background-size":"auto","background-attachment":"scroll","background-type":"","background-media":"","overlay-type":"","overlay-color":"","overlay-gradient":""},"mobile":{"background-color":"","background-image":"","background-repeat":"repeat","background-position":"center center","background-size":"auto","background-attachment":"scroll","background-type":"","background-media":"","overlay-type":"","overlay-color":"","overlay-gradient":""}},"ast-content-background-meta":{"desktop":{"background-color":"var(--ast-global-color-5)","background-image":"","background-repeat":"repeat","background-position":"center center","background-size":"auto","background-attachment":"scroll","background-type":"","background-media":"","overlay-type":"","overlay-color":"","overlay-gradient":""},"tablet":{"background-color":"var(--ast-global-color-5)","background-image":"","background-repeat":"repeat","background-position":"center center","background-size":"auto","background-attachment":"scroll","background-type":"","background-media":"","overlay-type":"","overlay-color":"","overlay-gradient":""},"mobile":{"background-color":"var(--ast-global-color-5)","background-image":"","background-repeat":"repeat","background-position":"center center","background-size":"auto","background-attachment":"scroll","background-type":"","background-media":"","overlay-type":"","overlay-color":"","overlay-gradient":""}},"footnotes":""},"class_list":["post-671","page","type-page","status-publish","hentry"],"yoast_head":"<!-- This site is optimized with the Yoast SEO plugin v22.7 - https:\/\/yoast.com\/wordpress\/plugins\/seo\/ -->\n<title>Mecanismos y Entes de Control - Loter\u00eda del Tolima \u2013 Apu\u00e9stele a sus Sue\u00f1os<\/title>\n<meta name=\"robots\" content=\"index, follow, max-snippet:-1, max-image-preview:large, max-video-preview:-1\" \/>\n<link rel=\"canonical\" href=\"https:\/\/mdhosting.info\/loteria2023\/mecanismos-y-entes-de-control\/\" \/>\n<meta property=\"og:locale\" content=\"es_ES\" \/>\n<meta property=\"og:type\" content=\"article\" \/>\n<meta property=\"og:title\" content=\"Mecanismos y Entes de Control - Loter\u00eda del Tolima \u2013 Apu\u00e9stele a sus Sue\u00f1os\" \/>\n<meta property=\"og:description\" content=\"MECANISMOS Y ENTES DE CONTROL Entidades de control que vigilan la Loteria del Tolima: Contralor\u00eda Departamental del Tolima Piso 7\u00b0 Edificio Gobernaci\u00f3n del Tolima Tel\u00e9fono: 2625510 Procuradur\u00eda Departamental del Tolima Carrera 4a No.11-40 Piso 5\u00b0 Oficina 501-502 Tel\u00e9fono: 2636001-2618117 Secretar\u00eda de Salud del Tolima Piso 10\u00b0 Edificio Gobernaci\u00f3n del Tolima Tel\u00e9fono: 2610818 &#8211; 2611111 Sitio [&hellip;]\" \/>\n<meta property=\"og:url\" content=\"https:\/\/mdhosting.info\/loteria2023\/mecanismos-y-entes-de-control\/\" \/>\n<meta property=\"og:site_name\" content=\"Loter\u00eda del Tolima \u2013 Apu\u00e9stele a sus Sue\u00f1os\" \/>\n<meta property=\"og:image\" content=\"https:\/\/loteriadeltolima.com\/nuevo\/wp-content\/uploads\/2021\/01\/contraloria-tolima-01.jpg\" \/>\n<meta name=\"twitter:card\" content=\"summary_large_image\" \/>\n<meta name=\"twitter:label1\" content=\"Tiempo de lectura\" \/>\n\t<meta name=\"twitter:data1\" content=\"1 minuto\" \/>\n<script type=\"application\/ld+json\" class=\"yoast-schema-graph\">{\"@context\":\"https:\/\/schema.org\",\"@graph\":[{\"@type\":\"WebPage\",\"@id\":\"https:\/\/mdhosting.info\/loteria2023\/mecanismos-y-entes-de-control\/\",\"url\":\"https:\/\/mdhosting.info\/loteria2023\/mecanismos-y-entes-de-control\/\",\"name\":\"Mecanismos y Entes de Control - Loter\u00eda del Tolima \u2013 Apu\u00e9stele a sus Sue\u00f1os\",\"isPartOf\":{\"@id\":\"https:\/\/mdhosting.info\/loteria2023\/#website\"},\"primaryImageOfPage\":{\"@id\":\"https:\/\/mdhosting.info\/loteria2023\/mecanismos-y-entes-de-control\/#primaryimage\"},\"image\":{\"@id\":\"https:\/\/mdhosting.info\/loteria2023\/mecanismos-y-entes-de-control\/#primaryimage\"},\"thumbnailUrl\":\"https:\/\/loteriadeltolima.com\/nuevo\/wp-content\/uploads\/2021\/01\/contraloria-tolima-01.jpg\",\"datePublished\":\"2021-01-07T20:08:41+00:00\",\"dateModified\":\"2021-01-07T20:08:41+00:00\",\"breadcrumb\":{\"@id\":\"https:\/\/mdhosting.info\/loteria2023\/mecanismos-y-entes-de-control\/#breadcrumb\"},\"inLanguage\":\"es-CO\",\"potentialAction\":[{\"@type\":\"ReadAction\",\"target\":[\"https:\/\/mdhosting.info\/loteria2023\/mecanismos-y-entes-de-control\/\"]}]},{\"@type\":\"ImageObject\",\"inLanguage\":\"es-CO\",\"@id\":\"https:\/\/mdhosting.info\/loteria2023\/mecanismos-y-entes-de-control\/#primaryimage\",\"url\":\"https:\/\/loteriadeltolima.com\/nuevo\/wp-content\/uploads\/2021\/01\/contraloria-tolima-01.jpg\",\"contentUrl\":\"https:\/\/loteriadeltolima.com\/nuevo\/wp-content\/uploads\/2021\/01\/contraloria-tolima-01.jpg\"},{\"@type\":\"BreadcrumbList\",\"@id\":\"https:\/\/mdhosting.info\/loteria2023\/mecanismos-y-entes-de-control\/#breadcrumb\",\"itemListElement\":[{\"@type\":\"ListItem\",\"position\":1,\"name\":\"Inicio\",\"item\":\"https:\/\/mdhosting.info\/loteria2023\/\"},{\"@type\":\"ListItem\",\"position\":2,\"name\":\"Mecanismos y Entes de Control\"}]},{\"@type\":\"WebSite\",\"@id\":\"https:\/\/mdhosting.info\/loteria2023\/#website\",\"url\":\"https:\/\/mdhosting.info\/loteria2023\/\",\"name\":\"Loter\u00eda del Tolima \u2013 Apu\u00e9stele a sus Sue\u00f1os\",\"description\":\"Loter\u00eda del Tolima \u2013 Apu\u00e9stele a sus Sue\u00f1os\",\"publisher\":{\"@id\":\"https:\/\/mdhosting.info\/loteria2023\/#organization\"},\"potentialAction\":[{\"@type\":\"SearchAction\",\"target\":{\"@type\":\"EntryPoint\",\"urlTemplate\":\"https:\/\/mdhosting.info\/loteria2023\/?s={search_term_string}\"},\"query-input\":\"required name=search_term_string\"}],\"inLanguage\":\"es-CO\"},{\"@type\":\"Organization\",\"@id\":\"https:\/\/mdhosting.info\/loteria2023\/#organization\",\"name\":\"Loter\u00eda del Tolima \u2013 Apu\u00e9stele a sus Sue\u00f1os\",\"url\":\"https:\/\/mdhosting.info\/loteria2023\/\",\"logo\":{\"@type\":\"ImageObject\",\"inLanguage\":\"es-CO\",\"@id\":\"https:\/\/mdhosting.info\/loteria2023\/#\/schema\/logo\/image\/\",\"url\":\"https:\/\/mdhosting.info\/loteria2023\/wp-content\/uploads\/2023\/03\/logo_main.png\",\"contentUrl\":\"https:\/\/mdhosting.info\/loteria2023\/wp-content\/uploads\/2023\/03\/logo_main.png\",\"width\":400,\"height\":103,\"caption\":\"Loter\u00eda del Tolima \u2013 Apu\u00e9stele a sus Sue\u00f1os\"},\"image\":{\"@id\":\"https:\/\/mdhosting.info\/loteria2023\/#\/schema\/logo\/image\/\"}}]}<\/script>\n<!-- \/ Yoast SEO plugin. -->","yoast_head_json":{"title":"Mecanismos y Entes de Control - Loter\u00eda del Tolima \u2013 Apu\u00e9stele a sus Sue\u00f1os","robots":{"index":"index","follow":"follow","max-snippet":"max-snippet:-1","max-image-preview":"max-image-preview:large","max-video-preview":"max-video-preview:-1"},"canonical":"https:\/\/mdhosting.info\/loteria2023\/mecanismos-y-entes-de-control\/","og_locale":"es_ES","og_type":"article","og_title":"Mecanismos y Entes de Control - Loter\u00eda del Tolima \u2013 Apu\u00e9stele a sus Sue\u00f1os","og_description":"MECANISMOS Y ENTES DE CONTROL Entidades de control que vigilan la Loteria del Tolima: Contralor\u00eda Departamental del Tolima Piso 7\u00b0 Edificio Gobernaci\u00f3n del Tolima Tel\u00e9fono: 2625510 Procuradur\u00eda Departamental del Tolima Carrera 4a No.11-40 Piso 5\u00b0 Oficina 501-502 Tel\u00e9fono: 2636001-2618117 Secretar\u00eda de Salud del Tolima Piso 10\u00b0 Edificio Gobernaci\u00f3n del Tolima Tel\u00e9fono: 2610818 &#8211; 2611111 Sitio [&hellip;]","og_url":"https:\/\/mdhosting.info\/loteria2023\/mecanismos-y-entes-de-control\/","og_site_name":"Loter\u00eda del Tolima \u2013 Apu\u00e9stele a sus Sue\u00f1os","og_image":[{"url":"https:\/\/loteriadeltolima.com\/nuevo\/wp-content\/uploads\/2021\/01\/contraloria-tolima-01.jpg"}],"twitter_card":"summary_large_image","twitter_misc":{"Tiempo de lectura":"1 minuto"},"schema":{"@context":"https:\/\/schema.org","@graph":[{"@type":"WebPage","@id":"https:\/\/mdhosting.info\/loteria2023\/mecanismos-y-entes-de-control\/","url":"https:\/\/mdhosting.info\/loteria2023\/mecanismos-y-entes-de-control\/","name":"Mecanismos y Entes de Control - Loter\u00eda del Tolima \u2013 Apu\u00e9stele a sus Sue\u00f1os","isPartOf":{"@id":"https:\/\/mdhosting.info\/loteria2023\/#website"},"primaryImageOfPage":{"@id":"https:\/\/mdhosting.info\/loteria2023\/mecanismos-y-entes-de-control\/#primaryimage"},"image":{"@id":"https:\/\/mdhosting.info\/loteria2023\/mecanismos-y-entes-de-control\/#primaryimage"},"thumbnailUrl":"https:\/\/loteriadeltolima.com\/nuevo\/wp-content\/uploads\/2021\/01\/contraloria-tolima-01.jpg","datePublished":"2021-01-07T20:08:41+00:00","dateModified":"2021-01-07T20:08:41+00:00","breadcrumb":{"@id":"https:\/\/mdhosting.info\/loteria2023\/mecanismos-y-entes-de-control\/#breadcrumb"},"inLanguage":"es-CO","potentialAction":[{"@type":"ReadAction","target":["https:\/\/mdhosting.info\/loteria2023\/mecanismos-y-entes-de-control\/"]}]},{"@type":"ImageObject","inLanguage":"es-CO","@id":"https:\/\/mdhosting.info\/loteria2023\/mecanismos-y-entes-de-control\/#primaryimage","url":"https:\/\/loteriadeltolima.com\/nuevo\/wp-content\/uploads\/2021\/01\/contraloria-tolima-01.jpg","contentUrl":"https:\/\/loteriadeltolima.com\/nuevo\/wp-content\/uploads\/2021\/01\/contraloria-tolima-01.jpg"},{"@type":"BreadcrumbList","@id":"https:\/\/mdhosting.info\/loteria2023\/mecanismos-y-entes-de-control\/#breadcrumb","itemListElement":[{"@type":"ListItem","position":1,"name":"Inicio","item":"https:\/\/mdhosting.info\/loteria2023\/"},{"@type":"ListItem","position":2,"name":"Mecanismos y Entes de Control"}]},{"@type":"WebSite","@id":"https:\/\/mdhosting.info\/loteria2023\/#website","url":"https:\/\/mdhosting.info\/loteria2023\/","name":"Loter\u00eda del Tolima \u2013 Apu\u00e9stele a sus Sue\u00f1os","description":"Loter\u00eda del Tolima \u2013 Apu\u00e9stele a sus Sue\u00f1os","publisher":{"@id":"https:\/\/mdhosting.info\/loteria2023\/#organization"},"potentialAction":[{"@type":"SearchAction","target":{"@type":"EntryPoint","urlTemplate":"https:\/\/mdhosting.info\/loteria2023\/?s={search_term_string}"},"query-input":"required name=search_term_string"}],"inLanguage":"es-CO"},{"@type":"Organization","@id":"https:\/\/mdhosting.info\/loteria2023\/#organization","name":"Loter\u00eda del Tolima \u2013 Apu\u00e9stele a sus Sue\u00f1os","url":"https:\/\/mdhosting.info\/loteria2023\/","logo":{"@type":"ImageObject","inLanguage":"es-CO","@id":"https:\/\/mdhosting.info\/loteria2023\/#\/schema\/logo\/image\/","url":"https:\/\/mdhosting.info\/loteria2023\/wp-content\/uploads\/2023\/03\/logo_main.png","contentUrl":"https:\/\/mdhosting.info\/loteria2023\/wp-content\/uploads\/2023\/03\/logo_main.png","width":400,"height":103,"caption":"Loter\u00eda del Tolima \u2013 Apu\u00e9stele a sus Sue\u00f1os"},"image":{"@id":"https:\/\/mdhosting.info\/loteria2023\/#\/schema\/logo\/image\/"}}]}},"jetpack_sharing_enabled":true,"_links":{"self":[{"href":"https:\/\/mdhosting.info\/loteria2023\/wp-json\/wp\/v2\/pages\/671","targetHints":{"allow":["GET"]}}],"collection":[{"href":"https:\/\/mdhosting.info\/loteria2023\/wp-json\/wp\/v2\/pages"}],"about":[{"href":"https:\/\/mdhosting.info\/loteria2023\/wp-json\/wp\/v2\/types\/page"}],"author":[{"embeddable":true,"href":"https:\/\/mdhosting.info\/loteria2023\/wp-json\/wp\/v2\/users\/2"}],"replies":[{"embeddable":true,"href":"https:\/\/mdhosting.info\/loteria2023\/wp-json\/wp\/v2\/comments?post=671"}],"version-history":[{"count":0,"href":"https:\/\/mdhosting.info\/loteria2023\/wp-json\/wp\/v2\/pages\/671\/revisions"}],"wp:attachment":[{"href":"https:\/\/mdhosting.info\/loteria2023\/wp-json\/wp\/v2\/media?parent=671"}],"curies":[{"name":"wp","href":"https:\/\/api.w.org\/{rel}","templated":true}]}}