{"id":46,"date":"2021-01-06T09:14:23","date_gmt":"2021-01-06T14:14:23","guid":{"rendered":"https:\/\/loteriadeltolima.com\/nuevo\/?page_id=46"},"modified":"2023-05-25T21:58:48","modified_gmt":"2023-05-25T21:58:48","slug":"historia","status":"publish","type":"page","link":"https:\/\/mdhosting.info\/loteria2023\/historia\/","title":{"rendered":"Historia"},"content":{"rendered":"\t\t<div data-elementor-type=\"wp-page\" data-elementor-id=\"46\" class=\"elementor elementor-46\" data-elementor-post-type=\"page\">\n\t\t\t\t<div class=\"elementor-element elementor-element-740cd305 e-flex e-con-boxed e-con e-parent\" data-id=\"740cd305\" data-element_type=\"container\" data-settings=\"{&quot;background_background&quot;:&quot;gradient&quot;}\">\n\t\t\t\t\t<div class=\"e-con-inner\">\n\t\t\t\t<div class=\"elementor-element elementor-element-6c086567 elementor-widget elementor-widget-heading\" data-id=\"6c086567\" data-element_type=\"widget\" data-widget_type=\"heading.default\">\n\t\t\t\t<div class=\"elementor-widget-container\">\n\t\t\t\t\t<h1 class=\"elementor-heading-title elementor-size-xl\">Historia<\/h1>\t\t\t\t<\/div>\n\t\t\t\t<\/div>\n\t\t\t\t\t<\/div>\n\t\t\t\t<\/div>\n\t\t\t\t<section class=\"elementor-section elementor-top-section elementor-element elementor-element-6b10939 elementor-section-boxed elementor-section-height-default elementor-section-height-default\" data-id=\"6b10939\" data-element_type=\"section\">\n\t\t\t\t\t\t<div class=\"elementor-container elementor-column-gap-default\">\n\t\t\t\t\t<div class=\"elementor-column elementor-col-100 elementor-top-column elementor-element elementor-element-356c605\" data-id=\"356c605\" data-element_type=\"column\">\n\t\t\t<div class=\"elementor-widget-wrap elementor-element-populated\">\n\t\t\t\t\t\t<div class=\"elementor-element elementor-element-b7b02b2 elementor-widget elementor-widget-text-editor\" data-id=\"b7b02b2\" data-element_type=\"widget\" data-widget_type=\"text-editor.default\">\n\t\t\t\t<div class=\"elementor-widget-container\">\n\t\t\t\t\t\t\t\t\t<p>La LOTER\u00cdA DEL TOLIMA es una entidad oficial descentralizada, del orden departamental con autonom\u00edaen manejo de los asuntos jur\u00eddicos, patrimoniales y administrativos. Los recursos obtenidos en su mayor\u00eda por la explotaci\u00f3n de los juegos de azar, por el control del juego de chance y otros ingresos. A lo largo de su historia, la Loter\u00eda del Tolima ha demostrado sus capacidades y liderazgo convirti\u00e9ndose en ejemplo para las empresas estatales en Colombia con la obtenci\u00f3n de su Certificado de Calidad.<\/p>\t\t\t\t\t\t\t\t<\/div>\n\t\t\t\t<\/div>\n\t\t\t\t<div class=\"elementor-element elementor-element-1ddc15c elementor-widget elementor-widget-heading\" data-id=\"1ddc15c\" data-element_type=\"widget\" data-widget_type=\"heading.default\">\n\t\t\t\t<div class=\"elementor-widget-container\">\n\t\t\t\t\t<h2 class=\"elementor-heading-title elementor-size-default\">1925<\/h2>\t\t\t\t<\/div>\n\t\t\t\t<\/div>\n\t\t\t\t<div class=\"elementor-element elementor-element-df95d8c elementor-widget elementor-widget-text-editor\" data-id=\"df95d8c\" data-element_type=\"widget\" data-widget_type=\"text-editor.default\">\n\t\t\t\t<div class=\"elementor-widget-container\">\n\t\t\t\t\t\t\t\t\t<p>Utilizando las facultades otorgadas por el Gobierno Nacional en esta ley, mediante la Ordenanza 17 de 1925, el Gobierno Departamental crea la loter\u00eda denominada &#8220;Loter\u00eda de Beneficencia del Tolima&#8221;, a fin de constituir una nueva renta Departamental cuyo producto era destinado en su totalidad a la asistencia p\u00fablica, estableciendo las funciones de la Junta Directiva as\u00ed como la contrataci\u00f3n de la Loter\u00eda. Esta Ordenanza dispon\u00eda que la explotaci\u00f3n de la loter\u00eda se pod\u00eda efectuar a trav\u00e9s de terceros para lo cual se deb\u00eda suscribir un contrato para este fin. Se resalta como dato curioso, que desde dicha \u00e9poca el impuesto a Loter\u00edas for\u00e1neas, ha estado en el 10% y la renta que se percib\u00eda era un porcentaje sobre la emisi\u00f3n de loter\u00eda.<\/p>\t\t\t\t\t\t\t\t<\/div>\n\t\t\t\t<\/div>\n\t\t\t\t<div class=\"elementor-element elementor-element-b43add8 elementor-widget elementor-widget-heading\" data-id=\"b43add8\" data-element_type=\"widget\" data-widget_type=\"heading.default\">\n\t\t\t\t<div class=\"elementor-widget-container\">\n\t\t\t\t\t<h2 class=\"elementor-heading-title elementor-size-default\">1938<\/h2>\t\t\t\t<\/div>\n\t\t\t\t<\/div>\n\t\t\t\t<div class=\"elementor-element elementor-element-51df5d7 elementor-widget elementor-widget-text-editor\" data-id=\"51df5d7\" data-element_type=\"widget\" data-widget_type=\"text-editor.default\">\n\t\t\t\t<div class=\"elementor-widget-container\">\n\t\t\t\t\t\t\t\t\t<p>Las Juntas de Beneficencia ten\u00edan atribuida la administraci\u00f3n de las Loter\u00edas cuyo establecimiento y explotaci\u00f3n fue otorgado a los departamentos por la ley 64 de 1923; en algunos de ellos se organiz\u00f3 en agencias especiales para explotar ese arbitrio rent\u00edstico. Por la finalidad especifica que cumpl\u00edan estas entidades, fueron puestas por la Ley bajo el control y vigilancia del Gobierno Nacional. En efecto de acuerdo con la ley 64 de 1923, el producto de las Loter\u00edas debe destinarse a la asistencia p\u00fablica y, por ello, la ley 93 de 1938, ya citada a prop\u00f3sito de las Juntas de Beneficencia, prev\u00e9 que las juntas a cuyo cargo est\u00e9 su administraci\u00f3n se sujetar\u00e1n a la vigilancia gubernamental.<\/p>\t\t\t\t\t\t\t\t<\/div>\n\t\t\t\t<\/div>\n\t\t\t\t<div class=\"elementor-element elementor-element-7173f7b elementor-widget elementor-widget-heading\" data-id=\"7173f7b\" data-element_type=\"widget\" data-widget_type=\"heading.default\">\n\t\t\t\t<div class=\"elementor-widget-container\">\n\t\t\t\t\t<h2 class=\"elementor-heading-title elementor-size-default\">1968 \nHistoria Loter\u00eda - \nDecreto Ley 1050 de 1968<\/h2>\t\t\t\t<\/div>\n\t\t\t\t<\/div>\n\t\t\t\t<div class=\"elementor-element elementor-element-25fe108 elementor-widget elementor-widget-text-editor\" data-id=\"25fe108\" data-element_type=\"widget\" data-widget_type=\"text-editor.default\">\n\t\t\t\t<div class=\"elementor-widget-container\">\n\t\t\t\t\t\t\t\t\t<p>Se encontraba dispuesto en el art. 5\u00b0 de este Decreto Ley, que igualmente contin\u00faa previsto en el art. 253 del C\u00f3digo de R\u00e9gimen Departamental y en art\u00edculo 70 de la ley 489 de 1998; que los establecimientos p\u00fablicos, como acontece con la Beneficencia del Tolima, son organismos que se encargan principalmente de atender funciones administrativas y de prestar servicios p\u00fablicos. Esta caracter\u00edstica no responde, hoy por hoy, a las actividades que adelanta dicha entidad, las cuales son de estricto orden comercial, ri\u00f1endo de esta forma, con la realidad legal; adem\u00e1s por que el objeto de \u00e9sta, la lleva hacer parte de un mercado con elevadas exigencias comerciales, que, por ende, imponen y hacen dispendioso, para el buen desarrollo y funcionalidad de esta entidad, su adecuaci\u00f3n acorde con estos pilares, tanto en su estructura, como en su naturaleza jur\u00eddica, flexibilizando as\u00ed su funcionamiento.<\/p>\t\t\t\t\t\t\t\t<\/div>\n\t\t\t\t<\/div>\n\t\t\t\t<div class=\"elementor-element elementor-element-c1486fb elementor-widget elementor-widget-heading\" data-id=\"c1486fb\" data-element_type=\"widget\" data-widget_type=\"heading.default\">\n\t\t\t\t<div class=\"elementor-widget-container\">\n\t\t\t\t\t<h2 class=\"elementor-heading-title elementor-size-default\">1974<\/h2>\t\t\t\t<\/div>\n\t\t\t\t<\/div>\n\t\t\t\t<div class=\"elementor-element elementor-element-4ea7e44 elementor-widget elementor-widget-text-editor\" data-id=\"4ea7e44\" data-element_type=\"widget\" data-widget_type=\"text-editor.default\">\n\t\t\t\t<div class=\"elementor-widget-container\">\n\t\t\t\t\t\t\t\t\t<p>Mediante el Decreto Departamental 634 DE 1974, le es reconocido a la Beneficencia del Tolima el estatus de Establecimiento P\u00fablico Descentralizado del orden Departamental, reconoci\u00e9ndole personer\u00eda jur\u00eddica y administrativa; el destino de la renta contin\u00faa asignado a la asistencia p\u00fablica, adicion\u00e1ndose los sectores de la salubridad social y hospitalaria.<\/p>\t\t\t\t\t\t\t\t<\/div>\n\t\t\t\t<\/div>\n\t\t\t\t<div class=\"elementor-element elementor-element-95e1939 elementor-widget elementor-widget-heading\" data-id=\"95e1939\" data-element_type=\"widget\" data-widget_type=\"heading.default\">\n\t\t\t\t<div class=\"elementor-widget-container\">\n\t\t\t\t\t<h2 class=\"elementor-heading-title elementor-size-default\">1991 Constituci\u00f3n de 1991<\/h2>\t\t\t\t<\/div>\n\t\t\t\t<\/div>\n\t\t\t\t<div class=\"elementor-element elementor-element-83f77ad elementor-widget elementor-widget-text-editor\" data-id=\"83f77ad\" data-element_type=\"widget\" data-widget_type=\"text-editor.default\">\n\t\t\t\t<div class=\"elementor-widget-container\">\n\t\t\t\t\t\t\t\t\t<p>Se se\u00f1ala en el art. 336 de la Constituci\u00f3n Pol\u00edtica como MONOPOLIOS RENT\u00cdSTICOS DE LOS DEPARTAMENTOS que &#8220;\u2026Ning\u00fan monopolio podr\u00e1 establecerse sino como arbitrio rent\u00edstico, con una finalidad de inter\u00e9s p\u00fablico o social y en virtud de la ley&#8221;.<\/p>\t\t\t\t\t\t\t\t<\/div>\n\t\t\t\t<\/div>\n\t\t\t\t<div class=\"elementor-element elementor-element-a28e09f elementor-widget elementor-widget-heading\" data-id=\"a28e09f\" data-element_type=\"widget\" data-widget_type=\"heading.default\">\n\t\t\t\t<div class=\"elementor-widget-container\">\n\t\t\t\t\t<h2 class=\"elementor-heading-title elementor-size-default\">1993 Boleto Loter\u00eda<\/h2>\t\t\t\t<\/div>\n\t\t\t\t<\/div>\n\t\t\t\t<div class=\"elementor-element elementor-element-d262eef elementor-widget elementor-widget-text-editor\" data-id=\"d262eef\" data-element_type=\"widget\" data-widget_type=\"text-editor.default\">\n\t\t\t\t<div class=\"elementor-widget-container\">\n\t\t\t\t\t\t\t\t\t<p>Con motivo de la entrada en vigencia del nuevo texto Constitucional se debi\u00f3 implementar por el Gobierno Departamental, modificaciones sustanciales a los estatutos de \u00e9ste ente Departamental, debiendo poner \u00e9stos a tono con los mandatos se\u00f1alados en la carta Constitucional, para lo cual se expidi\u00f3 el Decreto Departamental 566 de 1993, por medio del cual se reorganiza la Beneficencia del Tolima, adscribiendo el Establecimiento P\u00fablico a la Secretar\u00eda de Salud del Tolima y acogiendo el postulado constitucional que obliga a destinar sus rentas espec\u00edficamente al Sector Salud; ordenamiento que nos rige a la fecha. Mediante el decreto 704 de 1993 se reglament\u00f3 la ley 64 de 1923 relacionada con la emisi\u00f3n de la billeter\u00eda.<\/p>\t\t\t\t\t\t\t\t<\/div>\n\t\t\t\t<\/div>\n\t\t\t\t<div class=\"elementor-element elementor-element-923803b elementor-widget elementor-widget-heading\" data-id=\"923803b\" data-element_type=\"widget\" data-widget_type=\"heading.default\">\n\t\t\t\t<div class=\"elementor-widget-container\">\n\t\t\t\t\t<h2 class=\"elementor-heading-title elementor-size-default\">2001<\/h2>\t\t\t\t<\/div>\n\t\t\t\t<\/div>\n\t\t\t\t<div class=\"elementor-element elementor-element-7c16136 elementor-widget elementor-widget-text-editor\" data-id=\"7c16136\" data-element_type=\"widget\" data-widget_type=\"text-editor.default\">\n\t\t\t\t<div class=\"elementor-widget-container\">\n\t\t\t\t\t\t\t\t\t<p>La LOTER\u00cdA DEL TOLIMA se convierte en una de las entidades del Orden Departamental en Colombia, en implantar la Directiva Presidencial 02 de 2000 en el marco del programa Gobierno en L\u00ednea y la Agenda de Conectividad. Transformaci\u00f3n de la Beneficencia del Tolima en Loter\u00eda del Tolima, Empresa Industrial y Comercial del Estado, seg\u00fan Ordenanza No. 017 del 24 de Abril de 2001.<\/p>\t\t\t\t\t\t\t\t<\/div>\n\t\t\t\t<\/div>\n\t\t\t\t<div class=\"elementor-element elementor-element-0ea60d3 elementor-widget elementor-widget-heading\" data-id=\"0ea60d3\" data-element_type=\"widget\" data-widget_type=\"heading.default\">\n\t\t\t\t<div class=\"elementor-widget-container\">\n\t\t\t\t\t<h2 class=\"elementor-heading-title elementor-size-default\">2003<\/h2>\t\t\t\t<\/div>\n\t\t\t\t<\/div>\n\t\t\t\t<div class=\"elementor-element elementor-element-2f7aece elementor-widget elementor-widget-text-editor\" data-id=\"2f7aece\" data-element_type=\"widget\" data-widget_type=\"text-editor.default\">\n\t\t\t\t<div class=\"elementor-widget-container\">\n\t\t\t\t\t\t\t\t\t<p>La LOTER\u00cdA DEL TOLIMA es la primer Loter\u00eda en Colombia en recibir la Certificaci\u00f3n ISO 9000. La Loter\u00eda del Tolima recibe la certificaci\u00f3n ISO 9000 C\u00f3digo 1707-1 para la Operaci\u00f3n del juego de la loter\u00eda en el territorio nacional y control de los juegos de apuestas permanentes de car\u00e1cter departamental. &#8211; NTC ISO 9001 &#8211; 2001.<\/p>\t\t\t\t\t\t\t\t<\/div>\n\t\t\t\t<\/div>\n\t\t\t\t\t<\/div>\n\t\t<\/div>\n\t\t\t\t\t<\/div>\n\t\t<\/section>\n\t\t\t\t<\/div>\n\t\t","protected":false},"excerpt":{"rendered":"<p>La LOTER\u00cdA DEL TOLIMA es una entidad oficial descentralizada, del orden departamental con autonom\u00edaen manejo de los asuntos jur\u00eddicos, patrimoniales y administrativos. Los recursos obtenidos en su mayor\u00eda por la explotaci\u00f3n de los juegos de azar, por el control del juego de chance y otros ingresos. A lo largo de su historia, la Loter\u00eda del [&hellip;]<\/p>\n","protected":false},"author":3,"featured_media":5712,"parent":0,"menu_order":0,"comment_status":"closed","ping_status":"closed","template":"","meta":{"site-sidebar-layout":"default","site-content-layout":"","ast-site-content-layout":"","site-content-style":"default","site-sidebar-style":"default","ast-global-header-display":"","ast-banner-title-visibility":"","ast-main-header-display":"","ast-hfb-above-header-display":"","ast-hfb-below-header-display":"","ast-hfb-mobile-header-display":"","site-post-title":"","ast-breadcrumbs-content":"","ast-featured-img":"","footer-sml-layout":"","theme-transparent-header-meta":"","adv-header-id-meta":"","stick-header-meta":"","header-above-stick-meta":"","header-main-stick-meta":"","header-below-stick-meta":"","astra-migrate-meta-layouts":"default","ast-page-background-enabled":"default","ast-page-background-meta":{"desktop":{"background-color":"var(--ast-global-color-4)","background-image":"","background-repeat":"repeat","background-position":"center center","background-size":"auto","background-attachment":"scroll","background-type":"","background-media":"","overlay-type":"","overlay-color":"","overlay-gradient":""},"tablet":{"background-color":"","background-image":"","background-repeat":"repeat","background-position":"center center","background-size":"auto","background-attachment":"scroll","background-type":"","background-media":"","overlay-type":"","overlay-color":"","overlay-gradient":""},"mobile":{"background-color":"","background-image":"","background-repeat":"repeat","background-position":"center center","background-size":"auto","background-attachment":"scroll","background-type":"","background-media":"","overlay-type":"","overlay-color":"","overlay-gradient":""}},"ast-content-background-meta":{"desktop":{"background-color":"var(--ast-global-color-5)","background-image":"","background-repeat":"repeat","background-position":"center center","background-size":"auto","background-attachment":"scroll","background-type":"","background-media":"","overlay-type":"","overlay-color":"","overlay-gradient":""},"tablet":{"background-color":"var(--ast-global-color-5)","background-image":"","background-repeat":"repeat","background-position":"center center","background-size":"auto","background-attachment":"scroll","background-type":"","background-media":"","overlay-type":"","overlay-color":"","overlay-gradient":""},"mobile":{"background-color":"var(--ast-global-color-5)","background-image":"","background-repeat":"repeat","background-position":"center center","background-size":"auto","background-attachment":"scroll","background-type":"","background-media":"","overlay-type":"","overlay-color":"","overlay-gradient":""}},"footnotes":""},"class_list":["post-46","page","type-page","status-publish","has-post-thumbnail","hentry"],"yoast_head":"<!-- This site is optimized with the Yoast SEO plugin v22.7 - https:\/\/yoast.com\/wordpress\/plugins\/seo\/ -->\n<title>Historia - Loter\u00eda del Tolima \u2013 Apu\u00e9stele a sus Sue\u00f1os<\/title>\n<meta name=\"robots\" content=\"index, follow, max-snippet:-1, max-image-preview:large, max-video-preview:-1\" \/>\n<link rel=\"canonical\" href=\"https:\/\/mdhosting.info\/loteria2023\/historia\/\" \/>\n<meta property=\"og:locale\" content=\"es_ES\" \/>\n<meta property=\"og:type\" content=\"article\" \/>\n<meta property=\"og:title\" content=\"Historia - Loter\u00eda del Tolima \u2013 Apu\u00e9stele a sus Sue\u00f1os\" \/>\n<meta property=\"og:description\" content=\"La LOTER\u00cdA DEL TOLIMA es una entidad oficial descentralizada, del orden departamental con autonom\u00edaen manejo de los asuntos jur\u00eddicos, patrimoniales y administrativos. Los recursos obtenidos en su mayor\u00eda por la explotaci\u00f3n de los juegos de azar, por el control del juego de chance y otros ingresos. A lo largo de su historia, la Loter\u00eda del [&hellip;]\" \/>\n<meta property=\"og:url\" content=\"https:\/\/mdhosting.info\/loteria2023\/historia\/\" \/>\n<meta property=\"og:site_name\" content=\"Loter\u00eda del Tolima \u2013 Apu\u00e9stele a sus Sue\u00f1os\" \/>\n<meta property=\"article:modified_time\" content=\"2023-05-25T21:58:48+00:00\" \/>\n<meta name=\"twitter:card\" content=\"summary_large_image\" \/>\n<meta name=\"twitter:label1\" content=\"Tiempo de lectura\" \/>\n\t<meta name=\"twitter:data1\" content=\"4 minutos\" \/>\n<script type=\"application\/ld+json\" class=\"yoast-schema-graph\">{\"@context\":\"https:\/\/schema.org\",\"@graph\":[{\"@type\":\"WebPage\",\"@id\":\"https:\/\/mdhosting.info\/loteria2023\/historia\/\",\"url\":\"https:\/\/mdhosting.info\/loteria2023\/historia\/\",\"name\":\"Historia - Loter\u00eda del Tolima \u2013 Apu\u00e9stele a sus Sue\u00f1os\",\"isPartOf\":{\"@id\":\"https:\/\/mdhosting.info\/loteria2023\/#website\"},\"primaryImageOfPage\":{\"@id\":\"https:\/\/mdhosting.info\/loteria2023\/historia\/#primaryimage\"},\"image\":{\"@id\":\"https:\/\/mdhosting.info\/loteria2023\/historia\/#primaryimage\"},\"thumbnailUrl\":\"\",\"datePublished\":\"2021-01-06T14:14:23+00:00\",\"dateModified\":\"2023-05-25T21:58:48+00:00\",\"breadcrumb\":{\"@id\":\"https:\/\/mdhosting.info\/loteria2023\/historia\/#breadcrumb\"},\"inLanguage\":\"es-CO\",\"potentialAction\":[{\"@type\":\"ReadAction\",\"target\":[\"https:\/\/mdhosting.info\/loteria2023\/historia\/\"]}]},{\"@type\":\"ImageObject\",\"inLanguage\":\"es-CO\",\"@id\":\"https:\/\/mdhosting.info\/loteria2023\/historia\/#primaryimage\",\"url\":\"\",\"contentUrl\":\"\"},{\"@type\":\"BreadcrumbList\",\"@id\":\"https:\/\/mdhosting.info\/loteria2023\/historia\/#breadcrumb\",\"itemListElement\":[{\"@type\":\"ListItem\",\"position\":1,\"name\":\"Inicio\",\"item\":\"https:\/\/mdhosting.info\/loteria2023\/\"},{\"@type\":\"ListItem\",\"position\":2,\"name\":\"Historia\"}]},{\"@type\":\"WebSite\",\"@id\":\"https:\/\/mdhosting.info\/loteria2023\/#website\",\"url\":\"https:\/\/mdhosting.info\/loteria2023\/\",\"name\":\"Loter\u00eda del Tolima \u2013 Apu\u00e9stele a sus Sue\u00f1os\",\"description\":\"Loter\u00eda del Tolima \u2013 Apu\u00e9stele a sus Sue\u00f1os\",\"publisher\":{\"@id\":\"https:\/\/mdhosting.info\/loteria2023\/#organization\"},\"potentialAction\":[{\"@type\":\"SearchAction\",\"target\":{\"@type\":\"EntryPoint\",\"urlTemplate\":\"https:\/\/mdhosting.info\/loteria2023\/?s={search_term_string}\"},\"query-input\":\"required name=search_term_string\"}],\"inLanguage\":\"es-CO\"},{\"@type\":\"Organization\",\"@id\":\"https:\/\/mdhosting.info\/loteria2023\/#organization\",\"name\":\"Loter\u00eda del Tolima \u2013 Apu\u00e9stele a sus Sue\u00f1os\",\"url\":\"https:\/\/mdhosting.info\/loteria2023\/\",\"logo\":{\"@type\":\"ImageObject\",\"inLanguage\":\"es-CO\",\"@id\":\"https:\/\/mdhosting.info\/loteria2023\/#\/schema\/logo\/image\/\",\"url\":\"https:\/\/mdhosting.info\/loteria2023\/wp-content\/uploads\/2023\/03\/logo_main.png\",\"contentUrl\":\"https:\/\/mdhosting.info\/loteria2023\/wp-content\/uploads\/2023\/03\/logo_main.png\",\"width\":400,\"height\":103,\"caption\":\"Loter\u00eda del Tolima \u2013 Apu\u00e9stele a sus Sue\u00f1os\"},\"image\":{\"@id\":\"https:\/\/mdhosting.info\/loteria2023\/#\/schema\/logo\/image\/\"}}]}<\/script>\n<!-- \/ Yoast SEO plugin. -->","yoast_head_json":{"title":"Historia - Loter\u00eda del Tolima \u2013 Apu\u00e9stele a sus Sue\u00f1os","robots":{"index":"index","follow":"follow","max-snippet":"max-snippet:-1","max-image-preview":"max-image-preview:large","max-video-preview":"max-video-preview:-1"},"canonical":"https:\/\/mdhosting.info\/loteria2023\/historia\/","og_locale":"es_ES","og_type":"article","og_title":"Historia - Loter\u00eda del Tolima \u2013 Apu\u00e9stele a sus Sue\u00f1os","og_description":"La LOTER\u00cdA DEL TOLIMA es una entidad oficial descentralizada, del orden departamental con autonom\u00edaen manejo de los asuntos jur\u00eddicos, patrimoniales y administrativos. Los recursos obtenidos en su mayor\u00eda por la explotaci\u00f3n de los juegos de azar, por el control del juego de chance y otros ingresos. A lo largo de su historia, la Loter\u00eda del [&hellip;]","og_url":"https:\/\/mdhosting.info\/loteria2023\/historia\/","og_site_name":"Loter\u00eda del Tolima \u2013 Apu\u00e9stele a sus Sue\u00f1os","article_modified_time":"2023-05-25T21:58:48+00:00","twitter_card":"summary_large_image","twitter_misc":{"Tiempo de lectura":"4 minutos"},"schema":{"@context":"https:\/\/schema.org","@graph":[{"@type":"WebPage","@id":"https:\/\/mdhosting.info\/loteria2023\/historia\/","url":"https:\/\/mdhosting.info\/loteria2023\/historia\/","name":"Historia - Loter\u00eda del Tolima \u2013 Apu\u00e9stele a sus Sue\u00f1os","isPartOf":{"@id":"https:\/\/mdhosting.info\/loteria2023\/#website"},"primaryImageOfPage":{"@id":"https:\/\/mdhosting.info\/loteria2023\/historia\/#primaryimage"},"image":{"@id":"https:\/\/mdhosting.info\/loteria2023\/historia\/#primaryimage"},"thumbnailUrl":"","datePublished":"2021-01-06T14:14:23+00:00","dateModified":"2023-05-25T21:58:48+00:00","breadcrumb":{"@id":"https:\/\/mdhosting.info\/loteria2023\/historia\/#breadcrumb"},"inLanguage":"es-CO","potentialAction":[{"@type":"ReadAction","target":["https:\/\/mdhosting.info\/loteria2023\/historia\/"]}]},{"@type":"ImageObject","inLanguage":"es-CO","@id":"https:\/\/mdhosting.info\/loteria2023\/historia\/#primaryimage","url":"","contentUrl":""},{"@type":"BreadcrumbList","@id":"https:\/\/mdhosting.info\/loteria2023\/historia\/#breadcrumb","itemListElement":[{"@type":"ListItem","position":1,"name":"Inicio","item":"https:\/\/mdhosting.info\/loteria2023\/"},{"@type":"ListItem","position":2,"name":"Historia"}]},{"@type":"WebSite","@id":"https:\/\/mdhosting.info\/loteria2023\/#website","url":"https:\/\/mdhosting.info\/loteria2023\/","name":"Loter\u00eda del Tolima \u2013 Apu\u00e9stele a sus Sue\u00f1os","description":"Loter\u00eda del Tolima \u2013 Apu\u00e9stele a sus Sue\u00f1os","publisher":{"@id":"https:\/\/mdhosting.info\/loteria2023\/#organization"},"potentialAction":[{"@type":"SearchAction","target":{"@type":"EntryPoint","urlTemplate":"https:\/\/mdhosting.info\/loteria2023\/?s={search_term_string}"},"query-input":"required name=search_term_string"}],"inLanguage":"es-CO"},{"@type":"Organization","@id":"https:\/\/mdhosting.info\/loteria2023\/#organization","name":"Loter\u00eda del Tolima \u2013 Apu\u00e9stele a sus Sue\u00f1os","url":"https:\/\/mdhosting.info\/loteria2023\/","logo":{"@type":"ImageObject","inLanguage":"es-CO","@id":"https:\/\/mdhosting.info\/loteria2023\/#\/schema\/logo\/image\/","url":"https:\/\/mdhosting.info\/loteria2023\/wp-content\/uploads\/2023\/03\/logo_main.png","contentUrl":"https:\/\/mdhosting.info\/loteria2023\/wp-content\/uploads\/2023\/03\/logo_main.png","width":400,"height":103,"caption":"Loter\u00eda del Tolima \u2013 Apu\u00e9stele a sus Sue\u00f1os"},"image":{"@id":"https:\/\/mdhosting.info\/loteria2023\/#\/schema\/logo\/image\/"}}]}},"jetpack_sharing_enabled":true,"_links":{"self":[{"href":"https:\/\/mdhosting.info\/loteria2023\/wp-json\/wp\/v2\/pages\/46","targetHints":{"allow":["GET"]}}],"collection":[{"href":"https:\/\/mdhosting.info\/loteria2023\/wp-json\/wp\/v2\/pages"}],"about":[{"href":"https:\/\/mdhosting.info\/loteria2023\/wp-json\/wp\/v2\/types\/page"}],"author":[{"embeddable":true,"href":"https:\/\/mdhosting.info\/loteria2023\/wp-json\/wp\/v2\/users\/3"}],"replies":[{"embeddable":true,"href":"https:\/\/mdhosting.info\/loteria2023\/wp-json\/wp\/v2\/comments?post=46"}],"version-history":[{"count":16,"href":"https:\/\/mdhosting.info\/loteria2023\/wp-json\/wp\/v2\/pages\/46\/revisions"}],"predecessor-version":[{"id":24428,"href":"https:\/\/mdhosting.info\/loteria2023\/wp-json\/wp\/v2\/pages\/46\/revisions\/24428"}],"wp:featuredmedia":[{"embeddable":true,"href":"https:\/\/mdhosting.info\/loteria2023\/wp-json\/"}],"wp:attachment":[{"href":"https:\/\/mdhosting.info\/loteria2023\/wp-json\/wp\/v2\/media?parent=46"}],"curies":[{"name":"wp","href":"https:\/\/api.w.org\/{rel}","templated":true}]}}