{"id":3863,"date":"2021-05-20T11:57:11","date_gmt":"2021-05-20T16:57:11","guid":{"rendered":"https:\/\/loteriadeltolima.com\/nuevo\/?page_id=3863"},"modified":"2023-06-02T09:17:57","modified_gmt":"2023-06-02T14:17:57","slug":"entes-de-control-que-vigilan-a-la-entidad","status":"publish","type":"page","link":"https:\/\/mdhosting.info\/loteria2023\/transparencia-y-acceso-a-la-informacion-publica\/entes-de-control-que-vigilan-a-la-entidad\/","title":{"rendered":"Entes de control que vigilan a la entidad"},"content":{"rendered":"\t\t<div data-elementor-type=\"wp-page\" data-elementor-id=\"3863\" class=\"elementor elementor-3863\" data-elementor-post-type=\"page\">\n\t\t\t\t<div class=\"elementor-element elementor-element-696581cd e-flex e-con-boxed e-con e-parent\" data-id=\"696581cd\" data-element_type=\"container\">\n\t\t\t\t\t<div class=\"e-con-inner\">\n\t\t\t\t<div class=\"elementor-element elementor-element-21768c47 elementor-widget elementor-widget-heading\" data-id=\"21768c47\" data-element_type=\"widget\" data-widget_type=\"heading.default\">\n\t\t\t\t<div class=\"elementor-widget-container\">\n\t\t\t\t\t<h2 class=\"elementor-heading-title elementor-size-default\">Entes de control que vigilan a la entidad<\/h2>\t\t\t\t<\/div>\n\t\t\t\t<\/div>\n\t\t\t\t\t<\/div>\n\t\t\t\t<\/div>\n\t\t\t\t<section class=\"elementor-section elementor-top-section elementor-element elementor-element-d374b40 elementor-section-boxed elementor-section-height-default elementor-section-height-default\" data-id=\"d374b40\" data-element_type=\"section\">\n\t\t\t\t\t\t<div class=\"elementor-container elementor-column-gap-default\">\n\t\t\t\t\t<div class=\"elementor-column elementor-col-100 elementor-top-column elementor-element elementor-element-32b7fd2\" data-id=\"32b7fd2\" data-element_type=\"column\">\n\t\t\t<div class=\"elementor-widget-wrap elementor-element-populated\">\n\t\t\t\t\t\t<div class=\"elementor-element elementor-element-ce299c5 elementor-widget elementor-widget-text-editor\" data-id=\"ce299c5\" data-element_type=\"widget\" data-widget_type=\"text-editor.default\">\n\t\t\t\t<div class=\"elementor-widget-container\">\n\t\t\t\t\t\t\t\t\t<p>Entidades de control que vigilan la Loteria del Tolima:<\/p>\t\t\t\t\t\t\t\t<\/div>\n\t\t\t\t<\/div>\n\t\t\t\t\t<\/div>\n\t\t<\/div>\n\t\t\t\t\t<\/div>\n\t\t<\/section>\n\t\t\t\t<section class=\"elementor-section elementor-top-section elementor-element elementor-element-5259137 elementor-section-boxed elementor-section-height-default elementor-section-height-default\" data-id=\"5259137\" data-element_type=\"section\">\n\t\t\t\t\t\t<div class=\"elementor-container elementor-column-gap-default\">\n\t\t\t\t\t<div class=\"elementor-column elementor-col-50 elementor-top-column elementor-element elementor-element-0419f2e\" data-id=\"0419f2e\" data-element_type=\"column\">\n\t\t\t<div class=\"elementor-widget-wrap elementor-element-populated\">\n\t\t\t\t\t\t<div class=\"elementor-element elementor-element-cfb5793 elementor-position-top elementor-widget elementor-widget-image-box\" data-id=\"cfb5793\" data-element_type=\"widget\" data-widget_type=\"image-box.default\">\n\t\t\t\t<div class=\"elementor-widget-container\">\n\t\t\t\t\t<div class=\"elementor-image-box-wrapper\"><figure class=\"elementor-image-box-img\"><img decoding=\"async\" width=\"186\" height=\"186\" src=\"https:\/\/mdhosting.info\/loteria2023\/wp-content\/uploads\/2023\/02\/contraloria-tolima-01.jpg\" class=\"attachment-full size-full wp-image-18402\" alt=\"\" srcset=\"https:\/\/mdhosting.info\/loteria2023\/wp-content\/uploads\/2023\/02\/contraloria-tolima-01.jpg 186w, https:\/\/mdhosting.info\/loteria2023\/wp-content\/uploads\/2023\/02\/contraloria-tolima-01-150x150.jpg 150w\" sizes=\"(max-width: 186px) 100vw, 186px\" \/><\/figure><div class=\"elementor-image-box-content\"><h3 class=\"elementor-image-box-title\">Contralor\u00eda Departamental del Tolima<\/h3><p class=\"elementor-image-box-description\"><strong>Direcci\u00f3n:<\/strong>\tCra 3 entre calle #10 y 11 edificio de la Gobernaci\u00f3n del Tolima<br>\n<strong>Link:<\/strong>\t\t<a href=\"www.contraloriatolima.gov.co\" target=\"_blank\">www.contraloriatolima.gov.co<\/a><br>\n<strong>Tel\u00e9fono:<\/strong>\t(+57) (608) 261 1167 - 261 1169<\/p><\/div><\/div>\t\t\t\t<\/div>\n\t\t\t\t<\/div>\n\t\t\t\t\t<\/div>\n\t\t<\/div>\n\t\t\t\t<div class=\"elementor-column elementor-col-50 elementor-top-column elementor-element elementor-element-5223c73\" data-id=\"5223c73\" data-element_type=\"column\">\n\t\t\t<div class=\"elementor-widget-wrap elementor-element-populated\">\n\t\t\t\t\t\t<section class=\"elementor-section elementor-inner-section elementor-element elementor-element-3452fa4 elementor-section-boxed elementor-section-height-default elementor-section-height-default\" data-id=\"3452fa4\" data-element_type=\"section\">\n\t\t\t\t\t\t<div class=\"elementor-container elementor-column-gap-default\">\n\t\t\t\t\t<div class=\"elementor-column elementor-col-100 elementor-inner-column elementor-element elementor-element-2bd16e7\" data-id=\"2bd16e7\" data-element_type=\"column\">\n\t\t\t<div class=\"elementor-widget-wrap elementor-element-populated\">\n\t\t\t\t\t\t<div class=\"elementor-element elementor-element-55ad868 elementor-widget elementor-widget-spacer\" data-id=\"55ad868\" data-element_type=\"widget\" data-widget_type=\"spacer.default\">\n\t\t\t\t<div class=\"elementor-widget-container\">\n\t\t\t\t\t\t\t<div class=\"elementor-spacer\">\n\t\t\t<div class=\"elementor-spacer-inner\"><\/div>\n\t\t<\/div>\n\t\t\t\t\t\t<\/div>\n\t\t\t\t<\/div>\n\t\t\t\t\t<\/div>\n\t\t<\/div>\n\t\t\t\t\t<\/div>\n\t\t<\/section>\n\t\t\t\t<div class=\"elementor-element elementor-element-2012257 elementor-position-top elementor-widget elementor-widget-image-box\" data-id=\"2012257\" data-element_type=\"widget\" data-widget_type=\"image-box.default\">\n\t\t\t\t<div class=\"elementor-widget-container\">\n\t\t\t\t\t<div class=\"elementor-image-box-wrapper\"><figure class=\"elementor-image-box-img\"><img fetchpriority=\"high\" decoding=\"async\" width=\"300\" height=\"168\" src=\"https:\/\/mdhosting.info\/loteria2023\/wp-content\/uploads\/2023\/02\/cnjsa-300x168-1.jpg\" class=\"attachment-full size-full wp-image-18403\" alt=\"\" \/><\/figure><div class=\"elementor-image-box-content\"><h3 class=\"elementor-image-box-title\">Consejo nacional de juegos de suerte y azar  - CNJSA <\/h3><p class=\"elementor-image-box-description\"><strong>Direcci\u00f3n:<\/strong>\tCra 11 No. 93A - 85 Bogot\u00e1 D.C, Colombia<br>\n<strong>Link:<\/strong>\t\t<a href=\"www.cnjsa.coljuegos.gov.co\/\" target=\"_blank\">www.cnjsa.coljuegos.gov.co\/<\/a><br>\n<strong>Tel\u00e9fono:<\/strong>\t(+57) (601) 742 0698\n<\/p><\/div><\/div>\t\t\t\t<\/div>\n\t\t\t\t<\/div>\n\t\t\t\t\t<\/div>\n\t\t<\/div>\n\t\t\t\t\t<\/div>\n\t\t<\/section>\n\t\t\t\t<section class=\"elementor-section elementor-top-section elementor-element elementor-element-c2376e4 elementor-section-boxed elementor-section-height-default elementor-section-height-default\" data-id=\"c2376e4\" data-element_type=\"section\">\n\t\t\t\t\t\t<div class=\"elementor-container elementor-column-gap-default\">\n\t\t\t\t\t<div class=\"elementor-column elementor-col-100 elementor-top-column elementor-element elementor-element-85bd458\" data-id=\"85bd458\" data-element_type=\"column\">\n\t\t\t<div class=\"elementor-widget-wrap elementor-element-populated\">\n\t\t\t\t\t\t<div class=\"elementor-element elementor-element-70ea585 elementor-widget-divider--view-line elementor-widget elementor-widget-divider\" data-id=\"70ea585\" data-element_type=\"widget\" data-widget_type=\"divider.default\">\n\t\t\t\t<div class=\"elementor-widget-container\">\n\t\t\t\t\t\t\t<div class=\"elementor-divider\">\n\t\t\t<span class=\"elementor-divider-separator\">\n\t\t\t\t\t\t<\/span>\n\t\t<\/div>\n\t\t\t\t\t\t<\/div>\n\t\t\t\t<\/div>\n\t\t\t\t\t<\/div>\n\t\t<\/div>\n\t\t\t\t\t<\/div>\n\t\t<\/section>\n\t\t\t\t<section class=\"elementor-section elementor-top-section elementor-element elementor-element-6151537 elementor-section-boxed elementor-section-height-default elementor-section-height-default\" data-id=\"6151537\" data-element_type=\"section\">\n\t\t\t\t\t\t<div class=\"elementor-container elementor-column-gap-default\">\n\t\t\t\t\t<div class=\"elementor-column elementor-col-50 elementor-top-column elementor-element elementor-element-d4ef723\" data-id=\"d4ef723\" data-element_type=\"column\">\n\t\t\t<div class=\"elementor-widget-wrap elementor-element-populated\">\n\t\t\t\t\t\t<div class=\"elementor-element elementor-element-77ae939 elementor-position-top elementor-widget elementor-widget-image-box\" data-id=\"77ae939\" data-element_type=\"widget\" data-widget_type=\"image-box.default\">\n\t\t\t\t<div class=\"elementor-widget-container\">\n\t\t\t\t\t<div class=\"elementor-image-box-wrapper\"><figure class=\"elementor-image-box-img\"><img decoding=\"async\" width=\"265\" height=\"186\" src=\"https:\/\/mdhosting.info\/loteria2023\/wp-content\/uploads\/2023\/02\/supersalud.jpg\" class=\"attachment-full size-full wp-image-18404\" alt=\"\" \/><\/figure><div class=\"elementor-image-box-content\"><h3 class=\"elementor-image-box-title\">Superintendencia Nacional de Salud<\/h3><p class=\"elementor-image-box-description\"><strong>Direcci\u00f3n:<\/strong>\tAV. Ciudad de Cali N\u00b0 51-66 Bogot\u00e1<br>\n<strong>Link:<\/strong>\t\t<a href=\"www.supersalud.gov.co\" target=\"_blank\">www.supersalud.gov.co<\/a><br>\n<strong>Tel\u00e9fono:<\/strong>\t(+57)(601) 4817000\n<\/p><\/div><\/div>\t\t\t\t<\/div>\n\t\t\t\t<\/div>\n\t\t\t\t\t<\/div>\n\t\t<\/div>\n\t\t\t\t<div class=\"elementor-column elementor-col-50 elementor-top-column elementor-element elementor-element-3a98ff5\" data-id=\"3a98ff5\" data-element_type=\"column\">\n\t\t\t<div class=\"elementor-widget-wrap elementor-element-populated\">\n\t\t\t\t\t\t<div class=\"elementor-element elementor-element-d99a066 elementor-widget elementor-widget-spacer\" data-id=\"d99a066\" data-element_type=\"widget\" data-widget_type=\"spacer.default\">\n\t\t\t\t<div class=\"elementor-widget-container\">\n\t\t\t\t\t\t\t<div class=\"elementor-spacer\">\n\t\t\t<div class=\"elementor-spacer-inner\"><\/div>\n\t\t<\/div>\n\t\t\t\t\t\t<\/div>\n\t\t\t\t<\/div>\n\t\t\t\t<div class=\"elementor-element elementor-element-77b5d21 elementor-position-top elementor-widget elementor-widget-image-box\" data-id=\"77b5d21\" data-element_type=\"widget\" data-widget_type=\"image-box.default\">\n\t\t\t\t<div class=\"elementor-widget-container\">\n\t\t\t\t\t<div class=\"elementor-image-box-wrapper\"><figure class=\"elementor-image-box-img\"><img loading=\"lazy\" decoding=\"async\" width=\"150\" height=\"27\" src=\"https:\/\/mdhosting.info\/loteria2023\/wp-content\/uploads\/2023\/02\/contaduria.jpg\" class=\"attachment-thumbnail size-thumbnail wp-image-18405\" alt=\"\" \/><\/figure><div class=\"elementor-image-box-content\"><h3 class=\"elementor-image-box-title\">Contadur\u00eda General de la Naci\u00f3n<\/h3><p class=\"elementor-image-box-description\"><strong>Direcci\u00f3n:<\/strong>\tCalle 26 No 69 - 76, Edificio Elemento\nTorre 1 (Aire) - Pisos 3 y 15, Bogot\u00e1 D.C., Colombia\n<br>\n<strong>Link:<\/strong>\t\t<a href=\"https:\/\/www.contaduria.gov.co\/\" target=\"_blank\">https:\/\/www.contaduria.gov.co\/<\/a><br>\n<strong>Tel\u00e9fono:<\/strong>\t(+57)(601) 492 64 00\n<\/p><\/div><\/div>\t\t\t\t<\/div>\n\t\t\t\t<\/div>\n\t\t\t\t\t<\/div>\n\t\t<\/div>\n\t\t\t\t\t<\/div>\n\t\t<\/section>\n\t\t\t\t<\/div>\n\t\t","protected":false},"excerpt":{"rendered":"<p>Entidades de control que vigilan la Loteria del Tolima: Contralor\u00eda Departamental del Tolima Direcci\u00f3n: Cra 3 entre calle #10 y 11 edificio de la Gobernaci\u00f3n del Tolima Link: www.contraloriatolima.gov.co Tel\u00e9fono: (+57) (608) 261 1167 &#8211; 261 1169 Consejo nacional de juegos de suerte y azar &#8211; CNJSA Direcci\u00f3n: Cra 11 No. 93A &#8211; 85 Bogot\u00e1 [&hellip;]<\/p>\n","protected":false},"author":2,"featured_media":0,"parent":16181,"menu_order":0,"comment_status":"closed","ping_status":"closed","template":"","meta":{"site-sidebar-layout":"default","site-content-layout":"","ast-site-content-layout":"","site-content-style":"default","site-sidebar-style":"default","ast-global-header-display":"","ast-banner-title-visibility":"","ast-main-header-display":"","ast-hfb-above-header-display":"","ast-hfb-below-header-display":"","ast-hfb-mobile-header-display":"","site-post-title":"","ast-breadcrumbs-content":"","ast-featured-img":"","footer-sml-layout":"","theme-transparent-header-meta":"","adv-header-id-meta":"","stick-header-meta":"","header-above-stick-meta":"","header-main-stick-meta":"","header-below-stick-meta":"","astra-migrate-meta-layouts":"default","ast-page-background-enabled":"default","ast-page-background-meta":{"desktop":{"background-color":"var(--ast-global-color-4)","background-image":"","background-repeat":"repeat","background-position":"center center","background-size":"auto","background-attachment":"scroll","background-type":"","background-media":"","overlay-type":"","overlay-color":"","overlay-gradient":""},"tablet":{"background-color":"","background-image":"","background-repeat":"repeat","background-position":"center center","background-size":"auto","background-attachment":"scroll","background-type":"","background-media":"","overlay-type":"","overlay-color":"","overlay-gradient":""},"mobile":{"background-color":"","background-image":"","background-repeat":"repeat","background-position":"center center","background-size":"auto","background-attachment":"scroll","background-type":"","background-media":"","overlay-type":"","overlay-color":"","overlay-gradient":""}},"ast-content-background-meta":{"desktop":{"background-color":"var(--ast-global-color-5)","background-image":"","background-repeat":"repeat","background-position":"center center","background-size":"auto","background-attachment":"scroll","background-type":"","background-media":"","overlay-type":"","overlay-color":"","overlay-gradient":""},"tablet":{"background-color":"var(--ast-global-color-5)","background-image":"","background-repeat":"repeat","background-position":"center center","background-size":"auto","background-attachment":"scroll","background-type":"","background-media":"","overlay-type":"","overlay-color":"","overlay-gradient":""},"mobile":{"background-color":"var(--ast-global-color-5)","background-image":"","background-repeat":"repeat","background-position":"center center","background-size":"auto","background-attachment":"scroll","background-type":"","background-media":"","overlay-type":"","overlay-color":"","overlay-gradient":""}},"footnotes":""},"class_list":["post-3863","page","type-page","status-publish","hentry"],"yoast_head":"<!-- This site is optimized with the Yoast SEO plugin v22.7 - https:\/\/yoast.com\/wordpress\/plugins\/seo\/ -->\n<title>Entes de control que vigilan a la entidad - Loter\u00eda del Tolima \u2013 Apu\u00e9stele a sus Sue\u00f1os<\/title>\n<meta name=\"robots\" content=\"index, follow, max-snippet:-1, max-image-preview:large, max-video-preview:-1\" \/>\n<link rel=\"canonical\" href=\"https:\/\/mdhosting.info\/loteria2023\/transparencia-y-acceso-a-la-informacion-publica\/entes-de-control-que-vigilan-a-la-entidad\/\" \/>\n<meta property=\"og:locale\" content=\"es_ES\" \/>\n<meta property=\"og:type\" content=\"article\" \/>\n<meta property=\"og:title\" content=\"Entes de control que vigilan a la entidad - Loter\u00eda del Tolima \u2013 Apu\u00e9stele a sus Sue\u00f1os\" \/>\n<meta property=\"og:description\" content=\"Entidades de control que vigilan la Loteria del Tolima: Contralor\u00eda Departamental del Tolima Direcci\u00f3n: Cra 3 entre calle #10 y 11 edificio de la Gobernaci\u00f3n del Tolima Link: www.contraloriatolima.gov.co Tel\u00e9fono: (+57) (608) 261 1167 &#8211; 261 1169 Consejo nacional de juegos de suerte y azar &#8211; CNJSA Direcci\u00f3n: Cra 11 No. 93A &#8211; 85 Bogot\u00e1 [&hellip;]\" \/>\n<meta property=\"og:url\" content=\"https:\/\/mdhosting.info\/loteria2023\/transparencia-y-acceso-a-la-informacion-publica\/entes-de-control-que-vigilan-a-la-entidad\/\" \/>\n<meta property=\"og:site_name\" content=\"Loter\u00eda del Tolima \u2013 Apu\u00e9stele a sus Sue\u00f1os\" \/>\n<meta property=\"article:modified_time\" content=\"2023-06-02T14:17:57+00:00\" \/>\n<meta property=\"og:image\" content=\"https:\/\/mdhosting.info\/loteria2023\/wp-content\/uploads\/2023\/02\/contraloria-tolima-01.jpg\" \/>\n<meta name=\"twitter:card\" content=\"summary_large_image\" \/>\n<meta name=\"twitter:label1\" content=\"Tiempo de lectura\" \/>\n\t<meta name=\"twitter:data1\" content=\"2 minutos\" \/>\n<script type=\"application\/ld+json\" class=\"yoast-schema-graph\">{\"@context\":\"https:\/\/schema.org\",\"@graph\":[{\"@type\":\"WebPage\",\"@id\":\"https:\/\/mdhosting.info\/loteria2023\/transparencia-y-acceso-a-la-informacion-publica\/entes-de-control-que-vigilan-a-la-entidad\/\",\"url\":\"https:\/\/mdhosting.info\/loteria2023\/transparencia-y-acceso-a-la-informacion-publica\/entes-de-control-que-vigilan-a-la-entidad\/\",\"name\":\"Entes de control que vigilan a la entidad - Loter\u00eda del Tolima \u2013 Apu\u00e9stele a sus Sue\u00f1os\",\"isPartOf\":{\"@id\":\"https:\/\/mdhosting.info\/loteria2023\/#website\"},\"primaryImageOfPage\":{\"@id\":\"https:\/\/mdhosting.info\/loteria2023\/transparencia-y-acceso-a-la-informacion-publica\/entes-de-control-que-vigilan-a-la-entidad\/#primaryimage\"},\"image\":{\"@id\":\"https:\/\/mdhosting.info\/loteria2023\/transparencia-y-acceso-a-la-informacion-publica\/entes-de-control-que-vigilan-a-la-entidad\/#primaryimage\"},\"thumbnailUrl\":\"https:\/\/mdhosting.info\/loteria2023\/wp-content\/uploads\/2023\/02\/contraloria-tolima-01.jpg\",\"datePublished\":\"2021-05-20T16:57:11+00:00\",\"dateModified\":\"2023-06-02T14:17:57+00:00\",\"breadcrumb\":{\"@id\":\"https:\/\/mdhosting.info\/loteria2023\/transparencia-y-acceso-a-la-informacion-publica\/entes-de-control-que-vigilan-a-la-entidad\/#breadcrumb\"},\"inLanguage\":\"es-CO\",\"potentialAction\":[{\"@type\":\"ReadAction\",\"target\":[\"https:\/\/mdhosting.info\/loteria2023\/transparencia-y-acceso-a-la-informacion-publica\/entes-de-control-que-vigilan-a-la-entidad\/\"]}]},{\"@type\":\"ImageObject\",\"inLanguage\":\"es-CO\",\"@id\":\"https:\/\/mdhosting.info\/loteria2023\/transparencia-y-acceso-a-la-informacion-publica\/entes-de-control-que-vigilan-a-la-entidad\/#primaryimage\",\"url\":\"https:\/\/mdhosting.info\/loteria2023\/wp-content\/uploads\/2023\/02\/contraloria-tolima-01.jpg\",\"contentUrl\":\"https:\/\/mdhosting.info\/loteria2023\/wp-content\/uploads\/2023\/02\/contraloria-tolima-01.jpg\",\"width\":186,\"height\":186},{\"@type\":\"BreadcrumbList\",\"@id\":\"https:\/\/mdhosting.info\/loteria2023\/transparencia-y-acceso-a-la-informacion-publica\/entes-de-control-que-vigilan-a-la-entidad\/#breadcrumb\",\"itemListElement\":[{\"@type\":\"ListItem\",\"position\":1,\"name\":\"Inicio\",\"item\":\"https:\/\/mdhosting.info\/loteria2023\/\"},{\"@type\":\"ListItem\",\"position\":2,\"name\":\"Transparencia y acceso a la informaci\u00f3n p\u00fablica\",\"item\":\"https:\/\/mdhosting.info\/loteria2023\/transparencia-y-acceso-a-la-informacion-publica\/\"},{\"@type\":\"ListItem\",\"position\":3,\"name\":\"Entes de control que vigilan a la entidad\"}]},{\"@type\":\"WebSite\",\"@id\":\"https:\/\/mdhosting.info\/loteria2023\/#website\",\"url\":\"https:\/\/mdhosting.info\/loteria2023\/\",\"name\":\"Loter\u00eda del Tolima \u2013 Apu\u00e9stele a sus Sue\u00f1os\",\"description\":\"Loter\u00eda del Tolima \u2013 Apu\u00e9stele a sus Sue\u00f1os\",\"publisher\":{\"@id\":\"https:\/\/mdhosting.info\/loteria2023\/#organization\"},\"potentialAction\":[{\"@type\":\"SearchAction\",\"target\":{\"@type\":\"EntryPoint\",\"urlTemplate\":\"https:\/\/mdhosting.info\/loteria2023\/?s={search_term_string}\"},\"query-input\":\"required name=search_term_string\"}],\"inLanguage\":\"es-CO\"},{\"@type\":\"Organization\",\"@id\":\"https:\/\/mdhosting.info\/loteria2023\/#organization\",\"name\":\"Loter\u00eda del Tolima \u2013 Apu\u00e9stele a sus Sue\u00f1os\",\"url\":\"https:\/\/mdhosting.info\/loteria2023\/\",\"logo\":{\"@type\":\"ImageObject\",\"inLanguage\":\"es-CO\",\"@id\":\"https:\/\/mdhosting.info\/loteria2023\/#\/schema\/logo\/image\/\",\"url\":\"https:\/\/mdhosting.info\/loteria2023\/wp-content\/uploads\/2023\/03\/logo_main.png\",\"contentUrl\":\"https:\/\/mdhosting.info\/loteria2023\/wp-content\/uploads\/2023\/03\/logo_main.png\",\"width\":400,\"height\":103,\"caption\":\"Loter\u00eda del Tolima \u2013 Apu\u00e9stele a sus Sue\u00f1os\"},\"image\":{\"@id\":\"https:\/\/mdhosting.info\/loteria2023\/#\/schema\/logo\/image\/\"}}]}<\/script>\n<!-- \/ Yoast SEO plugin. -->","yoast_head_json":{"title":"Entes de control que vigilan a la entidad - Loter\u00eda del Tolima \u2013 Apu\u00e9stele a sus Sue\u00f1os","robots":{"index":"index","follow":"follow","max-snippet":"max-snippet:-1","max-image-preview":"max-image-preview:large","max-video-preview":"max-video-preview:-1"},"canonical":"https:\/\/mdhosting.info\/loteria2023\/transparencia-y-acceso-a-la-informacion-publica\/entes-de-control-que-vigilan-a-la-entidad\/","og_locale":"es_ES","og_type":"article","og_title":"Entes de control que vigilan a la entidad - Loter\u00eda del Tolima \u2013 Apu\u00e9stele a sus Sue\u00f1os","og_description":"Entidades de control que vigilan la Loteria del Tolima: Contralor\u00eda Departamental del Tolima Direcci\u00f3n: Cra 3 entre calle #10 y 11 edificio de la Gobernaci\u00f3n del Tolima Link: www.contraloriatolima.gov.co Tel\u00e9fono: (+57) (608) 261 1167 &#8211; 261 1169 Consejo nacional de juegos de suerte y azar &#8211; CNJSA Direcci\u00f3n: Cra 11 No. 93A &#8211; 85 Bogot\u00e1 [&hellip;]","og_url":"https:\/\/mdhosting.info\/loteria2023\/transparencia-y-acceso-a-la-informacion-publica\/entes-de-control-que-vigilan-a-la-entidad\/","og_site_name":"Loter\u00eda del Tolima \u2013 Apu\u00e9stele a sus Sue\u00f1os","article_modified_time":"2023-06-02T14:17:57+00:00","og_image":[{"url":"https:\/\/mdhosting.info\/loteria2023\/wp-content\/uploads\/2023\/02\/contraloria-tolima-01.jpg"}],"twitter_card":"summary_large_image","twitter_misc":{"Tiempo de lectura":"2 minutos"},"schema":{"@context":"https:\/\/schema.org","@graph":[{"@type":"WebPage","@id":"https:\/\/mdhosting.info\/loteria2023\/transparencia-y-acceso-a-la-informacion-publica\/entes-de-control-que-vigilan-a-la-entidad\/","url":"https:\/\/mdhosting.info\/loteria2023\/transparencia-y-acceso-a-la-informacion-publica\/entes-de-control-que-vigilan-a-la-entidad\/","name":"Entes de control que vigilan a la entidad - Loter\u00eda del Tolima \u2013 Apu\u00e9stele a sus Sue\u00f1os","isPartOf":{"@id":"https:\/\/mdhosting.info\/loteria2023\/#website"},"primaryImageOfPage":{"@id":"https:\/\/mdhosting.info\/loteria2023\/transparencia-y-acceso-a-la-informacion-publica\/entes-de-control-que-vigilan-a-la-entidad\/#primaryimage"},"image":{"@id":"https:\/\/mdhosting.info\/loteria2023\/transparencia-y-acceso-a-la-informacion-publica\/entes-de-control-que-vigilan-a-la-entidad\/#primaryimage"},"thumbnailUrl":"https:\/\/mdhosting.info\/loteria2023\/wp-content\/uploads\/2023\/02\/contraloria-tolima-01.jpg","datePublished":"2021-05-20T16:57:11+00:00","dateModified":"2023-06-02T14:17:57+00:00","breadcrumb":{"@id":"https:\/\/mdhosting.info\/loteria2023\/transparencia-y-acceso-a-la-informacion-publica\/entes-de-control-que-vigilan-a-la-entidad\/#breadcrumb"},"inLanguage":"es-CO","potentialAction":[{"@type":"ReadAction","target":["https:\/\/mdhosting.info\/loteria2023\/transparencia-y-acceso-a-la-informacion-publica\/entes-de-control-que-vigilan-a-la-entidad\/"]}]},{"@type":"ImageObject","inLanguage":"es-CO","@id":"https:\/\/mdhosting.info\/loteria2023\/transparencia-y-acceso-a-la-informacion-publica\/entes-de-control-que-vigilan-a-la-entidad\/#primaryimage","url":"https:\/\/mdhosting.info\/loteria2023\/wp-content\/uploads\/2023\/02\/contraloria-tolima-01.jpg","contentUrl":"https:\/\/mdhosting.info\/loteria2023\/wp-content\/uploads\/2023\/02\/contraloria-tolima-01.jpg","width":186,"height":186},{"@type":"BreadcrumbList","@id":"https:\/\/mdhosting.info\/loteria2023\/transparencia-y-acceso-a-la-informacion-publica\/entes-de-control-que-vigilan-a-la-entidad\/#breadcrumb","itemListElement":[{"@type":"ListItem","position":1,"name":"Inicio","item":"https:\/\/mdhosting.info\/loteria2023\/"},{"@type":"ListItem","position":2,"name":"Transparencia y acceso a la informaci\u00f3n p\u00fablica","item":"https:\/\/mdhosting.info\/loteria2023\/transparencia-y-acceso-a-la-informacion-publica\/"},{"@type":"ListItem","position":3,"name":"Entes de control que vigilan a la entidad"}]},{"@type":"WebSite","@id":"https:\/\/mdhosting.info\/loteria2023\/#website","url":"https:\/\/mdhosting.info\/loteria2023\/","name":"Loter\u00eda del Tolima \u2013 Apu\u00e9stele a sus Sue\u00f1os","description":"Loter\u00eda del Tolima \u2013 Apu\u00e9stele a sus Sue\u00f1os","publisher":{"@id":"https:\/\/mdhosting.info\/loteria2023\/#organization"},"potentialAction":[{"@type":"SearchAction","target":{"@type":"EntryPoint","urlTemplate":"https:\/\/mdhosting.info\/loteria2023\/?s={search_term_string}"},"query-input":"required name=search_term_string"}],"inLanguage":"es-CO"},{"@type":"Organization","@id":"https:\/\/mdhosting.info\/loteria2023\/#organization","name":"Loter\u00eda del Tolima \u2013 Apu\u00e9stele a sus Sue\u00f1os","url":"https:\/\/mdhosting.info\/loteria2023\/","logo":{"@type":"ImageObject","inLanguage":"es-CO","@id":"https:\/\/mdhosting.info\/loteria2023\/#\/schema\/logo\/image\/","url":"https:\/\/mdhosting.info\/loteria2023\/wp-content\/uploads\/2023\/03\/logo_main.png","contentUrl":"https:\/\/mdhosting.info\/loteria2023\/wp-content\/uploads\/2023\/03\/logo_main.png","width":400,"height":103,"caption":"Loter\u00eda del Tolima \u2013 Apu\u00e9stele a sus Sue\u00f1os"},"image":{"@id":"https:\/\/mdhosting.info\/loteria2023\/#\/schema\/logo\/image\/"}}]}},"jetpack_sharing_enabled":true,"_links":{"self":[{"href":"https:\/\/mdhosting.info\/loteria2023\/wp-json\/wp\/v2\/pages\/3863","targetHints":{"allow":["GET"]}}],"collection":[{"href":"https:\/\/mdhosting.info\/loteria2023\/wp-json\/wp\/v2\/pages"}],"about":[{"href":"https:\/\/mdhosting.info\/loteria2023\/wp-json\/wp\/v2\/types\/page"}],"author":[{"embeddable":true,"href":"https:\/\/mdhosting.info\/loteria2023\/wp-json\/wp\/v2\/users\/2"}],"replies":[{"embeddable":true,"href":"https:\/\/mdhosting.info\/loteria2023\/wp-json\/wp\/v2\/comments?post=3863"}],"version-history":[{"count":3,"href":"https:\/\/mdhosting.info\/loteria2023\/wp-json\/wp\/v2\/pages\/3863\/revisions"}],"predecessor-version":[{"id":18408,"href":"https:\/\/mdhosting.info\/loteria2023\/wp-json\/wp\/v2\/pages\/3863\/revisions\/18408"}],"up":[{"embeddable":true,"href":"https:\/\/mdhosting.info\/loteria2023\/wp-json\/wp\/v2\/pages\/16181"}],"wp:attachment":[{"href":"https:\/\/mdhosting.info\/loteria2023\/wp-json\/wp\/v2\/media?parent=3863"}],"curies":[{"name":"wp","href":"https:\/\/api.w.org\/{rel}","templated":true}]}}