{"id":3258,"date":"2021-05-10T11:32:31","date_gmt":"2021-05-10T16:32:31","guid":{"rendered":"https:\/\/loteriadeltolima.com\/nuevo\/?page_id=3258"},"modified":"2023-06-02T09:10:39","modified_gmt":"2023-06-02T14:10:39","slug":"directorio-de-informacion-de-servidores-publicos-y-contratistas","status":"publish","type":"page","link":"https:\/\/mdhosting.info\/loteria2023\/transparencia-y-acceso-a-la-informacion-publica\/directorio-de-informacion-de-servidores-publicos-y-contratistas\/","title":{"rendered":"Directorio de informaci\u00f3n de servidores p\u00fablicos y contratistas"},"content":{"rendered":"\t\t<div data-elementor-type=\"wp-page\" data-elementor-id=\"3258\" class=\"elementor elementor-3258\" data-elementor-post-type=\"page\">\n\t\t\t\t<div class=\"elementor-element elementor-element-1418d5ed e-flex e-con-boxed e-con e-parent\" data-id=\"1418d5ed\" data-element_type=\"container\">\n\t\t\t\t\t<div class=\"e-con-inner\">\n\t\t\t\t<div class=\"elementor-element elementor-element-72765d98 elementor-widget elementor-widget-heading\" data-id=\"72765d98\" data-element_type=\"widget\" data-widget_type=\"heading.default\">\n\t\t\t\t<div class=\"elementor-widget-container\">\n\t\t\t\t\t<h2 class=\"elementor-heading-title elementor-size-default\">Directorio de informaci\u00f3n de servidores p\u00fablicos y contratistas<\/h2>\t\t\t\t<\/div>\n\t\t\t\t<\/div>\n\t\t\t\t\t<\/div>\n\t\t\t\t<\/div>\n\t\t\t\t<section class=\"elementor-section elementor-top-section elementor-element elementor-element-d27c1cb elementor-section-boxed elementor-section-height-default elementor-section-height-default\" data-id=\"d27c1cb\" data-element_type=\"section\">\n\t\t\t\t\t\t<div class=\"elementor-container elementor-column-gap-default\">\n\t\t\t\t\t<div class=\"elementor-column elementor-col-100 elementor-top-column elementor-element elementor-element-e268b76\" data-id=\"e268b76\" data-element_type=\"column\">\n\t\t\t<div class=\"elementor-widget-wrap elementor-element-populated\">\n\t\t\t\t\t\t<div class=\"elementor-element elementor-element-5cb0a96 elementor-tabs-view-horizontal elementor-widget elementor-widget-tabs\" data-id=\"5cb0a96\" data-element_type=\"widget\" data-widget_type=\"tabs.default\">\n\t\t\t\t<div class=\"elementor-widget-container\">\n\t\t\t\t\t\t\t<div class=\"elementor-tabs\">\n\t\t\t<div class=\"elementor-tabs-wrapper\" role=\"tablist\" >\n\t\t\t\t\t\t\t\t\t<div id=\"elementor-tab-title-9711\" class=\"elementor-tab-title elementor-tab-desktop-title\" aria-selected=\"true\" data-tab=\"1\" role=\"tab\" tabindex=\"0\" aria-controls=\"elementor-tab-content-9711\" aria-expanded=\"false\">Directorio Funcionarios<\/div>\n\t\t\t\t\t\t\t\t\t<div id=\"elementor-tab-title-9712\" class=\"elementor-tab-title elementor-tab-desktop-title\" aria-selected=\"false\" data-tab=\"2\" role=\"tab\" tabindex=\"-1\" aria-controls=\"elementor-tab-content-9712\" aria-expanded=\"false\">Directorio Contratistas<\/div>\n\t\t\t\t\t\t\t<\/div>\n\t\t\t<div class=\"elementor-tabs-content-wrapper\" role=\"tablist\" aria-orientation=\"vertical\">\n\t\t\t\t\t\t\t\t\t<div class=\"elementor-tab-title elementor-tab-mobile-title\" aria-selected=\"true\" data-tab=\"1\" role=\"tab\" tabindex=\"0\" aria-controls=\"elementor-tab-content-9711\" aria-expanded=\"false\">Directorio Funcionarios<\/div>\n\t\t\t\t\t<div id=\"elementor-tab-content-9711\" class=\"elementor-tab-content elementor-clearfix\" data-tab=\"1\" role=\"tabpanel\" aria-labelledby=\"elementor-tab-title-9711\" tabindex=\"0\" hidden=\"false\"><p><div class=\"wpfd-single-file\">\n    <div class=\"wpfd-single-file--icon\">\n            <a href=\"https:\/\/docs.google.com\/viewer?url&#x3D;https%3A%2F%2Fmdhosting.info%2Floteria2023%2Fwp-admin%2Fadmin-ajax.php%3Fjuwpfisadmin%3Dfalse%26action%3Dwpfd%26task%3Dfile.download%26wpfd_category_id%3D47%26wpfd_file_id%3D20755%26token%3D%26preview%3D1&amp;embedded&#x3D;true\" alt=\"DIRECTORIO DE FUNCIONARIOS 2023\" class=\"wpfdlightbox\">\n            <div class=\"wpfd-icon-placeholder\" style=\"background-image: url(&quot;https:\/\/mdhosting.info\/loteria2023\/wp-content\/plugins\/wp-file-download\/app\/site\/assets\/icons\/svg\/xlsx.svg&quot;);border-radius: 4%;box-shadow: 0px 0px 0px 0px transparent;background-color: #00743e;border: 0px solid ;background-size: 100%;\"><\/div>\n        <\/a>\n    <\/div>\n\n    <div class=\"wpfd-single-file--details wpfd-file-content\">\n                        <h3 class=\"wpfd-file-content--title\"><a href=\"https:\/\/mdhosting.info\/loteria2023\/Descargar\/47\/directorio-contratistas\/20755\/directorio-de-funcionarios-2023.xlsx\" style=\"text-decoration: none\">DIRECTORIO DE FUNCIONARIOS 2023<\/a><\/h3>\n        <div class=\"wpfd-file-content--meta\">\n                    <div>File size: 13.56 KB<\/div>\n                    <div>Created: 08-03-2023<\/div>\n                    <div>Updated: 08-03-2023<\/div>\n                    <div>Hits: 105<\/div>\n        <\/div>\n    <\/div>\n    <div class=\"wpfd-single-file--buttons\">\n                                <a href=\"https:\/\/mdhosting.info\/loteria2023\/Descargar\/47\/directorio-contratistas\/20755\/directorio-de-funcionarios-2023.xlsx\"  data-id=\"20755\" title=\"DIRECTORIO DE FUNCIONARIOS 2023\" class=\"noLightbox wpfd_downloadlink wpfd-single-file-button wpfd-button-download\">\n                    <svg xmlns=\"http:\/\/www.w3.org\/2000\/svg\" width=\"38\" height=\"38\" viewBox=\"0 0 400 400\"><g fill=\"#ffffff\"><path d=\"M178 234v-7V24c0-13 8-23 20-24 13-1 24 9 24 23v212l5-5 44-44c10-9 23-10 32-1s9 23-1 33l-85 85c-10 11-23 11-34 0l-85-86a22 22 0 0123-37 28 28 0 018 6l44 44a31 31 0 013 5zM200 400H24c-17 0-28-14-23-29 3-10 12-15 23-16h351c12 0 21 6 24 16 5 15-6 29-22 29H200z\"\/><\/g><\/svg>\n                    <span>Download<\/span>\n                <\/a>\n                        <a href=\"https:\/\/docs.google.com\/viewer?url&#x3D;https%3A%2F%2Fmdhosting.info%2Floteria2023%2Fwp-admin%2Fadmin-ajax.php%3Fjuwpfisadmin%3Dfalse%26action%3Dwpfd%26task%3Dfile.download%26wpfd_category_id%3D47%26wpfd_file_id%3D20755%26token%3D%26preview%3D1&amp;embedded&#x3D;true\" class=\"wpfd-single-file-button wpfd-button-preview wpfd_previewlink\" target=\"_blank\"\n                            data-id=\"20755\" data-catid=\"47\"\n                            data-file-type=\"xlsx\">\n                            <svg xmlns=\"http:\/\/www.w3.org\/2000\/svg\" width=\"38\" height=\"38\" viewBox=\"0 0 400 400\"><g fill=\"#ffffff\"><path d=\"M0 200V55C0 28 16 8 41 2a63 63 0 0115-2h289c32 0 55 23 55 54v248c0 10-6 16-15 16-8 0-14-6-14-16V56c0-16-11-27-28-27H57c-18 0-28 9-28 28v286c0 19 10 28 28 28h243c11 0 18 6 18 15s-7 14-18 14H56c-28 0-49-16-55-41a67 67 0 01-1-15V200z\"\/><path d=\"M314 302l15 15 52 51c7 7 7 14 2 20-6 6-13 5-20-2l-67-65a11 11 0 00-1-1 104 104 0 01-149-26c-29-43-20-99 20-133 39-33 99-31 137 4 38 34 45 93 11 137zm-159-64c-1 42 34 77 77 77 42 1 78-33 78-75 1-42-34-77-75-77-44-1-79 32-80 75z\"\/><\/g><\/svg>\n                            <span>Preview<\/span>\n                        <\/a>\n    <\/div>\n<\/div>\n<\/p><\/div>\n\t\t\t\t\t\t\t\t\t<div class=\"elementor-tab-title elementor-tab-mobile-title\" aria-selected=\"false\" data-tab=\"2\" role=\"tab\" tabindex=\"-1\" aria-controls=\"elementor-tab-content-9712\" aria-expanded=\"false\">Directorio Contratistas<\/div>\n\t\t\t\t\t<div id=\"elementor-tab-content-9712\" class=\"elementor-tab-content elementor-clearfix\" data-tab=\"2\" role=\"tabpanel\" aria-labelledby=\"elementor-tab-title-9712\" tabindex=\"0\" hidden=\"hidden\"><p><div class=\"wpfd-single-file\">\n    <div class=\"wpfd-single-file--icon\">\n            <a href=\"https:\/\/docs.google.com\/viewer?url&#x3D;https%3A%2F%2Fmdhosting.info%2Floteria2023%2Fwp-admin%2Fadmin-ajax.php%3Fjuwpfisadmin%3Dfalse%26action%3Dwpfd%26task%3Dfile.download%26wpfd_category_id%3D47%26wpfd_file_id%3D20754%26token%3D%26preview%3D1&amp;embedded&#x3D;true\" alt=\"DIRECTORIO DE CONTRATISTAS 2023\" class=\"wpfdlightbox\">\n            <div class=\"wpfd-icon-placeholder\" style=\"background-image: url(&quot;https:\/\/mdhosting.info\/loteria2023\/wp-content\/plugins\/wp-file-download\/app\/site\/assets\/icons\/svg\/xlsx.svg&quot;);border-radius: 4%;box-shadow: 0px 0px 0px 0px transparent;background-color: #00743e;border: 0px solid ;background-size: 100%;\"><\/div>\n        <\/a>\n    <\/div>\n\n    <div class=\"wpfd-single-file--details wpfd-file-content\">\n                        <h3 class=\"wpfd-file-content--title\"><a href=\"https:\/\/mdhosting.info\/loteria2023\/Descargar\/47\/directorio-contratistas\/20754\/directorio-de-contratistas-2023.xlsx\" style=\"text-decoration: none\">DIRECTORIO DE CONTRATISTAS 2023<\/a><\/h3>\n        <div class=\"wpfd-file-content--meta\">\n                    <div>File size: 41.14 KB<\/div>\n                    <div>Created: 08-03-2023<\/div>\n                    <div>Updated: 08-03-2023<\/div>\n                    <div>Hits: 113<\/div>\n        <\/div>\n    <\/div>\n    <div class=\"wpfd-single-file--buttons\">\n                                <a href=\"https:\/\/mdhosting.info\/loteria2023\/Descargar\/47\/directorio-contratistas\/20754\/directorio-de-contratistas-2023.xlsx\"  data-id=\"20754\" title=\"DIRECTORIO DE CONTRATISTAS 2023\" class=\"noLightbox wpfd_downloadlink wpfd-single-file-button wpfd-button-download\">\n                    <svg xmlns=\"http:\/\/www.w3.org\/2000\/svg\" width=\"38\" height=\"38\" viewBox=\"0 0 400 400\"><g fill=\"#ffffff\"><path d=\"M178 234v-7V24c0-13 8-23 20-24 13-1 24 9 24 23v212l5-5 44-44c10-9 23-10 32-1s9 23-1 33l-85 85c-10 11-23 11-34 0l-85-86a22 22 0 0123-37 28 28 0 018 6l44 44a31 31 0 013 5zM200 400H24c-17 0-28-14-23-29 3-10 12-15 23-16h351c12 0 21 6 24 16 5 15-6 29-22 29H200z\"\/><\/g><\/svg>\n                    <span>Download<\/span>\n                <\/a>\n                        <a href=\"https:\/\/docs.google.com\/viewer?url&#x3D;https%3A%2F%2Fmdhosting.info%2Floteria2023%2Fwp-admin%2Fadmin-ajax.php%3Fjuwpfisadmin%3Dfalse%26action%3Dwpfd%26task%3Dfile.download%26wpfd_category_id%3D47%26wpfd_file_id%3D20754%26token%3D%26preview%3D1&amp;embedded&#x3D;true\" class=\"wpfd-single-file-button wpfd-button-preview wpfd_previewlink\" target=\"_blank\"\n                            data-id=\"20754\" data-catid=\"47\"\n                            data-file-type=\"xlsx\">\n                            <svg xmlns=\"http:\/\/www.w3.org\/2000\/svg\" width=\"38\" height=\"38\" viewBox=\"0 0 400 400\"><g fill=\"#ffffff\"><path d=\"M0 200V55C0 28 16 8 41 2a63 63 0 0115-2h289c32 0 55 23 55 54v248c0 10-6 16-15 16-8 0-14-6-14-16V56c0-16-11-27-28-27H57c-18 0-28 9-28 28v286c0 19 10 28 28 28h243c11 0 18 6 18 15s-7 14-18 14H56c-28 0-49-16-55-41a67 67 0 01-1-15V200z\"\/><path d=\"M314 302l15 15 52 51c7 7 7 14 2 20-6 6-13 5-20-2l-67-65a11 11 0 00-1-1 104 104 0 01-149-26c-29-43-20-99 20-133 39-33 99-31 137 4 38 34 45 93 11 137zm-159-64c-1 42 34 77 77 77 42 1 78-33 78-75 1-42-34-77-75-77-44-1-79 32-80 75z\"\/><\/g><\/svg>\n                            <span>Preview<\/span>\n                        <\/a>\n    <\/div>\n<\/div>\n<\/p><\/div>\n\t\t\t\t\t\t\t<\/div>\n\t\t<\/div>\n\t\t\t\t\t\t<\/div>\n\t\t\t\t<\/div>\n\t\t\t\t\t<\/div>\n\t\t<\/div>\n\t\t\t\t\t<\/div>\n\t\t<\/section>\n\t\t\t\t<\/div>\n\t\t","protected":false},"excerpt":{"rendered":"<p>Directorio Funcionarios Directorio Contratistas Directorio Funcionarios DIRECTORIO DE FUNCIONARIOS 2023 File size: 13.56 KB Created: 08-03-2023 Updated: 08-03-2023 Hits: 105 Download Preview Directorio Contratistas DIRECTORIO DE CONTRATISTAS 2023 File size: 41.14 KB Created: 08-03-2023 Updated: 08-03-2023 Hits: 113 Download Preview<\/p>\n","protected":false},"author":2,"featured_media":0,"parent":16181,"menu_order":0,"comment_status":"closed","ping_status":"closed","template":"","meta":{"site-sidebar-layout":"default","site-content-layout":"","ast-site-content-layout":"","site-content-style":"default","site-sidebar-style":"default","ast-global-header-display":"","ast-banner-title-visibility":"","ast-main-header-display":"","ast-hfb-above-header-display":"","ast-hfb-below-header-display":"","ast-hfb-mobile-header-display":"","site-post-title":"","ast-breadcrumbs-content":"","ast-featured-img":"","footer-sml-layout":"","theme-transparent-header-meta":"","adv-header-id-meta":"","stick-header-meta":"","header-above-stick-meta":"","header-main-stick-meta":"","header-below-stick-meta":"","astra-migrate-meta-layouts":"default","ast-page-background-enabled":"default","ast-page-background-meta":{"desktop":{"background-color":"var(--ast-global-color-4)","background-image":"","background-repeat":"repeat","background-position":"center center","background-size":"auto","background-attachment":"scroll","background-type":"","background-media":"","overlay-type":"","overlay-color":"","overlay-gradient":""},"tablet":{"background-color":"","background-image":"","background-repeat":"repeat","background-position":"center center","background-size":"auto","background-attachment":"scroll","background-type":"","background-media":"","overlay-type":"","overlay-color":"","overlay-gradient":""},"mobile":{"background-color":"","background-image":"","background-repeat":"repeat","background-position":"center center","background-size":"auto","background-attachment":"scroll","background-type":"","background-media":"","overlay-type":"","overlay-color":"","overlay-gradient":""}},"ast-content-background-meta":{"desktop":{"background-color":"var(--ast-global-color-5)","background-image":"","background-repeat":"repeat","background-position":"center center","background-size":"auto","background-attachment":"scroll","background-type":"","background-media":"","overlay-type":"","overlay-color":"","overlay-gradient":""},"tablet":{"background-color":"var(--ast-global-color-5)","background-image":"","background-repeat":"repeat","background-position":"center center","background-size":"auto","background-attachment":"scroll","background-type":"","background-media":"","overlay-type":"","overlay-color":"","overlay-gradient":""},"mobile":{"background-color":"var(--ast-global-color-5)","background-image":"","background-repeat":"repeat","background-position":"center center","background-size":"auto","background-attachment":"scroll","background-type":"","background-media":"","overlay-type":"","overlay-color":"","overlay-gradient":""}},"footnotes":""},"class_list":["post-3258","page","type-page","status-publish","hentry"],"yoast_head":"<!-- This site is optimized with the Yoast SEO plugin v22.7 - https:\/\/yoast.com\/wordpress\/plugins\/seo\/ -->\n<title>Directorio de informaci\u00f3n de servidores p\u00fablicos y contratistas - Loter\u00eda del Tolima \u2013 Apu\u00e9stele a sus Sue\u00f1os<\/title>\n<meta name=\"robots\" content=\"index, follow, max-snippet:-1, max-image-preview:large, max-video-preview:-1\" \/>\n<link rel=\"canonical\" href=\"https:\/\/mdhosting.info\/loteria2023\/transparencia-y-acceso-a-la-informacion-publica\/directorio-de-informacion-de-servidores-publicos-y-contratistas\/\" \/>\n<meta property=\"og:locale\" content=\"es_ES\" \/>\n<meta property=\"og:type\" content=\"article\" \/>\n<meta property=\"og:title\" content=\"Directorio de informaci\u00f3n de servidores p\u00fablicos y contratistas - Loter\u00eda del Tolima \u2013 Apu\u00e9stele a sus Sue\u00f1os\" \/>\n<meta property=\"og:description\" content=\"Directorio Funcionarios Directorio Contratistas Directorio Funcionarios DIRECTORIO DE FUNCIONARIOS 2023 File size: 13.56 KB Created: 08-03-2023 Updated: 08-03-2023 Hits: 105 Download Preview Directorio Contratistas DIRECTORIO DE CONTRATISTAS 2023 File size: 41.14 KB Created: 08-03-2023 Updated: 08-03-2023 Hits: 113 Download Preview\" \/>\n<meta property=\"og:url\" content=\"https:\/\/mdhosting.info\/loteria2023\/transparencia-y-acceso-a-la-informacion-publica\/directorio-de-informacion-de-servidores-publicos-y-contratistas\/\" \/>\n<meta property=\"og:site_name\" content=\"Loter\u00eda del Tolima \u2013 Apu\u00e9stele a sus Sue\u00f1os\" \/>\n<meta property=\"article:modified_time\" content=\"2023-06-02T14:10:39+00:00\" \/>\n<meta property=\"og:image\" content=\"https:\/\/mdhosting.info\/loteria2023\/wp-content\/plugins\/wp-file-download\/app\/admin\/assets\/images\/t.gif\" \/>\n<meta name=\"twitter:card\" content=\"summary_large_image\" \/>\n<meta name=\"twitter:label1\" content=\"Tiempo de lectura\" \/>\n\t<meta name=\"twitter:data1\" content=\"1 minuto\" \/>\n<script type=\"application\/ld+json\" class=\"yoast-schema-graph\">{\"@context\":\"https:\/\/schema.org\",\"@graph\":[{\"@type\":\"WebPage\",\"@id\":\"https:\/\/mdhosting.info\/loteria2023\/transparencia-y-acceso-a-la-informacion-publica\/directorio-de-informacion-de-servidores-publicos-y-contratistas\/\",\"url\":\"https:\/\/mdhosting.info\/loteria2023\/transparencia-y-acceso-a-la-informacion-publica\/directorio-de-informacion-de-servidores-publicos-y-contratistas\/\",\"name\":\"Directorio de informaci\u00f3n de servidores p\u00fablicos y contratistas - Loter\u00eda del Tolima \u2013 Apu\u00e9stele a sus Sue\u00f1os\",\"isPartOf\":{\"@id\":\"https:\/\/mdhosting.info\/loteria2023\/#website\"},\"primaryImageOfPage\":{\"@id\":\"https:\/\/mdhosting.info\/loteria2023\/transparencia-y-acceso-a-la-informacion-publica\/directorio-de-informacion-de-servidores-publicos-y-contratistas\/#primaryimage\"},\"image\":{\"@id\":\"https:\/\/mdhosting.info\/loteria2023\/transparencia-y-acceso-a-la-informacion-publica\/directorio-de-informacion-de-servidores-publicos-y-contratistas\/#primaryimage\"},\"thumbnailUrl\":\"https:\/\/mdhosting.info\/loteria2023\/wp-content\/plugins\/wp-file-download\/app\/admin\/assets\/images\/t.gif\",\"datePublished\":\"2021-05-10T16:32:31+00:00\",\"dateModified\":\"2023-06-02T14:10:39+00:00\",\"breadcrumb\":{\"@id\":\"https:\/\/mdhosting.info\/loteria2023\/transparencia-y-acceso-a-la-informacion-publica\/directorio-de-informacion-de-servidores-publicos-y-contratistas\/#breadcrumb\"},\"inLanguage\":\"es-CO\",\"potentialAction\":[{\"@type\":\"ReadAction\",\"target\":[\"https:\/\/mdhosting.info\/loteria2023\/transparencia-y-acceso-a-la-informacion-publica\/directorio-de-informacion-de-servidores-publicos-y-contratistas\/\"]}]},{\"@type\":\"ImageObject\",\"inLanguage\":\"es-CO\",\"@id\":\"https:\/\/mdhosting.info\/loteria2023\/transparencia-y-acceso-a-la-informacion-publica\/directorio-de-informacion-de-servidores-publicos-y-contratistas\/#primaryimage\",\"url\":\"https:\/\/mdhosting.info\/loteria2023\/wp-content\/plugins\/wp-file-download\/app\/admin\/assets\/images\/t.gif\",\"contentUrl\":\"https:\/\/mdhosting.info\/loteria2023\/wp-content\/plugins\/wp-file-download\/app\/admin\/assets\/images\/t.gif\"},{\"@type\":\"BreadcrumbList\",\"@id\":\"https:\/\/mdhosting.info\/loteria2023\/transparencia-y-acceso-a-la-informacion-publica\/directorio-de-informacion-de-servidores-publicos-y-contratistas\/#breadcrumb\",\"itemListElement\":[{\"@type\":\"ListItem\",\"position\":1,\"name\":\"Inicio\",\"item\":\"https:\/\/mdhosting.info\/loteria2023\/\"},{\"@type\":\"ListItem\",\"position\":2,\"name\":\"Transparencia y acceso a la informaci\u00f3n p\u00fablica\",\"item\":\"https:\/\/mdhosting.info\/loteria2023\/transparencia-y-acceso-a-la-informacion-publica\/\"},{\"@type\":\"ListItem\",\"position\":3,\"name\":\"Directorio de informaci\u00f3n de servidores p\u00fablicos y contratistas\"}]},{\"@type\":\"WebSite\",\"@id\":\"https:\/\/mdhosting.info\/loteria2023\/#website\",\"url\":\"https:\/\/mdhosting.info\/loteria2023\/\",\"name\":\"Loter\u00eda del Tolima \u2013 Apu\u00e9stele a sus Sue\u00f1os\",\"description\":\"Loter\u00eda del Tolima \u2013 Apu\u00e9stele a sus Sue\u00f1os\",\"publisher\":{\"@id\":\"https:\/\/mdhosting.info\/loteria2023\/#organization\"},\"potentialAction\":[{\"@type\":\"SearchAction\",\"target\":{\"@type\":\"EntryPoint\",\"urlTemplate\":\"https:\/\/mdhosting.info\/loteria2023\/?s={search_term_string}\"},\"query-input\":\"required name=search_term_string\"}],\"inLanguage\":\"es-CO\"},{\"@type\":\"Organization\",\"@id\":\"https:\/\/mdhosting.info\/loteria2023\/#organization\",\"name\":\"Loter\u00eda del Tolima \u2013 Apu\u00e9stele a sus Sue\u00f1os\",\"url\":\"https:\/\/mdhosting.info\/loteria2023\/\",\"logo\":{\"@type\":\"ImageObject\",\"inLanguage\":\"es-CO\",\"@id\":\"https:\/\/mdhosting.info\/loteria2023\/#\/schema\/logo\/image\/\",\"url\":\"https:\/\/mdhosting.info\/loteria2023\/wp-content\/uploads\/2023\/03\/logo_main.png\",\"contentUrl\":\"https:\/\/mdhosting.info\/loteria2023\/wp-content\/uploads\/2023\/03\/logo_main.png\",\"width\":400,\"height\":103,\"caption\":\"Loter\u00eda del Tolima \u2013 Apu\u00e9stele a sus Sue\u00f1os\"},\"image\":{\"@id\":\"https:\/\/mdhosting.info\/loteria2023\/#\/schema\/logo\/image\/\"}}]}<\/script>\n<!-- \/ Yoast SEO plugin. -->","yoast_head_json":{"title":"Directorio de informaci\u00f3n de servidores p\u00fablicos y contratistas - Loter\u00eda del Tolima \u2013 Apu\u00e9stele a sus Sue\u00f1os","robots":{"index":"index","follow":"follow","max-snippet":"max-snippet:-1","max-image-preview":"max-image-preview:large","max-video-preview":"max-video-preview:-1"},"canonical":"https:\/\/mdhosting.info\/loteria2023\/transparencia-y-acceso-a-la-informacion-publica\/directorio-de-informacion-de-servidores-publicos-y-contratistas\/","og_locale":"es_ES","og_type":"article","og_title":"Directorio de informaci\u00f3n de servidores p\u00fablicos y contratistas - Loter\u00eda del Tolima \u2013 Apu\u00e9stele a sus Sue\u00f1os","og_description":"Directorio Funcionarios Directorio Contratistas Directorio Funcionarios DIRECTORIO DE FUNCIONARIOS 2023 File size: 13.56 KB Created: 08-03-2023 Updated: 08-03-2023 Hits: 105 Download Preview Directorio Contratistas DIRECTORIO DE CONTRATISTAS 2023 File size: 41.14 KB Created: 08-03-2023 Updated: 08-03-2023 Hits: 113 Download Preview","og_url":"https:\/\/mdhosting.info\/loteria2023\/transparencia-y-acceso-a-la-informacion-publica\/directorio-de-informacion-de-servidores-publicos-y-contratistas\/","og_site_name":"Loter\u00eda del Tolima \u2013 Apu\u00e9stele a sus Sue\u00f1os","article_modified_time":"2023-06-02T14:10:39+00:00","og_image":[{"url":"https:\/\/mdhosting.info\/loteria2023\/wp-content\/plugins\/wp-file-download\/app\/admin\/assets\/images\/t.gif"}],"twitter_card":"summary_large_image","twitter_misc":{"Tiempo de lectura":"1 minuto"},"schema":{"@context":"https:\/\/schema.org","@graph":[{"@type":"WebPage","@id":"https:\/\/mdhosting.info\/loteria2023\/transparencia-y-acceso-a-la-informacion-publica\/directorio-de-informacion-de-servidores-publicos-y-contratistas\/","url":"https:\/\/mdhosting.info\/loteria2023\/transparencia-y-acceso-a-la-informacion-publica\/directorio-de-informacion-de-servidores-publicos-y-contratistas\/","name":"Directorio de informaci\u00f3n de servidores p\u00fablicos y contratistas - Loter\u00eda del Tolima \u2013 Apu\u00e9stele a sus Sue\u00f1os","isPartOf":{"@id":"https:\/\/mdhosting.info\/loteria2023\/#website"},"primaryImageOfPage":{"@id":"https:\/\/mdhosting.info\/loteria2023\/transparencia-y-acceso-a-la-informacion-publica\/directorio-de-informacion-de-servidores-publicos-y-contratistas\/#primaryimage"},"image":{"@id":"https:\/\/mdhosting.info\/loteria2023\/transparencia-y-acceso-a-la-informacion-publica\/directorio-de-informacion-de-servidores-publicos-y-contratistas\/#primaryimage"},"thumbnailUrl":"https:\/\/mdhosting.info\/loteria2023\/wp-content\/plugins\/wp-file-download\/app\/admin\/assets\/images\/t.gif","datePublished":"2021-05-10T16:32:31+00:00","dateModified":"2023-06-02T14:10:39+00:00","breadcrumb":{"@id":"https:\/\/mdhosting.info\/loteria2023\/transparencia-y-acceso-a-la-informacion-publica\/directorio-de-informacion-de-servidores-publicos-y-contratistas\/#breadcrumb"},"inLanguage":"es-CO","potentialAction":[{"@type":"ReadAction","target":["https:\/\/mdhosting.info\/loteria2023\/transparencia-y-acceso-a-la-informacion-publica\/directorio-de-informacion-de-servidores-publicos-y-contratistas\/"]}]},{"@type":"ImageObject","inLanguage":"es-CO","@id":"https:\/\/mdhosting.info\/loteria2023\/transparencia-y-acceso-a-la-informacion-publica\/directorio-de-informacion-de-servidores-publicos-y-contratistas\/#primaryimage","url":"https:\/\/mdhosting.info\/loteria2023\/wp-content\/plugins\/wp-file-download\/app\/admin\/assets\/images\/t.gif","contentUrl":"https:\/\/mdhosting.info\/loteria2023\/wp-content\/plugins\/wp-file-download\/app\/admin\/assets\/images\/t.gif"},{"@type":"BreadcrumbList","@id":"https:\/\/mdhosting.info\/loteria2023\/transparencia-y-acceso-a-la-informacion-publica\/directorio-de-informacion-de-servidores-publicos-y-contratistas\/#breadcrumb","itemListElement":[{"@type":"ListItem","position":1,"name":"Inicio","item":"https:\/\/mdhosting.info\/loteria2023\/"},{"@type":"ListItem","position":2,"name":"Transparencia y acceso a la informaci\u00f3n p\u00fablica","item":"https:\/\/mdhosting.info\/loteria2023\/transparencia-y-acceso-a-la-informacion-publica\/"},{"@type":"ListItem","position":3,"name":"Directorio de informaci\u00f3n de servidores p\u00fablicos y contratistas"}]},{"@type":"WebSite","@id":"https:\/\/mdhosting.info\/loteria2023\/#website","url":"https:\/\/mdhosting.info\/loteria2023\/","name":"Loter\u00eda del Tolima \u2013 Apu\u00e9stele a sus Sue\u00f1os","description":"Loter\u00eda del Tolima \u2013 Apu\u00e9stele a sus Sue\u00f1os","publisher":{"@id":"https:\/\/mdhosting.info\/loteria2023\/#organization"},"potentialAction":[{"@type":"SearchAction","target":{"@type":"EntryPoint","urlTemplate":"https:\/\/mdhosting.info\/loteria2023\/?s={search_term_string}"},"query-input":"required name=search_term_string"}],"inLanguage":"es-CO"},{"@type":"Organization","@id":"https:\/\/mdhosting.info\/loteria2023\/#organization","name":"Loter\u00eda del Tolima \u2013 Apu\u00e9stele a sus Sue\u00f1os","url":"https:\/\/mdhosting.info\/loteria2023\/","logo":{"@type":"ImageObject","inLanguage":"es-CO","@id":"https:\/\/mdhosting.info\/loteria2023\/#\/schema\/logo\/image\/","url":"https:\/\/mdhosting.info\/loteria2023\/wp-content\/uploads\/2023\/03\/logo_main.png","contentUrl":"https:\/\/mdhosting.info\/loteria2023\/wp-content\/uploads\/2023\/03\/logo_main.png","width":400,"height":103,"caption":"Loter\u00eda del Tolima \u2013 Apu\u00e9stele a sus Sue\u00f1os"},"image":{"@id":"https:\/\/mdhosting.info\/loteria2023\/#\/schema\/logo\/image\/"}}]}},"jetpack_sharing_enabled":true,"_links":{"self":[{"href":"https:\/\/mdhosting.info\/loteria2023\/wp-json\/wp\/v2\/pages\/3258","targetHints":{"allow":["GET"]}}],"collection":[{"href":"https:\/\/mdhosting.info\/loteria2023\/wp-json\/wp\/v2\/pages"}],"about":[{"href":"https:\/\/mdhosting.info\/loteria2023\/wp-json\/wp\/v2\/types\/page"}],"author":[{"embeddable":true,"href":"https:\/\/mdhosting.info\/loteria2023\/wp-json\/wp\/v2\/users\/2"}],"replies":[{"embeddable":true,"href":"https:\/\/mdhosting.info\/loteria2023\/wp-json\/wp\/v2\/comments?post=3258"}],"version-history":[{"count":10,"href":"https:\/\/mdhosting.info\/loteria2023\/wp-json\/wp\/v2\/pages\/3258\/revisions"}],"predecessor-version":[{"id":25004,"href":"https:\/\/mdhosting.info\/loteria2023\/wp-json\/wp\/v2\/pages\/3258\/revisions\/25004"}],"up":[{"embeddable":true,"href":"https:\/\/mdhosting.info\/loteria2023\/wp-json\/wp\/v2\/pages\/16181"}],"wp:attachment":[{"href":"https:\/\/mdhosting.info\/loteria2023\/wp-json\/wp\/v2\/media?parent=3258"}],"curies":[{"name":"wp","href":"https:\/\/api.w.org\/{rel}","templated":true}]}}