{"id":3168,"date":"2021-05-10T10:37:56","date_gmt":"2021-05-10T15:37:56","guid":{"rendered":"https:\/\/loteriadeltolima.com\/nuevo\/?page_id=3168"},"modified":"2023-05-11T15:37:37","modified_gmt":"2023-05-11T15:37:37","slug":"estados-financieros-vigencia-actual","status":"publish","type":"page","link":"https:\/\/mdhosting.info\/loteria2023\/estados-financieros-vigencia-actual\/","title":{"rendered":"Estados financieros &#8211; Vigencia actual"},"content":{"rendered":"\t\t<div data-elementor-type=\"wp-page\" data-elementor-id=\"3168\" class=\"elementor elementor-3168\" data-elementor-post-type=\"page\">\n\t\t\t\t\t\t<section class=\"elementor-section elementor-top-section elementor-element elementor-element-5ec42d4c elementor-section-boxed elementor-section-height-default elementor-section-height-default\" data-id=\"5ec42d4c\" data-element_type=\"section\">\n\t\t\t\t\t\t<div class=\"elementor-container elementor-column-gap-default\">\n\t\t\t\t\t<div class=\"elementor-column elementor-col-100 elementor-top-column elementor-element elementor-element-88d9738\" data-id=\"88d9738\" data-element_type=\"column\">\n\t\t\t<div class=\"elementor-widget-wrap\">\n\t\t\t\t\t\t\t<\/div>\n\t\t<\/div>\n\t\t\t\t\t<\/div>\n\t\t<\/section>\n\t\t<div class=\"elementor-element elementor-element-58e94c0a e-flex e-con-boxed e-con e-parent\" data-id=\"58e94c0a\" data-element_type=\"container\">\n\t\t\t\t\t<div class=\"e-con-inner\">\n\t\t\t\t<div class=\"elementor-element elementor-element-68e182b6 elementor-widget elementor-widget-heading\" data-id=\"68e182b6\" data-element_type=\"widget\" data-widget_type=\"heading.default\">\n\t\t\t\t<div class=\"elementor-widget-container\">\n\t\t\t\t\t<h2 class=\"elementor-heading-title elementor-size-default\">Estados financieros &#8211; Vigencia actual<\/h2>\t\t\t\t<\/div>\n\t\t\t\t<\/div>\n\t\t\t\t\t<\/div>\n\t\t\t\t<\/div>\n\t\t\t\t<section class=\"elementor-section elementor-top-section elementor-element elementor-element-b84cfb5 elementor-section-boxed elementor-section-height-default elementor-section-height-default\" data-id=\"b84cfb5\" data-element_type=\"section\">\n\t\t\t\t\t\t<div class=\"elementor-container elementor-column-gap-default\">\n\t\t\t\t\t<div class=\"elementor-column elementor-col-100 elementor-top-column elementor-element elementor-element-e2a416a\" data-id=\"e2a416a\" data-element_type=\"column\">\n\t\t\t<div class=\"elementor-widget-wrap elementor-element-populated\">\n\t\t\t\t\t\t<div class=\"elementor-element elementor-element-e0eb76f elementor-tabs-view-horizontal elementor-widget elementor-widget-tabs\" data-id=\"e0eb76f\" data-element_type=\"widget\" data-widget_type=\"tabs.default\">\n\t\t\t\t<div class=\"elementor-widget-container\">\n\t\t\t\t\t\t\t<div class=\"elementor-tabs\">\n\t\t\t<div class=\"elementor-tabs-wrapper\" role=\"tablist\" >\n\t\t\t\t\t\t\t\t\t<div id=\"elementor-tab-title-2351\" class=\"elementor-tab-title elementor-tab-desktop-title\" aria-selected=\"true\" data-tab=\"1\" role=\"tab\" tabindex=\"0\" aria-controls=\"elementor-tab-content-2351\" aria-expanded=\"false\">2023<\/div>\n\t\t\t\t\t\t\t<\/div>\n\t\t\t<div class=\"elementor-tabs-content-wrapper\" role=\"tablist\" aria-orientation=\"vertical\">\n\t\t\t\t\t\t\t\t\t<div class=\"elementor-tab-title elementor-tab-mobile-title\" aria-selected=\"true\" data-tab=\"1\" role=\"tab\" tabindex=\"0\" aria-controls=\"elementor-tab-content-2351\" aria-expanded=\"false\">2023<\/div>\n\t\t\t\t\t<div id=\"elementor-tab-content-2351\" class=\"elementor-tab-content elementor-clearfix\" data-tab=\"1\" role=\"tabpanel\" aria-labelledby=\"elementor-tab-title-2351\" tabindex=\"0\" hidden=\"false\"><p><div class=\"wpfd-content wpfd-content-default wpfd-content-multi\" data-category=\"114\"             style=\"background-color: rgba(255, 255, 255, 0)\"><input type=\"hidden\" id=\"current_category_114\" value=\"114\" \/>                    <input type=\"hidden\" id=\"current_category_slug_114\" value=\"estados-financieros-vigencia-actual\" \/>                    <input type=\"hidden\" id=\"current_ordering_114\" value=\"title\" \/>                    <input type=\"hidden\" id=\"current_ordering_direction_114\" value=\"desc\" \/>                    <input type=\"hidden\" id=\"page_limit_114\" value=\"10\" \/><input type=\"hidden\" id=\"wpfd_display_empty_category_message\" value=\"0\" \/><input type=\"hidden\" id=\"wpfd_empty_category_message_val\" value=\"This file category has no files to display\" \/><input type=\"hidden\" id=\"wpfd_display_empty_folder\" value=\"0\" \/><input type=\"hidden\" id=\"wpfd_is_empty_subcategories\" value=\"1\" \/><input type=\"hidden\" id=\"wpfd_is_empty_files\" value=\"1\" \/><input type=\"hidden\" id=\"wpfd_root_category_theme\" class=\"wpfd_root_category_theme\" value=\"default\" \/>    <script type=\"text\/x-handlebars-template\" class=\"wpfd-template-files\">        {{#if files }}        <div class=\"wpfd_list\">            {{#each files}}            <div class=\"file\" style=\"margin : 10px 10px 10px 10px;\" data-id=\"{{ID}}\" data-catid=\"{{catid}}\">                <div class=\"filecontent\">                    {{#if file_custom_icon}}                    <div class=\"icon-custom\"><img src=\"{{file_custom_icon}}\" \/><\/div>                    {{else}}                    <div class=\"ext ext-{{ext}} wpfd-icon-set-svg\"><span class=\"txt\">{{ext}}<\/span><\/div>                    {{\/if}}<h3><a href=\"{{linkdownload}}\"  class=\"wpfd_downloadlink\" title=\"{{post_title}}\" target=\"{{#if remote_file}}_blank{{\/if}}\">{{{crop_title}}}<\/a><\/h3>                    <div class=\"file-xinfo\">                                            <\/div>                <\/div>                <span class=\"file-right\">                    <a class=\"downloadlink wpfd_downloadlink\"  href=\"{{linkdownload}}\" style=\"background-color:#76bc58;color:#ffffff;\" target=\"{{#if remote_file}}_blank{{\/if}}\">Download<i class=\"zmdi zmdi-cloud-download wpfd-download\"><\/i><\/a>{{#if openpdflink}}<a class=\"openlink wpfd_previewlink\" href=\"{{openpdflink}}\" target=\"_blank\">Preview                            <i class=\"zmdi zmdi-filter-center-focus wpfd-preview\"><\/i>                        <\/a>{{else}}{{#if viewerlink}}<a                            href=\"{{viewerlink}}\"                            class=\"openlink wpfd_previewlink\"                            target=\"_blank\"                            data-id=\"{{ID}}\"                            data-catid=\"{{catid}}\"                            data-file-type=\"{{ext}}\">Preview<i class=\"zmdi zmdi-filter-center-focus wpfd-preview\"><\/i>                        <\/a>{{\/if}}{{\/if}}                <\/span>            <\/div>            {{\/each}}            <div class=\"file flex_span\" style=\"margin : 10px 10px 10px 10px;\"><\/div>        <\/div>        {{\/if}}    <\/script><div class=\"wpfd-container\">        <div class=\"wpfd-open-tree\"><\/div>    <div class=\"wpfd-container-default \">        <div class=\"wpfd-categories hide\"><div class=\"wpfd-category-desc\"><\/div><\/div>                    <div class=\"wpfd_list\">                                                        <div class=\"file\" style=\"margin : 10px 10px 10px 10px;\"                         data-id=\"22409\"                         data-catid=\"114\">                            <div class=\"filecontent\">                                <div class=\"ext ext-pdf wpfd-icon-set-svg\"><span class=\"txt\">pdf<\/span><\/div><h3><a href=\"https:\/\/mdhosting.info\/loteria2023\/Descargar\/114\/estados-financieros-vigencia-actual\/22409\/estados-financieros-marzo-2023.pdf\"  class=\"wpfd_downloadlink\" title=\"Estados-Financieros-Marzo-2023\" target=\"\">Estados-Financieros-Marzo-2023<\/a><\/h3>                                <div class=\"file-xinfo\">                                                                    <\/div>                            <\/div>                            <div class=\"file-right\">                                <a class=\"downloadlink wpfd_downloadlink\"  href=\"https:\/\/mdhosting.info\/loteria2023\/Descargar\/114\/estados-financieros-vigencia-actual\/22409\/estados-financieros-marzo-2023.pdf\" style=\"background-color:#76bc58;color:#ffffff;\" target=\"\">Download<i class=\"zmdi zmdi-cloud-download wpfd-download\"><\/i><\/a><a class=\"openlink wpfd_previewlink\" href=\"https:\/\/mdhosting.info\/loteria2023\/wp-admin\/admin-ajax.php?juwpfisadmin=false&#038;action=wpfd&#038;task=file.download&#038;wpfd_category_id=114&#038;wpfd_file_id=22409&#038;token=&#038;preview=1\" target=\"_blank\">Preview                            <i class=\"zmdi zmdi-filter-center-focus wpfd-preview\"><\/i>                        <\/a>                            <\/div>                    <\/div>                                                                            <div class=\"file\" style=\"margin : 10px 10px 10px 10px;\"                         data-id=\"22408\"                         data-catid=\"114\">                            <div class=\"filecontent\">                                <div class=\"ext ext-pdf wpfd-icon-set-svg\"><span class=\"txt\">pdf<\/span><\/div><h3><a href=\"https:\/\/mdhosting.info\/loteria2023\/Descargar\/114\/estados-financieros-vigencia-actual\/22408\/estados-financieros-febrero-2023.pdf\"  class=\"wpfd_downloadlink\" title=\"Estados-Financieros-Febrero-2023\" target=\"\">Estados-Financieros-Febrero-2023<\/a><\/h3>                                <div class=\"file-xinfo\">                                                                    <\/div>                            <\/div>                            <div class=\"file-right\">                                <a class=\"downloadlink wpfd_downloadlink\"  href=\"https:\/\/mdhosting.info\/loteria2023\/Descargar\/114\/estados-financieros-vigencia-actual\/22408\/estados-financieros-febrero-2023.pdf\" style=\"background-color:#76bc58;color:#ffffff;\" target=\"\">Download<i class=\"zmdi zmdi-cloud-download wpfd-download\"><\/i><\/a><a class=\"openlink wpfd_previewlink\" href=\"https:\/\/mdhosting.info\/loteria2023\/wp-admin\/admin-ajax.php?juwpfisadmin=false&#038;action=wpfd&#038;task=file.download&#038;wpfd_category_id=114&#038;wpfd_file_id=22408&#038;token=&#038;preview=1\" target=\"_blank\">Preview                            <i class=\"zmdi zmdi-filter-center-focus wpfd-preview\"><\/i>                        <\/a>                            <\/div>                    <\/div>                                                                            <div class=\"file\" style=\"margin : 10px 10px 10px 10px;\"                         data-id=\"22410\"                         data-catid=\"114\">                            <div class=\"filecontent\">                                <div class=\"ext ext-pdf wpfd-icon-set-svg\"><span class=\"txt\">pdf<\/span><\/div><h3><a href=\"https:\/\/mdhosting.info\/loteria2023\/Descargar\/114\/estados-financieros-vigencia-actual\/22410\/estados-financieros-enero-2023.pdf\"  class=\"wpfd_downloadlink\" title=\"Estados-Financieros-Enero-2023\" target=\"\">Estados-Financieros-Enero-2023<\/a><\/h3>                                <div class=\"file-xinfo\">                                                                    <\/div>                            <\/div>                            <div class=\"file-right\">                                <a class=\"downloadlink wpfd_downloadlink\"  href=\"https:\/\/mdhosting.info\/loteria2023\/Descargar\/114\/estados-financieros-vigencia-actual\/22410\/estados-financieros-enero-2023.pdf\" style=\"background-color:#76bc58;color:#ffffff;\" target=\"\">Download<i class=\"zmdi zmdi-cloud-download wpfd-download\"><\/i><\/a><a class=\"openlink wpfd_previewlink\" href=\"https:\/\/mdhosting.info\/loteria2023\/wp-admin\/admin-ajax.php?juwpfisadmin=false&#038;action=wpfd&#038;task=file.download&#038;wpfd_category_id=114&#038;wpfd_file_id=22410&#038;token=&#038;preview=1\" target=\"_blank\">Preview                            <i class=\"zmdi zmdi-filter-center-focus wpfd-preview\"><\/i>                        <\/a>                            <\/div>                    <\/div>                                                    <div class=\"file flex_span\" style=\"margin : 10px 10px 10px 10px;\"><\/div>            <\/div>                    <\/div><\/div><\/div><\/p><\/div>\n\t\t\t\t\t\t\t<\/div>\n\t\t<\/div>\n\t\t\t\t\t\t<\/div>\n\t\t\t\t<\/div>\n\t\t\t\t\t<\/div>\n\t\t<\/div>\n\t\t\t\t\t<\/div>\n\t\t<\/section>\n\t\t\t\t<\/div>\n\t\t","protected":false},"excerpt":{"rendered":"<p>2023 2023 pdfEstados-Financieros-Marzo-2023 DownloadPreview pdfEstados-Financieros-Febrero-2023 DownloadPreview pdfEstados-Financieros-Enero-2023 DownloadPreview<\/p>\n","protected":false},"author":2,"featured_media":0,"parent":0,"menu_order":0,"comment_status":"closed","ping_status":"closed","template":"","meta":{"site-sidebar-layout":"default","site-content-layout":"","ast-site-content-layout":"","site-content-style":"default","site-sidebar-style":"default","ast-global-header-display":"","ast-banner-title-visibility":"","ast-main-header-display":"","ast-hfb-above-header-display":"","ast-hfb-below-header-display":"","ast-hfb-mobile-header-display":"","site-post-title":"","ast-breadcrumbs-content":"","ast-featured-img":"","footer-sml-layout":"","theme-transparent-header-meta":"","adv-header-id-meta":"","stick-header-meta":"","header-above-stick-meta":"","header-main-stick-meta":"","header-below-stick-meta":"","astra-migrate-meta-layouts":"default","ast-page-background-enabled":"default","ast-page-background-meta":{"desktop":{"background-color":"var(--ast-global-color-4)","background-image":"","background-repeat":"repeat","background-position":"center center","background-size":"auto","background-attachment":"scroll","background-type":"","background-media":"","overlay-type":"","overlay-color":"","overlay-gradient":""},"tablet":{"background-color":"","background-image":"","background-repeat":"repeat","background-position":"center center","background-size":"auto","background-attachment":"scroll","background-type":"","background-media":"","overlay-type":"","overlay-color":"","overlay-gradient":""},"mobile":{"background-color":"","background-image":"","background-repeat":"repeat","background-position":"center center","background-size":"auto","background-attachment":"scroll","background-type":"","background-media":"","overlay-type":"","overlay-color":"","overlay-gradient":""}},"ast-content-background-meta":{"desktop":{"background-color":"var(--ast-global-color-5)","background-image":"","background-repeat":"repeat","background-position":"center center","background-size":"auto","background-attachment":"scroll","background-type":"","background-media":"","overlay-type":"","overlay-color":"","overlay-gradient":""},"tablet":{"background-color":"var(--ast-global-color-5)","background-image":"","background-repeat":"repeat","background-position":"center center","background-size":"auto","background-attachment":"scroll","background-type":"","background-media":"","overlay-type":"","overlay-color":"","overlay-gradient":""},"mobile":{"background-color":"var(--ast-global-color-5)","background-image":"","background-repeat":"repeat","background-position":"center center","background-size":"auto","background-attachment":"scroll","background-type":"","background-media":"","overlay-type":"","overlay-color":"","overlay-gradient":""}},"footnotes":""},"class_list":["post-3168","page","type-page","status-publish","hentry"],"yoast_head":"<!-- This site is optimized with the Yoast SEO plugin v22.7 - https:\/\/yoast.com\/wordpress\/plugins\/seo\/ -->\n<title>Estados financieros - Vigencia actual - Loter\u00eda del Tolima \u2013 Apu\u00e9stele a sus Sue\u00f1os<\/title>\n<meta name=\"robots\" content=\"index, follow, max-snippet:-1, max-image-preview:large, max-video-preview:-1\" \/>\n<link rel=\"canonical\" href=\"https:\/\/mdhosting.info\/loteria2023\/estados-financieros-vigencia-actual\/\" \/>\n<meta property=\"og:locale\" content=\"es_ES\" \/>\n<meta property=\"og:type\" content=\"article\" \/>\n<meta property=\"og:title\" content=\"Estados financieros - Vigencia actual - Loter\u00eda del Tolima \u2013 Apu\u00e9stele a sus Sue\u00f1os\" \/>\n<meta property=\"og:description\" content=\"2023 2023 pdfEstados-Financieros-Marzo-2023 DownloadPreview pdfEstados-Financieros-Febrero-2023 DownloadPreview pdfEstados-Financieros-Enero-2023 DownloadPreview\" \/>\n<meta property=\"og:url\" content=\"https:\/\/mdhosting.info\/loteria2023\/estados-financieros-vigencia-actual\/\" \/>\n<meta property=\"og:site_name\" content=\"Loter\u00eda del Tolima \u2013 Apu\u00e9stele a sus Sue\u00f1os\" \/>\n<meta property=\"article:modified_time\" content=\"2023-05-11T15:37:37+00:00\" \/>\n<meta property=\"og:image\" content=\"https:\/\/mdhosting.info\/loteria2023\/wp-content\/plugins\/wp-file-download\/app\/admin\/assets\/images\/t.gif\" \/>\n<meta name=\"twitter:card\" content=\"summary_large_image\" \/>\n<meta name=\"twitter:label1\" content=\"Tiempo de lectura\" \/>\n\t<meta name=\"twitter:data1\" content=\"1 minuto\" \/>\n<script type=\"application\/ld+json\" class=\"yoast-schema-graph\">{\"@context\":\"https:\/\/schema.org\",\"@graph\":[{\"@type\":\"WebPage\",\"@id\":\"https:\/\/mdhosting.info\/loteria2023\/estados-financieros-vigencia-actual\/\",\"url\":\"https:\/\/mdhosting.info\/loteria2023\/estados-financieros-vigencia-actual\/\",\"name\":\"Estados financieros - Vigencia actual - Loter\u00eda del Tolima \u2013 Apu\u00e9stele a sus Sue\u00f1os\",\"isPartOf\":{\"@id\":\"https:\/\/mdhosting.info\/loteria2023\/#website\"},\"primaryImageOfPage\":{\"@id\":\"https:\/\/mdhosting.info\/loteria2023\/estados-financieros-vigencia-actual\/#primaryimage\"},\"image\":{\"@id\":\"https:\/\/mdhosting.info\/loteria2023\/estados-financieros-vigencia-actual\/#primaryimage\"},\"thumbnailUrl\":\"https:\/\/mdhosting.info\/loteria2023\/wp-content\/plugins\/wp-file-download\/app\/admin\/assets\/images\/t.gif\",\"datePublished\":\"2021-05-10T15:37:56+00:00\",\"dateModified\":\"2023-05-11T15:37:37+00:00\",\"breadcrumb\":{\"@id\":\"https:\/\/mdhosting.info\/loteria2023\/estados-financieros-vigencia-actual\/#breadcrumb\"},\"inLanguage\":\"es-CO\",\"potentialAction\":[{\"@type\":\"ReadAction\",\"target\":[\"https:\/\/mdhosting.info\/loteria2023\/estados-financieros-vigencia-actual\/\"]}]},{\"@type\":\"ImageObject\",\"inLanguage\":\"es-CO\",\"@id\":\"https:\/\/mdhosting.info\/loteria2023\/estados-financieros-vigencia-actual\/#primaryimage\",\"url\":\"https:\/\/mdhosting.info\/loteria2023\/wp-content\/plugins\/wp-file-download\/app\/admin\/assets\/images\/t.gif\",\"contentUrl\":\"https:\/\/mdhosting.info\/loteria2023\/wp-content\/plugins\/wp-file-download\/app\/admin\/assets\/images\/t.gif\"},{\"@type\":\"BreadcrumbList\",\"@id\":\"https:\/\/mdhosting.info\/loteria2023\/estados-financieros-vigencia-actual\/#breadcrumb\",\"itemListElement\":[{\"@type\":\"ListItem\",\"position\":1,\"name\":\"Inicio\",\"item\":\"https:\/\/mdhosting.info\/loteria2023\/\"},{\"@type\":\"ListItem\",\"position\":2,\"name\":\"Estados financieros &#8211; Vigencia actual\"}]},{\"@type\":\"WebSite\",\"@id\":\"https:\/\/mdhosting.info\/loteria2023\/#website\",\"url\":\"https:\/\/mdhosting.info\/loteria2023\/\",\"name\":\"Loter\u00eda del Tolima \u2013 Apu\u00e9stele a sus Sue\u00f1os\",\"description\":\"Loter\u00eda del Tolima \u2013 Apu\u00e9stele a sus Sue\u00f1os\",\"publisher\":{\"@id\":\"https:\/\/mdhosting.info\/loteria2023\/#organization\"},\"potentialAction\":[{\"@type\":\"SearchAction\",\"target\":{\"@type\":\"EntryPoint\",\"urlTemplate\":\"https:\/\/mdhosting.info\/loteria2023\/?s={search_term_string}\"},\"query-input\":\"required name=search_term_string\"}],\"inLanguage\":\"es-CO\"},{\"@type\":\"Organization\",\"@id\":\"https:\/\/mdhosting.info\/loteria2023\/#organization\",\"name\":\"Loter\u00eda del Tolima \u2013 Apu\u00e9stele a sus Sue\u00f1os\",\"url\":\"https:\/\/mdhosting.info\/loteria2023\/\",\"logo\":{\"@type\":\"ImageObject\",\"inLanguage\":\"es-CO\",\"@id\":\"https:\/\/mdhosting.info\/loteria2023\/#\/schema\/logo\/image\/\",\"url\":\"https:\/\/mdhosting.info\/loteria2023\/wp-content\/uploads\/2023\/03\/logo_main.png\",\"contentUrl\":\"https:\/\/mdhosting.info\/loteria2023\/wp-content\/uploads\/2023\/03\/logo_main.png\",\"width\":400,\"height\":103,\"caption\":\"Loter\u00eda del Tolima \u2013 Apu\u00e9stele a sus Sue\u00f1os\"},\"image\":{\"@id\":\"https:\/\/mdhosting.info\/loteria2023\/#\/schema\/logo\/image\/\"}}]}<\/script>\n<!-- \/ Yoast SEO plugin. -->","yoast_head_json":{"title":"Estados financieros - Vigencia actual - Loter\u00eda del Tolima \u2013 Apu\u00e9stele a sus Sue\u00f1os","robots":{"index":"index","follow":"follow","max-snippet":"max-snippet:-1","max-image-preview":"max-image-preview:large","max-video-preview":"max-video-preview:-1"},"canonical":"https:\/\/mdhosting.info\/loteria2023\/estados-financieros-vigencia-actual\/","og_locale":"es_ES","og_type":"article","og_title":"Estados financieros - Vigencia actual - Loter\u00eda del Tolima \u2013 Apu\u00e9stele a sus Sue\u00f1os","og_description":"2023 2023 pdfEstados-Financieros-Marzo-2023 DownloadPreview pdfEstados-Financieros-Febrero-2023 DownloadPreview pdfEstados-Financieros-Enero-2023 DownloadPreview","og_url":"https:\/\/mdhosting.info\/loteria2023\/estados-financieros-vigencia-actual\/","og_site_name":"Loter\u00eda del Tolima \u2013 Apu\u00e9stele a sus Sue\u00f1os","article_modified_time":"2023-05-11T15:37:37+00:00","og_image":[{"url":"https:\/\/mdhosting.info\/loteria2023\/wp-content\/plugins\/wp-file-download\/app\/admin\/assets\/images\/t.gif"}],"twitter_card":"summary_large_image","twitter_misc":{"Tiempo de lectura":"1 minuto"},"schema":{"@context":"https:\/\/schema.org","@graph":[{"@type":"WebPage","@id":"https:\/\/mdhosting.info\/loteria2023\/estados-financieros-vigencia-actual\/","url":"https:\/\/mdhosting.info\/loteria2023\/estados-financieros-vigencia-actual\/","name":"Estados financieros - Vigencia actual - Loter\u00eda del Tolima \u2013 Apu\u00e9stele a sus Sue\u00f1os","isPartOf":{"@id":"https:\/\/mdhosting.info\/loteria2023\/#website"},"primaryImageOfPage":{"@id":"https:\/\/mdhosting.info\/loteria2023\/estados-financieros-vigencia-actual\/#primaryimage"},"image":{"@id":"https:\/\/mdhosting.info\/loteria2023\/estados-financieros-vigencia-actual\/#primaryimage"},"thumbnailUrl":"https:\/\/mdhosting.info\/loteria2023\/wp-content\/plugins\/wp-file-download\/app\/admin\/assets\/images\/t.gif","datePublished":"2021-05-10T15:37:56+00:00","dateModified":"2023-05-11T15:37:37+00:00","breadcrumb":{"@id":"https:\/\/mdhosting.info\/loteria2023\/estados-financieros-vigencia-actual\/#breadcrumb"},"inLanguage":"es-CO","potentialAction":[{"@type":"ReadAction","target":["https:\/\/mdhosting.info\/loteria2023\/estados-financieros-vigencia-actual\/"]}]},{"@type":"ImageObject","inLanguage":"es-CO","@id":"https:\/\/mdhosting.info\/loteria2023\/estados-financieros-vigencia-actual\/#primaryimage","url":"https:\/\/mdhosting.info\/loteria2023\/wp-content\/plugins\/wp-file-download\/app\/admin\/assets\/images\/t.gif","contentUrl":"https:\/\/mdhosting.info\/loteria2023\/wp-content\/plugins\/wp-file-download\/app\/admin\/assets\/images\/t.gif"},{"@type":"BreadcrumbList","@id":"https:\/\/mdhosting.info\/loteria2023\/estados-financieros-vigencia-actual\/#breadcrumb","itemListElement":[{"@type":"ListItem","position":1,"name":"Inicio","item":"https:\/\/mdhosting.info\/loteria2023\/"},{"@type":"ListItem","position":2,"name":"Estados financieros &#8211; Vigencia actual"}]},{"@type":"WebSite","@id":"https:\/\/mdhosting.info\/loteria2023\/#website","url":"https:\/\/mdhosting.info\/loteria2023\/","name":"Loter\u00eda del Tolima \u2013 Apu\u00e9stele a sus Sue\u00f1os","description":"Loter\u00eda del Tolima \u2013 Apu\u00e9stele a sus Sue\u00f1os","publisher":{"@id":"https:\/\/mdhosting.info\/loteria2023\/#organization"},"potentialAction":[{"@type":"SearchAction","target":{"@type":"EntryPoint","urlTemplate":"https:\/\/mdhosting.info\/loteria2023\/?s={search_term_string}"},"query-input":"required name=search_term_string"}],"inLanguage":"es-CO"},{"@type":"Organization","@id":"https:\/\/mdhosting.info\/loteria2023\/#organization","name":"Loter\u00eda del Tolima \u2013 Apu\u00e9stele a sus Sue\u00f1os","url":"https:\/\/mdhosting.info\/loteria2023\/","logo":{"@type":"ImageObject","inLanguage":"es-CO","@id":"https:\/\/mdhosting.info\/loteria2023\/#\/schema\/logo\/image\/","url":"https:\/\/mdhosting.info\/loteria2023\/wp-content\/uploads\/2023\/03\/logo_main.png","contentUrl":"https:\/\/mdhosting.info\/loteria2023\/wp-content\/uploads\/2023\/03\/logo_main.png","width":400,"height":103,"caption":"Loter\u00eda del Tolima \u2013 Apu\u00e9stele a sus Sue\u00f1os"},"image":{"@id":"https:\/\/mdhosting.info\/loteria2023\/#\/schema\/logo\/image\/"}}]}},"jetpack_sharing_enabled":true,"_links":{"self":[{"href":"https:\/\/mdhosting.info\/loteria2023\/wp-json\/wp\/v2\/pages\/3168","targetHints":{"allow":["GET"]}}],"collection":[{"href":"https:\/\/mdhosting.info\/loteria2023\/wp-json\/wp\/v2\/pages"}],"about":[{"href":"https:\/\/mdhosting.info\/loteria2023\/wp-json\/wp\/v2\/types\/page"}],"author":[{"embeddable":true,"href":"https:\/\/mdhosting.info\/loteria2023\/wp-json\/wp\/v2\/users\/2"}],"replies":[{"embeddable":true,"href":"https:\/\/mdhosting.info\/loteria2023\/wp-json\/wp\/v2\/comments?post=3168"}],"version-history":[{"count":9,"href":"https:\/\/mdhosting.info\/loteria2023\/wp-json\/wp\/v2\/pages\/3168\/revisions"}],"predecessor-version":[{"id":22413,"href":"https:\/\/mdhosting.info\/loteria2023\/wp-json\/wp\/v2\/pages\/3168\/revisions\/22413"}],"wp:attachment":[{"href":"https:\/\/mdhosting.info\/loteria2023\/wp-json\/wp\/v2\/media?parent=3168"}],"curies":[{"name":"wp","href":"https:\/\/api.w.org\/{rel}","templated":true}]}}