{"id":301,"date":"2021-01-06T18:19:43","date_gmt":"2021-01-06T23:19:43","guid":{"rendered":"https:\/\/loteriadeltolima.com\/nuevo\/?page_id=301"},"modified":"2023-03-03T04:26:44","modified_gmt":"2023-03-03T04:26:44","slug":"aportes-a-salud","status":"publish","type":"page","link":"https:\/\/mdhosting.info\/loteria2023\/aportes-a-salud\/","title":{"rendered":"Aportes a Salud"},"content":{"rendered":"\t\t<div data-elementor-type=\"wp-page\" data-elementor-id=\"301\" class=\"elementor elementor-301\" data-elementor-post-type=\"page\">\n\t\t\t\t\t\t<section class=\"elementor-section elementor-top-section elementor-element elementor-element-618cd16c elementor-section-boxed elementor-section-height-default elementor-section-height-default\" data-id=\"618cd16c\" data-element_type=\"section\">\n\t\t\t\t\t\t<div class=\"elementor-container elementor-column-gap-default\">\n\t\t\t\t\t<div class=\"elementor-column elementor-col-100 elementor-top-column elementor-element elementor-element-6fb563f1\" data-id=\"6fb563f1\" data-element_type=\"column\">\n\t\t\t<div class=\"elementor-widget-wrap elementor-element-populated\">\n\t\t\t\t\t\t<div class=\"elementor-element elementor-element-14333fa7 elementor-widget elementor-widget-heading\" data-id=\"14333fa7\" data-element_type=\"widget\" data-widget_type=\"heading.default\">\n\t\t\t\t<div class=\"elementor-widget-container\">\n\t\t\t\t\t<h1 class=\"elementor-heading-title elementor-size-default\">APORTES A SALUD<\/h1>\t\t\t\t<\/div>\n\t\t\t\t<\/div>\n\t\t\t\t\t<\/div>\n\t\t<\/div>\n\t\t\t\t\t<\/div>\n\t\t<\/section>\n\t\t\t\t<section class=\"elementor-section elementor-top-section elementor-element elementor-element-9b3f1cb elementor-section-boxed elementor-section-height-default elementor-section-height-default\" data-id=\"9b3f1cb\" data-element_type=\"section\">\n\t\t\t\t\t\t<div class=\"elementor-container elementor-column-gap-default\">\n\t\t\t\t\t<div class=\"elementor-column elementor-col-100 elementor-top-column elementor-element elementor-element-ae2c01c\" data-id=\"ae2c01c\" data-element_type=\"column\">\n\t\t\t<div class=\"elementor-widget-wrap elementor-element-populated\">\n\t\t\t\t\t\t\t<\/div>\n\t\t<\/div>\n\t\t\t\t\t<\/div>\n\t\t<\/section>\n\t\t\t\t<section class=\"elementor-section elementor-top-section elementor-element elementor-element-9986833 elementor-section-boxed elementor-section-height-default elementor-section-height-default\" data-id=\"9986833\" data-element_type=\"section\">\n\t\t\t\t\t\t<div class=\"elementor-container elementor-column-gap-default\">\n\t\t\t\t\t<div class=\"elementor-column elementor-col-100 elementor-top-column elementor-element elementor-element-6cb0d03\" data-id=\"6cb0d03\" data-element_type=\"column\">\n\t\t\t<div class=\"elementor-widget-wrap elementor-element-populated\">\n\t\t\t\t\t\t<div class=\"elementor-element elementor-element-9c0b240 elementor-widget elementor-widget-image\" data-id=\"9c0b240\" data-element_type=\"widget\" data-widget_type=\"image.default\">\n\t\t\t\t<div class=\"elementor-widget-container\">\n\t\t\t\t\t\t\t\t\t\t\t\t\t\t\t<img fetchpriority=\"high\" decoding=\"async\" width=\"937\" height=\"528\" src=\"https:\/\/mdhosting.info\/loteria2023\/wp-content\/uploads\/2023\/03\/Metas-de-Transferencias-2022.png\" class=\"attachment-large size-large wp-image-20261\" alt=\"\" srcset=\"https:\/\/mdhosting.info\/loteria2023\/wp-content\/uploads\/2023\/03\/Metas-de-Transferencias-2022.png 937w, https:\/\/mdhosting.info\/loteria2023\/wp-content\/uploads\/2023\/03\/Metas-de-Transferencias-2022-300x169.png 300w, https:\/\/mdhosting.info\/loteria2023\/wp-content\/uploads\/2023\/03\/Metas-de-Transferencias-2022-768x433.png 768w\" sizes=\"(max-width: 937px) 100vw, 937px\" \/>\t\t\t\t\t\t\t\t\t\t\t\t\t\t\t<\/div>\n\t\t\t\t<\/div>\n\t\t\t\t\t<\/div>\n\t\t<\/div>\n\t\t\t\t\t<\/div>\n\t\t<\/section>\n\t\t\t\t<section class=\"elementor-section elementor-top-section elementor-element elementor-element-c8f0fee elementor-section-boxed elementor-section-height-default elementor-section-height-default\" data-id=\"c8f0fee\" data-element_type=\"section\">\n\t\t\t\t\t\t<div class=\"elementor-container elementor-column-gap-default\">\n\t\t\t\t\t<div class=\"elementor-column elementor-col-100 elementor-top-column elementor-element elementor-element-0c5bab6\" data-id=\"0c5bab6\" data-element_type=\"column\">\n\t\t\t<div class=\"elementor-widget-wrap elementor-element-populated\">\n\t\t\t\t\t\t<div class=\"elementor-element elementor-element-99737ed elementor-widget elementor-widget-spacer\" data-id=\"99737ed\" data-element_type=\"widget\" data-widget_type=\"spacer.default\">\n\t\t\t\t<div class=\"elementor-widget-container\">\n\t\t\t\t\t\t\t<div class=\"elementor-spacer\">\n\t\t\t<div class=\"elementor-spacer-inner\"><\/div>\n\t\t<\/div>\n\t\t\t\t\t\t<\/div>\n\t\t\t\t<\/div>\n\t\t\t\t\t<\/div>\n\t\t<\/div>\n\t\t\t\t\t<\/div>\n\t\t<\/section>\n\t\t\t\t<section class=\"elementor-section elementor-top-section elementor-element elementor-element-a003672 elementor-section-boxed elementor-section-height-default elementor-section-height-default\" data-id=\"a003672\" data-element_type=\"section\">\n\t\t\t\t\t\t<div class=\"elementor-container elementor-column-gap-default\">\n\t\t\t\t\t<div class=\"elementor-column elementor-col-100 elementor-top-column elementor-element elementor-element-06d5aee\" data-id=\"06d5aee\" data-element_type=\"column\">\n\t\t\t<div class=\"elementor-widget-wrap elementor-element-populated\">\n\t\t\t\t\t\t<div class=\"elementor-element elementor-element-3b54687 elementor-widget elementor-widget-image\" data-id=\"3b54687\" data-element_type=\"widget\" data-widget_type=\"image.default\">\n\t\t\t\t<div class=\"elementor-widget-container\">\n\t\t\t\t\t\t\t\t\t\t\t\t\t\t\t<img decoding=\"async\" width=\"938\" height=\"525\" src=\"https:\/\/mdhosting.info\/loteria2023\/wp-content\/uploads\/2023\/03\/Metas-de-Transferencias-Cuatrienio.png\" class=\"attachment-large size-large wp-image-20262\" alt=\"\" srcset=\"https:\/\/mdhosting.info\/loteria2023\/wp-content\/uploads\/2023\/03\/Metas-de-Transferencias-Cuatrienio.png 938w, https:\/\/mdhosting.info\/loteria2023\/wp-content\/uploads\/2023\/03\/Metas-de-Transferencias-Cuatrienio-300x168.png 300w, https:\/\/mdhosting.info\/loteria2023\/wp-content\/uploads\/2023\/03\/Metas-de-Transferencias-Cuatrienio-768x430.png 768w\" sizes=\"(max-width: 938px) 100vw, 938px\" \/>\t\t\t\t\t\t\t\t\t\t\t\t\t\t\t<\/div>\n\t\t\t\t<\/div>\n\t\t\t\t\t<\/div>\n\t\t<\/div>\n\t\t\t\t\t<\/div>\n\t\t<\/section>\n\t\t\t\t<\/div>\n\t\t","protected":false},"excerpt":{"rendered":"<p>APORTES A SALUD<\/p>\n","protected":false},"author":3,"featured_media":5716,"parent":0,"menu_order":0,"comment_status":"closed","ping_status":"closed","template":"","meta":{"site-sidebar-layout":"default","site-content-layout":"","ast-site-content-layout":"","site-content-style":"default","site-sidebar-style":"default","ast-global-header-display":"","ast-banner-title-visibility":"","ast-main-header-display":"","ast-hfb-above-header-display":"","ast-hfb-below-header-display":"","ast-hfb-mobile-header-display":"","site-post-title":"","ast-breadcrumbs-content":"","ast-featured-img":"","footer-sml-layout":"","theme-transparent-header-meta":"","adv-header-id-meta":"","stick-header-meta":"","header-above-stick-meta":"","header-main-stick-meta":"","header-below-stick-meta":"","astra-migrate-meta-layouts":"default","ast-page-background-enabled":"default","ast-page-background-meta":{"desktop":{"background-color":"var(--ast-global-color-4)","background-image":"","background-repeat":"repeat","background-position":"center center","background-size":"auto","background-attachment":"scroll","background-type":"","background-media":"","overlay-type":"","overlay-color":"","overlay-gradient":""},"tablet":{"background-color":"","background-image":"","background-repeat":"repeat","background-position":"center center","background-size":"auto","background-attachment":"scroll","background-type":"","background-media":"","overlay-type":"","overlay-color":"","overlay-gradient":""},"mobile":{"background-color":"","background-image":"","background-repeat":"repeat","background-position":"center center","background-size":"auto","background-attachment":"scroll","background-type":"","background-media":"","overlay-type":"","overlay-color":"","overlay-gradient":""}},"ast-content-background-meta":{"desktop":{"background-color":"var(--ast-global-color-5)","background-image":"","background-repeat":"repeat","background-position":"center center","background-size":"auto","background-attachment":"scroll","background-type":"","background-media":"","overlay-type":"","overlay-color":"","overlay-gradient":""},"tablet":{"background-color":"var(--ast-global-color-5)","background-image":"","background-repeat":"repeat","background-position":"center center","background-size":"auto","background-attachment":"scroll","background-type":"","background-media":"","overlay-type":"","overlay-color":"","overlay-gradient":""},"mobile":{"background-color":"var(--ast-global-color-5)","background-image":"","background-repeat":"repeat","background-position":"center center","background-size":"auto","background-attachment":"scroll","background-type":"","background-media":"","overlay-type":"","overlay-color":"","overlay-gradient":""}},"footnotes":""},"class_list":["post-301","page","type-page","status-publish","has-post-thumbnail","hentry"],"yoast_head":"<!-- This site is optimized with the Yoast SEO plugin v22.7 - https:\/\/yoast.com\/wordpress\/plugins\/seo\/ -->\n<title>Aportes a Salud - Loter\u00eda del Tolima \u2013 Apu\u00e9stele a sus Sue\u00f1os<\/title>\n<meta name=\"robots\" content=\"index, follow, max-snippet:-1, max-image-preview:large, max-video-preview:-1\" \/>\n<link rel=\"canonical\" href=\"https:\/\/mdhosting.info\/loteria2023\/aportes-a-salud\/\" \/>\n<meta property=\"og:locale\" content=\"es_ES\" \/>\n<meta property=\"og:type\" content=\"article\" \/>\n<meta property=\"og:title\" content=\"Aportes a Salud - Loter\u00eda del Tolima \u2013 Apu\u00e9stele a sus Sue\u00f1os\" \/>\n<meta property=\"og:description\" content=\"APORTES A SALUD\" \/>\n<meta property=\"og:url\" content=\"https:\/\/mdhosting.info\/loteria2023\/aportes-a-salud\/\" \/>\n<meta property=\"og:site_name\" content=\"Loter\u00eda del Tolima \u2013 Apu\u00e9stele a sus Sue\u00f1os\" \/>\n<meta property=\"article:modified_time\" content=\"2023-03-03T04:26:44+00:00\" \/>\n<meta name=\"twitter:card\" content=\"summary_large_image\" \/>\n<meta name=\"twitter:label1\" content=\"Tiempo de lectura\" \/>\n\t<meta name=\"twitter:data1\" content=\"1 minuto\" \/>\n<script type=\"application\/ld+json\" class=\"yoast-schema-graph\">{\"@context\":\"https:\/\/schema.org\",\"@graph\":[{\"@type\":\"WebPage\",\"@id\":\"https:\/\/mdhosting.info\/loteria2023\/aportes-a-salud\/\",\"url\":\"https:\/\/mdhosting.info\/loteria2023\/aportes-a-salud\/\",\"name\":\"Aportes a Salud - Loter\u00eda del Tolima \u2013 Apu\u00e9stele a sus Sue\u00f1os\",\"isPartOf\":{\"@id\":\"https:\/\/mdhosting.info\/loteria2023\/#website\"},\"primaryImageOfPage\":{\"@id\":\"https:\/\/mdhosting.info\/loteria2023\/aportes-a-salud\/#primaryimage\"},\"image\":{\"@id\":\"https:\/\/mdhosting.info\/loteria2023\/aportes-a-salud\/#primaryimage\"},\"thumbnailUrl\":\"\",\"datePublished\":\"2021-01-06T23:19:43+00:00\",\"dateModified\":\"2023-03-03T04:26:44+00:00\",\"breadcrumb\":{\"@id\":\"https:\/\/mdhosting.info\/loteria2023\/aportes-a-salud\/#breadcrumb\"},\"inLanguage\":\"es-CO\",\"potentialAction\":[{\"@type\":\"ReadAction\",\"target\":[\"https:\/\/mdhosting.info\/loteria2023\/aportes-a-salud\/\"]}]},{\"@type\":\"ImageObject\",\"inLanguage\":\"es-CO\",\"@id\":\"https:\/\/mdhosting.info\/loteria2023\/aportes-a-salud\/#primaryimage\",\"url\":\"\",\"contentUrl\":\"\"},{\"@type\":\"BreadcrumbList\",\"@id\":\"https:\/\/mdhosting.info\/loteria2023\/aportes-a-salud\/#breadcrumb\",\"itemListElement\":[{\"@type\":\"ListItem\",\"position\":1,\"name\":\"Inicio\",\"item\":\"https:\/\/mdhosting.info\/loteria2023\/\"},{\"@type\":\"ListItem\",\"position\":2,\"name\":\"Aportes a Salud\"}]},{\"@type\":\"WebSite\",\"@id\":\"https:\/\/mdhosting.info\/loteria2023\/#website\",\"url\":\"https:\/\/mdhosting.info\/loteria2023\/\",\"name\":\"Loter\u00eda del Tolima \u2013 Apu\u00e9stele a sus Sue\u00f1os\",\"description\":\"Loter\u00eda del Tolima \u2013 Apu\u00e9stele a sus Sue\u00f1os\",\"publisher\":{\"@id\":\"https:\/\/mdhosting.info\/loteria2023\/#organization\"},\"potentialAction\":[{\"@type\":\"SearchAction\",\"target\":{\"@type\":\"EntryPoint\",\"urlTemplate\":\"https:\/\/mdhosting.info\/loteria2023\/?s={search_term_string}\"},\"query-input\":\"required name=search_term_string\"}],\"inLanguage\":\"es-CO\"},{\"@type\":\"Organization\",\"@id\":\"https:\/\/mdhosting.info\/loteria2023\/#organization\",\"name\":\"Loter\u00eda del Tolima \u2013 Apu\u00e9stele a sus Sue\u00f1os\",\"url\":\"https:\/\/mdhosting.info\/loteria2023\/\",\"logo\":{\"@type\":\"ImageObject\",\"inLanguage\":\"es-CO\",\"@id\":\"https:\/\/mdhosting.info\/loteria2023\/#\/schema\/logo\/image\/\",\"url\":\"https:\/\/mdhosting.info\/loteria2023\/wp-content\/uploads\/2023\/03\/logo_main.png\",\"contentUrl\":\"https:\/\/mdhosting.info\/loteria2023\/wp-content\/uploads\/2023\/03\/logo_main.png\",\"width\":400,\"height\":103,\"caption\":\"Loter\u00eda del Tolima \u2013 Apu\u00e9stele a sus Sue\u00f1os\"},\"image\":{\"@id\":\"https:\/\/mdhosting.info\/loteria2023\/#\/schema\/logo\/image\/\"}}]}<\/script>\n<!-- \/ Yoast SEO plugin. -->","yoast_head_json":{"title":"Aportes a Salud - Loter\u00eda del Tolima \u2013 Apu\u00e9stele a sus Sue\u00f1os","robots":{"index":"index","follow":"follow","max-snippet":"max-snippet:-1","max-image-preview":"max-image-preview:large","max-video-preview":"max-video-preview:-1"},"canonical":"https:\/\/mdhosting.info\/loteria2023\/aportes-a-salud\/","og_locale":"es_ES","og_type":"article","og_title":"Aportes a Salud - Loter\u00eda del Tolima \u2013 Apu\u00e9stele a sus Sue\u00f1os","og_description":"APORTES A SALUD","og_url":"https:\/\/mdhosting.info\/loteria2023\/aportes-a-salud\/","og_site_name":"Loter\u00eda del Tolima \u2013 Apu\u00e9stele a sus Sue\u00f1os","article_modified_time":"2023-03-03T04:26:44+00:00","twitter_card":"summary_large_image","twitter_misc":{"Tiempo de lectura":"1 minuto"},"schema":{"@context":"https:\/\/schema.org","@graph":[{"@type":"WebPage","@id":"https:\/\/mdhosting.info\/loteria2023\/aportes-a-salud\/","url":"https:\/\/mdhosting.info\/loteria2023\/aportes-a-salud\/","name":"Aportes a Salud - Loter\u00eda del Tolima \u2013 Apu\u00e9stele a sus Sue\u00f1os","isPartOf":{"@id":"https:\/\/mdhosting.info\/loteria2023\/#website"},"primaryImageOfPage":{"@id":"https:\/\/mdhosting.info\/loteria2023\/aportes-a-salud\/#primaryimage"},"image":{"@id":"https:\/\/mdhosting.info\/loteria2023\/aportes-a-salud\/#primaryimage"},"thumbnailUrl":"","datePublished":"2021-01-06T23:19:43+00:00","dateModified":"2023-03-03T04:26:44+00:00","breadcrumb":{"@id":"https:\/\/mdhosting.info\/loteria2023\/aportes-a-salud\/#breadcrumb"},"inLanguage":"es-CO","potentialAction":[{"@type":"ReadAction","target":["https:\/\/mdhosting.info\/loteria2023\/aportes-a-salud\/"]}]},{"@type":"ImageObject","inLanguage":"es-CO","@id":"https:\/\/mdhosting.info\/loteria2023\/aportes-a-salud\/#primaryimage","url":"","contentUrl":""},{"@type":"BreadcrumbList","@id":"https:\/\/mdhosting.info\/loteria2023\/aportes-a-salud\/#breadcrumb","itemListElement":[{"@type":"ListItem","position":1,"name":"Inicio","item":"https:\/\/mdhosting.info\/loteria2023\/"},{"@type":"ListItem","position":2,"name":"Aportes a Salud"}]},{"@type":"WebSite","@id":"https:\/\/mdhosting.info\/loteria2023\/#website","url":"https:\/\/mdhosting.info\/loteria2023\/","name":"Loter\u00eda del Tolima \u2013 Apu\u00e9stele a sus Sue\u00f1os","description":"Loter\u00eda del Tolima \u2013 Apu\u00e9stele a sus Sue\u00f1os","publisher":{"@id":"https:\/\/mdhosting.info\/loteria2023\/#organization"},"potentialAction":[{"@type":"SearchAction","target":{"@type":"EntryPoint","urlTemplate":"https:\/\/mdhosting.info\/loteria2023\/?s={search_term_string}"},"query-input":"required name=search_term_string"}],"inLanguage":"es-CO"},{"@type":"Organization","@id":"https:\/\/mdhosting.info\/loteria2023\/#organization","name":"Loter\u00eda del Tolima \u2013 Apu\u00e9stele a sus Sue\u00f1os","url":"https:\/\/mdhosting.info\/loteria2023\/","logo":{"@type":"ImageObject","inLanguage":"es-CO","@id":"https:\/\/mdhosting.info\/loteria2023\/#\/schema\/logo\/image\/","url":"https:\/\/mdhosting.info\/loteria2023\/wp-content\/uploads\/2023\/03\/logo_main.png","contentUrl":"https:\/\/mdhosting.info\/loteria2023\/wp-content\/uploads\/2023\/03\/logo_main.png","width":400,"height":103,"caption":"Loter\u00eda del Tolima \u2013 Apu\u00e9stele a sus Sue\u00f1os"},"image":{"@id":"https:\/\/mdhosting.info\/loteria2023\/#\/schema\/logo\/image\/"}}]}},"jetpack_sharing_enabled":true,"_links":{"self":[{"href":"https:\/\/mdhosting.info\/loteria2023\/wp-json\/wp\/v2\/pages\/301","targetHints":{"allow":["GET"]}}],"collection":[{"href":"https:\/\/mdhosting.info\/loteria2023\/wp-json\/wp\/v2\/pages"}],"about":[{"href":"https:\/\/mdhosting.info\/loteria2023\/wp-json\/wp\/v2\/types\/page"}],"author":[{"embeddable":true,"href":"https:\/\/mdhosting.info\/loteria2023\/wp-json\/wp\/v2\/users\/3"}],"replies":[{"embeddable":true,"href":"https:\/\/mdhosting.info\/loteria2023\/wp-json\/wp\/v2\/comments?post=301"}],"version-history":[{"count":4,"href":"https:\/\/mdhosting.info\/loteria2023\/wp-json\/wp\/v2\/pages\/301\/revisions"}],"predecessor-version":[{"id":20557,"href":"https:\/\/mdhosting.info\/loteria2023\/wp-json\/wp\/v2\/pages\/301\/revisions\/20557"}],"wp:featuredmedia":[{"embeddable":true,"href":"https:\/\/mdhosting.info\/loteria2023\/wp-json\/"}],"wp:attachment":[{"href":"https:\/\/mdhosting.info\/loteria2023\/wp-json\/wp\/v2\/media?parent=301"}],"curies":[{"name":"wp","href":"https:\/\/api.w.org\/{rel}","templated":true}]}}