{"id":2557,"date":"2021-04-29T17:59:02","date_gmt":"2021-04-29T22:59:02","guid":{"rendered":"https:\/\/loteriadeltolima.com\/nuevo\/?page_id=2557"},"modified":"2021-04-29T17:59:02","modified_gmt":"2021-04-29T22:59:02","slug":"glosarioo","status":"publish","type":"page","link":"https:\/\/mdhosting.info\/loteria2023\/glosarioo\/","title":{"rendered":"GlosarioO"},"content":{"rendered":"\t\t<div data-elementor-type=\"wp-page\" data-elementor-id=\"2557\" class=\"elementor elementor-2557\" data-elementor-post-type=\"page\">\n\t\t\t\t\t\t<section class=\"elementor-section elementor-top-section elementor-element elementor-element-1d509cf3 elementor-section-boxed elementor-section-height-default elementor-section-height-default\" data-id=\"1d509cf3\" data-element_type=\"section\">\n\t\t\t\t\t\t<div class=\"elementor-container elementor-column-gap-default\">\n\t\t\t\t\t<div class=\"elementor-column elementor-col-100 elementor-top-column elementor-element elementor-element-72113f59\" data-id=\"72113f59\" data-element_type=\"column\">\n\t\t\t<div class=\"elementor-widget-wrap elementor-element-populated\">\n\t\t\t\t\t\t<div class=\"elementor-element elementor-element-20277fce elementor-widget elementor-widget-heading\" data-id=\"20277fce\" data-element_type=\"widget\" data-widget_type=\"heading.default\">\n\t\t\t\t<div class=\"elementor-widget-container\">\n\t\t\t\t\t<h1 class=\"elementor-heading-title elementor-size-default\">GLOSARIO<\/h1>\t\t\t\t<\/div>\n\t\t\t\t<\/div>\n\t\t\t\t<div class=\"elementor-element elementor-element-584a3a4a elementor-widget-divider--view-line elementor-widget elementor-widget-divider\" data-id=\"584a3a4a\" data-element_type=\"widget\" data-widget_type=\"divider.default\">\n\t\t\t\t<div class=\"elementor-widget-container\">\n\t\t\t\t\t\t\t<div class=\"elementor-divider\">\n\t\t\t<span class=\"elementor-divider-separator\">\n\t\t\t\t\t\t<\/span>\n\t\t<\/div>\n\t\t\t\t\t\t<\/div>\n\t\t\t\t<\/div>\n\t\t\t\t\t<\/div>\n\t\t<\/div>\n\t\t\t\t\t<\/div>\n\t\t<\/section>\n\t\t\t\t<section class=\"elementor-section elementor-top-section elementor-element elementor-element-c810f6d elementor-section-boxed elementor-section-height-default elementor-section-height-default\" data-id=\"c810f6d\" data-element_type=\"section\">\n\t\t\t\t\t\t<div class=\"elementor-container elementor-column-gap-default\">\n\t\t\t\t\t<div class=\"elementor-column elementor-col-100 elementor-top-column elementor-element elementor-element-447a5f8\" data-id=\"447a5f8\" data-element_type=\"column\">\n\t\t\t<div class=\"elementor-widget-wrap elementor-element-populated\">\n\t\t\t\t\t\t<div class=\"elementor-element elementor-element-a2dc2bf elementor-widget elementor-widget-text-editor\" data-id=\"a2dc2bf\" data-element_type=\"widget\" data-widget_type=\"text-editor.default\">\n\t\t\t\t<div class=\"elementor-widget-container\">\n\t\t\t\t\t\t\t\t\t<p><strong>Apostador: <\/strong>Persona que arriesga dinero en juegos de suerte y azar, con el fin de obtener m&aacute;s dinero o premio.<\/p>\n<p><strong><u>Aproximaciones:<\/u><\/strong> Premios que se pagan a los clientes que tengas aciertos con respecto al n&uacute;mero y serie del premio mayor o los secos en otras series. Estas aproximaciones est&aacute;n definidas en el plan de premios. Las aproximaciones de la loter&iacute;a del Tolima son:<\/p>\n<ul>\n<li>&Uacute;ltima cifra con serie y sin serie<\/li>\n<li>Dos primeras cifras con serie y sin serie<\/li>\n<li>Dos &uacute;ltimas cifras con serie y sin serie<\/li>\n<li>Tres primeras con serie y sin serie<\/li>\n<li>Primera y dos &uacute;ltimas con serie y sin serie<\/li>\n<li>Dos primeras y ultima con serie y sin serie<\/li>\n<li>Tres &uacute;ltimas con serie y sin serie<\/li>\n<li>Mayor invertido con serie y sin serie<\/li>\n<li>Cuatro cifras del mayor en su orden<\/li>\n<li>Secos sin serie<\/li>\n<\/ul>\n<p>&nbsp;<\/p>\n<p><strong><u>Abonado o Cliente VIP:<\/u><\/strong> persona que paga por anticipado los sorteos correspondientes a m&iacute;nimo un mes o un a&ntilde;o, el cual tiene la posibilidad de escoger su n&uacute;mero de preferencia con el beneficio de obtener descuento especial por afiliarse.<\/p>\n<p><strong><u>Baloteras:<\/u><\/strong> m&aacute;quinas en las que se depositan las balotas para la realizaci&oacute;n del sorteo, en total son 4 baloteras que contiene cada una balotas con la numeraci&oacute;n del 0 al 9&nbsp; y 2 adicionales para la serie de la 0 a la 149. funcionan mediante un sistema neum&aacute;tico y compresor de aire.<\/p>\n<p><strong><u>Balotas:<\/u><\/strong> son esferas que contienen los n&uacute;meros que aportan las combinaciones ganadoras cuando se realizan los sorteos.<\/p>\n<p><strong><u>Billete:<\/u><\/strong> Es el documento al portador indiviso o fraccionado, preimpreso o expedido por una m&aacute;quina o terminal electr&oacute;nica conectada en l&iacute;nea y en tiempo real con el sistema de gesti&oacute;n del juego, singularizado con una combinaci&oacute;n num&eacute;rica o con otros caracteres a la vista, emitido por la entidad administradora u operadora de la loter&iacute;a, que constituye prueba del contrato de juego entre el tenedor del mismo y la entidad operadora de la loter&iacute;a, permiti&eacute;ndole a este participar en un &uacute;nico sorteo. Los billetes de loter&iacute;a deben ser singularizados, usando n&uacute;meros consecutivos o caracteres, en una o m&aacute;s series, de tal manera que se contemplen todas las combinaciones que se pueden obtener con el instrumento de sorteo.<\/p>\n<p><strong><u>CONCESIONARIO: <\/u><\/strong><\/p>\n<p>&nbsp;<\/p>\n<p>Es la persona jur&iacute;dica seleccionada por las loter&iacute;as.&rdquo; Para celebrar y ejecutar directamente el contrato de Concesi&oacute;n para la operaci&oacute;n del Juego de Apuestas Permanentes o chance, que se adjudique mediante licitaci&oacute;n p&uacute;blica, con utilizaci&oacute;n de los formularios oficiales suministrados por la concedente. El contrato que se adjudique a trav&eacute;s de la licitaci&oacute;n, solo le permitir&aacute; al adjudicatario operar el juego de apuestas permanentes o chance en el en el departamento al cual pertenece. Actualmente, el concesionario autorizado por la loter&iacute;a del Tolima para la operaci&oacute;n del juego de apuestas permanentes o chance, es Seapto S.A.<\/p>\n<p>&nbsp;<\/p>\n<p><strong><u>Delegados: <\/u><\/strong>autoridades encargadas de vigilar la transparencia de los sorteos. Todos los lunes cuando juega la loter&iacute;a del Tolima est&aacute;n presentes: un delegado de la loter&iacute;a del Tolima, delegado de la gobernaci&oacute;n, delegado del concesionario de apuestas permanentes y jefe de control interno.<\/p>\n<p><strong><u>Derechos de explotaci&oacute;n: <\/u><\/strong>Cuando los juegos de suerte y azar son operados por terceros, mediante contrato de concesi&oacute;n. La entidad autorizada recibir&aacute; a t&iacute;tulo de derecho de explotaci&oacute;n, un porcentaje de los ingresos brutos, estos ingresos se recudan y se transfieren a las cuentas que manejan los recursos para la salud.<\/p>\n<p><strong><u>Distribuidor:<\/u><\/strong> persona natural o jur&iacute;dica autorizada para realizar la comercializaci&oacute;n y\/o distribuci&oacute;n de la loter&iacute;a en el territorio nacional.<\/p>\n<p><strong><u>Emisi&oacute;n:<\/u><\/strong> Es el conjunto de billetes indivisos o fraccionados que de acuerdo al plan de premios se emiten y ponen en circulaci&oacute;n para participar en cada sorteo. La emisi&oacute;n contendr&aacute; la totalidad de las combinaciones de n&uacute;meros o de caracteres que se utilicen para numerar los billetes, en forma consecutiva o en series. La totalidad de las combinaciones que componen la emisi&oacute;n debe ser puesta a disposici&oacute;n del p&uacute;blico por cualquier medio. Ingresos brutos: Es el valor total de los billetes y fracciones vendidos en cada sorteo.<\/p>\n<p><strong><u>Formulario &Uacute;nico De Apuestas Permanentes<\/u><\/strong><strong>: <\/strong>Es el documento al portador donde se registran las apuestas, ya sea de manera sistematizada. Puede ser en rollo de papel t&eacute;rmico o rollo de papel bond, vendido por la Entidad concedente o la empresa autorizada para el efecto, el cual es de obligatoria utilizaci&oacute;n para el concesionario en la operaci&oacute;n del juego de apuestas permanentes o chance. El costo ser&aacute; asumido por el concesionario.<\/p>\n<p>&nbsp;<\/p>\n<p><strong>Fracci&oacute;n:<\/strong> Tercera parte del billete con la que se participa por ganar la tercera parte de los premios.<\/p>\n<p><strong><u>Impuesto a ganadores: <\/u><\/strong>Los&nbsp;ganadores&nbsp;de premios de loter&iacute;a pagar&aacute;n un&nbsp;impuesto&nbsp;del diecisiete por ciento (17%) sobre el valor nominal del premio, valor que ser&aacute; retenido por la loter&iacute;a responsable u operador autorizado al momento de pagar el premio.<\/p>\n<p><strong><u>Impuesto ganancia ocasional:<\/u><\/strong> hace referencia al impuesto reglamentado seg&uacute;n art&iacute;culo 317 del estatuto tributario, en donde se descuenta la tarifa del 20% en caso de las&nbsp;<strong>ganancias ocasionales por<\/strong>&nbsp;rifas, apuestas y similares.<\/p>\n<p><strong><u>Ingresos Brutos: <\/u><\/strong>Se entiende por ingresos brutos el valor total de las apuestas registradas en los formularios oficiales del juego, sin incluirle IVA.<\/p>\n<p>&nbsp;<\/p>\n<p><strong><u>Juegos De Suerte Y Azar: <\/u><\/strong>Aquellos en los cuales, seg&uacute;n reglas predeterminadas por la Ley y el Reglamento, una persona que act&uacute;a como jugador, realiza una apuesta o paga por el derecho a participar, a otra persona que, en calidad de operador, le ofrece a cambio un premio en dinero o en especie, el cual ganar&aacute; si acierta, dados los resultados del Juego, no siendo previsible este con certeza, por estar determinado por la suerte, el azar o la casualidad.<\/p>\n<p>&nbsp;<\/p>\n<p><strong><u>Juego Ilegal:<\/u><\/strong> Ejercicio il&iacute;cito de actividad monopol&iacute;stica de arbitrio rent&iacute;stico. El que de cualquier manera o vali&eacute;ndose de cualquier medio ejerza una actividad establecida como monopolio de arbitrio rent&iacute;stico, sin la respectiva autorizaci&oacute;n, permiso o contrato, o utilice elementos o modalidades de juego no oficiales.<\/p>\n<p>&nbsp;<\/p>\n<p><strong><u>Loter&iacute;a<\/u><\/strong>: Juego de suerte y azar en el que los participantes compran un billete o fracci&oacute;n con un n&uacute;mero impreso; se extraen al azar balotas con n&uacute;meros grabados en una balotera y si el n&uacute;mero del billete coincide con el extra&iacute;do, se recibe un premio en dinero; tambi&eacute;n tienen premio otros n&uacute;meros dependiendo de la modalidad.<\/p>\n<p><strong>Loter&iacute;a del Tolima:&nbsp;&nbsp; <\/strong>Empresa industrial y comercial del estado, de orden departamental con persona jur&iacute;dica. Empresa que se encarga de la administraci&oacute;n y comercializaci&oacute;n del producto loter&iacute;a, atreves de canales de distribuci&oacute;n tradicional con billeter&iacute;a impresa y canales electr&oacute;nicos. Es una empresa certificada con la norma de calidad ISO 9001.<\/p>\n<p><strong><u>Lotero: <\/u><\/strong>Persona que se dedica a vender loter&iacute;a, especialmente la que tiene a su cargo un establecimiento autorizado.<\/p>\n<p><strong><u>Plan de premios:<\/u><\/strong> hace referencia a los premios que ofrece la loter&iacute;a del Tolima y al monto asignado para cada uno, incluye el premio mayor, premios secos y aproximaciones.<\/p>\n<p><strong><u>Promocional:<\/u><\/strong> premios adicionales al plan de premios, los cuales pueden ir dirigidos al apostador, vendedor o distribuidor, se utilizan para motivar a las partes interesadas en la venta o compra de la Loter&iacute;a.<\/p>\n<p><strong><u>Seguridad de los billetes<\/u><\/strong>. Todo billete de loter&iacute;a preimpreso, o expedido o generado por m&aacute;quina o terminal electr&oacute;nica, deber&aacute; contar con condiciones de seguridad que garanticen su autenticidad y deber&aacute; contener como m&iacute;nimo las combinaciones de n&uacute;meros o de caracteres que lo individualizan, la fecha y n&uacute;mero del sorteo para el cual fue emitido, la entidad operadora, el distribuidor y el plan de premios.<\/p>\n<p><strong><u>Seco:<\/u><\/strong> son premios adicionales al mayor, estos son de menor cuant&iacute;a, lo que quiere decir que los apostadores tienen m&aacute;s posibilidades de ganar con el mismo n&uacute;mero y serie del billete o fracci&oacute;n que compraron.&nbsp;<\/p>\n<p><strong>Unifraccional<\/strong>: Billete completo el cual no viene dividido o fraccionado para su comercializaci&oacute;n<\/p>\n<p><strong><u>Valor de la emisi&oacute;n:<\/u><\/strong> Es el resultado de multiplicar el n&uacute;mero de billetes o fracciones que componen la emisi&oacute;n por su precio de venta al p&uacute;blico. Valor nominal de los billetes o fracciones: Para efectos de lo previsto en el inciso primero del art&iacute;culo 48 de la Ley 643 de 2001, se entiende por valor nominal del billete o fracci&oacute;n, el valor sobre el cual se liquida el impuesto de loter&iacute;as for&aacute;neas. En ning&uacute;n caso, dicho valor podr&aacute; ser inferior al 75% del precio de venta al p&uacute;blico.<\/p>\n<p><strong><u>Valor nominal de los premios<\/u><\/strong>: El valor nominal del premio a que se refiere el inciso segundo del art&iacute;culo 48 de la Ley 643 de 2001, como base para liquidar el impuesto a ganadores, equivale a la suma de dinero ofrecida al p&uacute;blico como importe de aquel, seg&uacute;n lo establecido en el respectivo plan de premios. Valor Neto del Premio: Es el valor que efectivamente recibe el apostador y resulta de deducir del valor nominal del premio los impuestos y retenciones establecidos por ley<\/p>\t\t\t\t\t\t\t\t<\/div>\n\t\t\t\t<\/div>\n\t\t\t\t\t<\/div>\n\t\t<\/div>\n\t\t\t\t\t<\/div>\n\t\t<\/section>\n\t\t\t\t<\/div>\n\t\t","protected":false},"excerpt":{"rendered":"<p>GLOSARIO Apostador: Persona que arriesga dinero en juegos de suerte y azar, con el fin de obtener m&aacute;s dinero o premio. Aproximaciones: Premios que se pagan a los clientes que tengas aciertos con respecto al n&uacute;mero y serie del premio mayor o los secos en otras series. Estas aproximaciones est&aacute;n definidas en el plan de [&hellip;]<\/p>\n","protected":false},"author":2,"featured_media":0,"parent":0,"menu_order":0,"comment_status":"closed","ping_status":"closed","template":"","meta":{"site-sidebar-layout":"default","site-content-layout":"","ast-site-content-layout":"","site-content-style":"default","site-sidebar-style":"default","ast-global-header-display":"","ast-banner-title-visibility":"","ast-main-header-display":"","ast-hfb-above-header-display":"","ast-hfb-below-header-display":"","ast-hfb-mobile-header-display":"","site-post-title":"","ast-breadcrumbs-content":"","ast-featured-img":"","footer-sml-layout":"","theme-transparent-header-meta":"","adv-header-id-meta":"","stick-header-meta":"","header-above-stick-meta":"","header-main-stick-meta":"","header-below-stick-meta":"","astra-migrate-meta-layouts":"default","ast-page-background-enabled":"default","ast-page-background-meta":{"desktop":{"background-color":"var(--ast-global-color-4)","background-image":"","background-repeat":"repeat","background-position":"center center","background-size":"auto","background-attachment":"scroll","background-type":"","background-media":"","overlay-type":"","overlay-color":"","overlay-gradient":""},"tablet":{"background-color":"","background-image":"","background-repeat":"repeat","background-position":"center center","background-size":"auto","background-attachment":"scroll","background-type":"","background-media":"","overlay-type":"","overlay-color":"","overlay-gradient":""},"mobile":{"background-color":"","background-image":"","background-repeat":"repeat","background-position":"center center","background-size":"auto","background-attachment":"scroll","background-type":"","background-media":"","overlay-type":"","overlay-color":"","overlay-gradient":""}},"ast-content-background-meta":{"desktop":{"background-color":"var(--ast-global-color-5)","background-image":"","background-repeat":"repeat","background-position":"center center","background-size":"auto","background-attachment":"scroll","background-type":"","background-media":"","overlay-type":"","overlay-color":"","overlay-gradient":""},"tablet":{"background-color":"var(--ast-global-color-5)","background-image":"","background-repeat":"repeat","background-position":"center center","background-size":"auto","background-attachment":"scroll","background-type":"","background-media":"","overlay-type":"","overlay-color":"","overlay-gradient":""},"mobile":{"background-color":"var(--ast-global-color-5)","background-image":"","background-repeat":"repeat","background-position":"center center","background-size":"auto","background-attachment":"scroll","background-type":"","background-media":"","overlay-type":"","overlay-color":"","overlay-gradient":""}},"footnotes":""},"class_list":["post-2557","page","type-page","status-publish","hentry"],"yoast_head":"<!-- This site is optimized with the Yoast SEO plugin v22.7 - https:\/\/yoast.com\/wordpress\/plugins\/seo\/ -->\n<title>GlosarioO - Loter\u00eda del Tolima \u2013 Apu\u00e9stele a sus Sue\u00f1os<\/title>\n<meta name=\"robots\" content=\"index, follow, max-snippet:-1, max-image-preview:large, max-video-preview:-1\" \/>\n<link rel=\"canonical\" href=\"https:\/\/mdhosting.info\/loteria2023\/glosarioo\/\" \/>\n<meta property=\"og:locale\" content=\"es_ES\" \/>\n<meta property=\"og:type\" content=\"article\" \/>\n<meta property=\"og:title\" content=\"GlosarioO - Loter\u00eda del Tolima \u2013 Apu\u00e9stele a sus Sue\u00f1os\" \/>\n<meta property=\"og:description\" content=\"GLOSARIO Apostador: Persona que arriesga dinero en juegos de suerte y azar, con el fin de obtener m&aacute;s dinero o premio. Aproximaciones: Premios que se pagan a los clientes que tengas aciertos con respecto al n&uacute;mero y serie del premio mayor o los secos en otras series. Estas aproximaciones est&aacute;n definidas en el plan de [&hellip;]\" \/>\n<meta property=\"og:url\" content=\"https:\/\/mdhosting.info\/loteria2023\/glosarioo\/\" \/>\n<meta property=\"og:site_name\" content=\"Loter\u00eda del Tolima \u2013 Apu\u00e9stele a sus Sue\u00f1os\" \/>\n<meta name=\"twitter:card\" content=\"summary_large_image\" \/>\n<meta name=\"twitter:label1\" content=\"Tiempo de lectura\" \/>\n\t<meta name=\"twitter:data1\" content=\"8 minutos\" \/>\n<script type=\"application\/ld+json\" class=\"yoast-schema-graph\">{\"@context\":\"https:\/\/schema.org\",\"@graph\":[{\"@type\":\"WebPage\",\"@id\":\"https:\/\/mdhosting.info\/loteria2023\/glosarioo\/\",\"url\":\"https:\/\/mdhosting.info\/loteria2023\/glosarioo\/\",\"name\":\"GlosarioO - Loter\u00eda del Tolima \u2013 Apu\u00e9stele a sus Sue\u00f1os\",\"isPartOf\":{\"@id\":\"https:\/\/mdhosting.info\/loteria2023\/#website\"},\"datePublished\":\"2021-04-29T22:59:02+00:00\",\"dateModified\":\"2021-04-29T22:59:02+00:00\",\"breadcrumb\":{\"@id\":\"https:\/\/mdhosting.info\/loteria2023\/glosarioo\/#breadcrumb\"},\"inLanguage\":\"es-CO\",\"potentialAction\":[{\"@type\":\"ReadAction\",\"target\":[\"https:\/\/mdhosting.info\/loteria2023\/glosarioo\/\"]}]},{\"@type\":\"BreadcrumbList\",\"@id\":\"https:\/\/mdhosting.info\/loteria2023\/glosarioo\/#breadcrumb\",\"itemListElement\":[{\"@type\":\"ListItem\",\"position\":1,\"name\":\"Inicio\",\"item\":\"https:\/\/mdhosting.info\/loteria2023\/\"},{\"@type\":\"ListItem\",\"position\":2,\"name\":\"GlosarioO\"}]},{\"@type\":\"WebSite\",\"@id\":\"https:\/\/mdhosting.info\/loteria2023\/#website\",\"url\":\"https:\/\/mdhosting.info\/loteria2023\/\",\"name\":\"Loter\u00eda del Tolima \u2013 Apu\u00e9stele a sus Sue\u00f1os\",\"description\":\"Loter\u00eda del Tolima \u2013 Apu\u00e9stele a sus Sue\u00f1os\",\"publisher\":{\"@id\":\"https:\/\/mdhosting.info\/loteria2023\/#organization\"},\"potentialAction\":[{\"@type\":\"SearchAction\",\"target\":{\"@type\":\"EntryPoint\",\"urlTemplate\":\"https:\/\/mdhosting.info\/loteria2023\/?s={search_term_string}\"},\"query-input\":\"required name=search_term_string\"}],\"inLanguage\":\"es-CO\"},{\"@type\":\"Organization\",\"@id\":\"https:\/\/mdhosting.info\/loteria2023\/#organization\",\"name\":\"Loter\u00eda del Tolima \u2013 Apu\u00e9stele a sus Sue\u00f1os\",\"url\":\"https:\/\/mdhosting.info\/loteria2023\/\",\"logo\":{\"@type\":\"ImageObject\",\"inLanguage\":\"es-CO\",\"@id\":\"https:\/\/mdhosting.info\/loteria2023\/#\/schema\/logo\/image\/\",\"url\":\"https:\/\/mdhosting.info\/loteria2023\/wp-content\/uploads\/2023\/03\/logo_main.png\",\"contentUrl\":\"https:\/\/mdhosting.info\/loteria2023\/wp-content\/uploads\/2023\/03\/logo_main.png\",\"width\":400,\"height\":103,\"caption\":\"Loter\u00eda del Tolima \u2013 Apu\u00e9stele a sus Sue\u00f1os\"},\"image\":{\"@id\":\"https:\/\/mdhosting.info\/loteria2023\/#\/schema\/logo\/image\/\"}}]}<\/script>\n<!-- \/ Yoast SEO plugin. -->","yoast_head_json":{"title":"GlosarioO - Loter\u00eda del Tolima \u2013 Apu\u00e9stele a sus Sue\u00f1os","robots":{"index":"index","follow":"follow","max-snippet":"max-snippet:-1","max-image-preview":"max-image-preview:large","max-video-preview":"max-video-preview:-1"},"canonical":"https:\/\/mdhosting.info\/loteria2023\/glosarioo\/","og_locale":"es_ES","og_type":"article","og_title":"GlosarioO - Loter\u00eda del Tolima \u2013 Apu\u00e9stele a sus Sue\u00f1os","og_description":"GLOSARIO Apostador: Persona que arriesga dinero en juegos de suerte y azar, con el fin de obtener m&aacute;s dinero o premio. Aproximaciones: Premios que se pagan a los clientes que tengas aciertos con respecto al n&uacute;mero y serie del premio mayor o los secos en otras series. Estas aproximaciones est&aacute;n definidas en el plan de [&hellip;]","og_url":"https:\/\/mdhosting.info\/loteria2023\/glosarioo\/","og_site_name":"Loter\u00eda del Tolima \u2013 Apu\u00e9stele a sus Sue\u00f1os","twitter_card":"summary_large_image","twitter_misc":{"Tiempo de lectura":"8 minutos"},"schema":{"@context":"https:\/\/schema.org","@graph":[{"@type":"WebPage","@id":"https:\/\/mdhosting.info\/loteria2023\/glosarioo\/","url":"https:\/\/mdhosting.info\/loteria2023\/glosarioo\/","name":"GlosarioO - Loter\u00eda del Tolima \u2013 Apu\u00e9stele a sus Sue\u00f1os","isPartOf":{"@id":"https:\/\/mdhosting.info\/loteria2023\/#website"},"datePublished":"2021-04-29T22:59:02+00:00","dateModified":"2021-04-29T22:59:02+00:00","breadcrumb":{"@id":"https:\/\/mdhosting.info\/loteria2023\/glosarioo\/#breadcrumb"},"inLanguage":"es-CO","potentialAction":[{"@type":"ReadAction","target":["https:\/\/mdhosting.info\/loteria2023\/glosarioo\/"]}]},{"@type":"BreadcrumbList","@id":"https:\/\/mdhosting.info\/loteria2023\/glosarioo\/#breadcrumb","itemListElement":[{"@type":"ListItem","position":1,"name":"Inicio","item":"https:\/\/mdhosting.info\/loteria2023\/"},{"@type":"ListItem","position":2,"name":"GlosarioO"}]},{"@type":"WebSite","@id":"https:\/\/mdhosting.info\/loteria2023\/#website","url":"https:\/\/mdhosting.info\/loteria2023\/","name":"Loter\u00eda del Tolima \u2013 Apu\u00e9stele a sus Sue\u00f1os","description":"Loter\u00eda del Tolima \u2013 Apu\u00e9stele a sus Sue\u00f1os","publisher":{"@id":"https:\/\/mdhosting.info\/loteria2023\/#organization"},"potentialAction":[{"@type":"SearchAction","target":{"@type":"EntryPoint","urlTemplate":"https:\/\/mdhosting.info\/loteria2023\/?s={search_term_string}"},"query-input":"required name=search_term_string"}],"inLanguage":"es-CO"},{"@type":"Organization","@id":"https:\/\/mdhosting.info\/loteria2023\/#organization","name":"Loter\u00eda del Tolima \u2013 Apu\u00e9stele a sus Sue\u00f1os","url":"https:\/\/mdhosting.info\/loteria2023\/","logo":{"@type":"ImageObject","inLanguage":"es-CO","@id":"https:\/\/mdhosting.info\/loteria2023\/#\/schema\/logo\/image\/","url":"https:\/\/mdhosting.info\/loteria2023\/wp-content\/uploads\/2023\/03\/logo_main.png","contentUrl":"https:\/\/mdhosting.info\/loteria2023\/wp-content\/uploads\/2023\/03\/logo_main.png","width":400,"height":103,"caption":"Loter\u00eda del Tolima \u2013 Apu\u00e9stele a sus Sue\u00f1os"},"image":{"@id":"https:\/\/mdhosting.info\/loteria2023\/#\/schema\/logo\/image\/"}}]}},"jetpack_sharing_enabled":true,"_links":{"self":[{"href":"https:\/\/mdhosting.info\/loteria2023\/wp-json\/wp\/v2\/pages\/2557","targetHints":{"allow":["GET"]}}],"collection":[{"href":"https:\/\/mdhosting.info\/loteria2023\/wp-json\/wp\/v2\/pages"}],"about":[{"href":"https:\/\/mdhosting.info\/loteria2023\/wp-json\/wp\/v2\/types\/page"}],"author":[{"embeddable":true,"href":"https:\/\/mdhosting.info\/loteria2023\/wp-json\/wp\/v2\/users\/2"}],"replies":[{"embeddable":true,"href":"https:\/\/mdhosting.info\/loteria2023\/wp-json\/wp\/v2\/comments?post=2557"}],"version-history":[{"count":0,"href":"https:\/\/mdhosting.info\/loteria2023\/wp-json\/wp\/v2\/pages\/2557\/revisions"}],"wp:attachment":[{"href":"https:\/\/mdhosting.info\/loteria2023\/wp-json\/wp\/v2\/media?parent=2557"}],"curies":[{"name":"wp","href":"https:\/\/api.w.org\/{rel}","templated":true}]}}