{"id":2550,"date":"2021-04-29T17:52:02","date_gmt":"2021-04-29T22:52:02","guid":{"rendered":"https:\/\/loteriadeltolima.com\/nuevo\/?page_id=2550"},"modified":"2021-04-29T17:52:02","modified_gmt":"2021-04-29T22:52:02","slug":"preguntas-frecuenteso","status":"publish","type":"page","link":"https:\/\/mdhosting.info\/loteria2023\/preguntas-frecuenteso\/","title":{"rendered":"Preguntas frecuentesO"},"content":{"rendered":"\t\t<div data-elementor-type=\"wp-page\" data-elementor-id=\"2550\" class=\"elementor elementor-2550\" data-elementor-post-type=\"page\">\n\t\t\t\t\t\t<section class=\"elementor-section elementor-top-section elementor-element elementor-element-5b65aa76 elementor-section-boxed elementor-section-height-default elementor-section-height-default\" data-id=\"5b65aa76\" data-element_type=\"section\">\n\t\t\t\t\t\t<div class=\"elementor-container elementor-column-gap-default\">\n\t\t\t\t\t<div class=\"elementor-column elementor-col-100 elementor-top-column elementor-element elementor-element-7f48e9fc\" data-id=\"7f48e9fc\" data-element_type=\"column\">\n\t\t\t<div class=\"elementor-widget-wrap elementor-element-populated\">\n\t\t\t\t\t\t<div class=\"elementor-element elementor-element-1b4c3ff2 elementor-widget elementor-widget-heading\" data-id=\"1b4c3ff2\" data-element_type=\"widget\" data-widget_type=\"heading.default\">\n\t\t\t\t<div class=\"elementor-widget-container\">\n\t\t\t\t\t<h1 class=\"elementor-heading-title elementor-size-default\">PREGUNTAS FRECUENTES<\/h1>\t\t\t\t<\/div>\n\t\t\t\t<\/div>\n\t\t\t\t<div class=\"elementor-element elementor-element-2dec2426 elementor-widget-divider--view-line elementor-widget elementor-widget-divider\" data-id=\"2dec2426\" data-element_type=\"widget\" data-widget_type=\"divider.default\">\n\t\t\t\t<div class=\"elementor-widget-container\">\n\t\t\t\t\t\t\t<div class=\"elementor-divider\">\n\t\t\t<span class=\"elementor-divider-separator\">\n\t\t\t\t\t\t<\/span>\n\t\t<\/div>\n\t\t\t\t\t\t<\/div>\n\t\t\t\t<\/div>\n\t\t\t\t\t<\/div>\n\t\t<\/div>\n\t\t\t\t\t<\/div>\n\t\t<\/section>\n\t\t\t\t<section class=\"elementor-section elementor-top-section elementor-element elementor-element-dc881f8 elementor-section-boxed elementor-section-height-default elementor-section-height-default\" data-id=\"dc881f8\" data-element_type=\"section\">\n\t\t\t\t\t\t<div class=\"elementor-container elementor-column-gap-default\">\n\t\t\t\t\t<div class=\"elementor-column elementor-col-100 elementor-top-column elementor-element elementor-element-fd90414\" data-id=\"fd90414\" data-element_type=\"column\">\n\t\t\t<div class=\"elementor-widget-wrap elementor-element-populated\">\n\t\t\t\t\t\t<div class=\"elementor-element elementor-element-a6ba2c4 elementor-widget elementor-widget-text-editor\" data-id=\"a6ba2c4\" data-element_type=\"widget\" data-widget_type=\"text-editor.default\">\n\t\t\t\t<div class=\"elementor-widget-container\">\n\t\t\t\t\t\t\t\t\t<p><strong>\u00bfCu\u00e1l es el valor del billete y cuantas fracciones tiene la Loter\u00eda dl Tolima?<\/strong><\/p><p>El billete de la loter\u00eda tiene un costo de $9.000, consta de 3 fracciones cada una por valor de $3.000.<\/p><p><strong>\u00a0\u00bfC\u00f3mo puedo consultar los resultados de la Loter\u00eda del Tolima?<\/strong><\/p><p>Los resultados de la loter\u00eda del Tolima los puede consultar a trav\u00e9s de <a href=\"http:\/\/www.loteriadeltolima.com\">www.loteriadeltolima.com<\/a>, en la secci\u00f3n resultados. Asimismo, en la p\u00e1gina de inicio se encuentra la opci\u00f3n \u201cConsulta si eres un ganador\u201d<\/p><p><strong>\u00bfQu\u00e9 beneficios tiene ser cliente VIP de la loter\u00eda del Tolima?<\/strong><\/p><ul><li>Econom\u00eda en el valor del billete<\/li><li>Asesor\u00eda Personalizada<\/li><li>Informaci\u00f3n al instante acerca de resultados, premios y novedades.<\/li><li>Seguridad: evita fraudes y falsificaciones.<\/li><li>Asegura tu n\u00famero favorito<\/li><\/ul><p><strong>\u00bfCu\u00e1l es el Plan de Premios de la Loter\u00eda de Tolima?<\/strong><\/p><p><img fetchpriority=\"high\" decoding=\"async\" class=\"aligncenter wp-image-2551 size-full\" src=\"https:\/\/loteriadeltolima.com\/wp-content\/uploads\/2021\/04\/plan_premios_lt.jpg\" alt=\"\" width=\"485\" height=\"151\" \/><\/p><p><strong>\u00bfQu\u00e9 retenciones se realizan cuando me gano un premio de la Loter\u00eda del Tolima?<\/strong><\/p><p>Seg\u00fan art\u00edculo 48 de la ley 643 de 2001, todos los premios que se obtengan a trav\u00e9s de loter\u00edas en el pa\u00eds, est\u00e1n sujetos a una retenci\u00f3n denominada impuesto a ganadores, el cual deduce el 17% sobre el valor nominal del premio, estos recursos son transferidos al sector salud.<\/p><p>Adicional al 17%, si el premio obtenido supera los 48UVT, para el a\u00f1o 2021 es de $1.743.000, se realiza la retenci\u00f3n por concepto de ganancia ocasional, el cual deduce el 20%, estos recursos son enviados a la DIAN.<\/p><p>\u00a0<\/p><p><strong>\u00bfC\u00f3mo se pagan los premios de la Loter\u00eda de Tolima?\u00a0<\/strong><\/p><p>Para el pago de premios se debe presentar el billete o fracci\u00f3n f\u00edsico o virtual en las instalaciones de la loter\u00eda del Tolima o en la agencia que distribuy\u00f3 en n\u00famero ganador, esta informaci\u00f3n se encuentra consignada en el billete de loter\u00eda. Sin embargo, se deben de tener en cuenta las siguientes precisiones:<\/p><ol><li><strong>Pago de aproximaciones<\/strong>: se pueden realizar con el lotero de confianza o en la agencia distribuidora de loter\u00eda.<\/li><li><strong>Premios inferiores a 5 millones de pesos: <\/strong>se debe diligenciar los datos personales al respaldo del billete o fracci\u00f3n y anexar copia de la c\u00e9dula de ciudadan\u00eda de la persona que reclama el premio.<\/li><li><strong>Premios Superiores a 5 millones de pesos: <\/strong>adicional al billete o fracci\u00f3n y a la copia de la cedula de ciudadan\u00eda, se debe diligenciar el formato de identificaci\u00f3n de ganadores y el formato de verificaci\u00f3n de datos, asimismo, si el premio se reclama a trav\u00e9s de la loter\u00eda del Tolima se debe anexar el Rut y la cuenta bancaria de la persona que va a reclamar el premio, toda vez que la entidad solo realiza transferencia bancaria.<\/li><\/ol><p>\u00a0<\/p><p><strong>\u00bfCu\u00e1nto tiempo tarda la loter\u00eda del Tolima en pagar un premio?<\/strong><\/p><p>La loter\u00eda del Tolima tiene hasta un mes para realizar la transferencia bancaria al ganador del premio, esto aplica cuando el premio es tramitado directamente con la entidad.<\/p><p>\u00a0<\/p><p><strong>\u00bfCu\u00e1nto tiempo tengo para reclamar un premio de la loter\u00eda del Tolima?\u00a0<\/strong><\/p><p>Seg\u00fan lo establecido en la Ley 1393 de 2010, cap\u00edtulo II en su art\u00edculo 12, los premios tienen caducidad de un a\u00f1o a partir de la fecha en la que se realiz\u00f3 el sorteo.<\/p><p><strong>\u00bfComo puedo verificar si estoy comprando un billete valido de la loter\u00eda del Tolima?\u00a0<\/strong><\/p><p>\u00a0<\/p><p><strong>\u00bfQu\u00e9 medios puedo utilizar para exponer una PQRs?<\/strong><\/p><p>Para realizar una pregunta, queja, reclamo, sugerencia o denuncia, existen las siguientes opciones: a trav\u00e9s de la p\u00e1gina web de la entidad, la loter\u00eda del Tolima cuenta con una secci\u00f3n destinada a la recepci\u00f3n de PQRs, para ello se ingresa a <a href=\"http:\/\/www.loteriadeltolima.com\">www.loteriadeltolima.com<\/a>, en la secci\u00f3n servicio al cliente se encuentra la opci\u00f3n PQRs, all\u00ed se diligencian los campos solicitados y su petici\u00f3n ser\u00e1 contestada al correo registrado, en los tiempos de ley establecidos.<\/p><p>\u00a0<strong>\u00bfA trav\u00e9s de qu\u00e9 medios puedo comprar la Loter\u00eda de Tolima?<\/strong><\/p><p>La loter\u00eda del Tolima se puede adquirir de la siguiente forma:<\/p><ul><li>Lotero de confianza<\/li><li>Distribuidores autorizados (ver aqu\u00ed)<\/li><li>Puntos de venta Baloto<\/li><li>Drogas la rebaja<\/li><li>Puntos de venta Gelsa en Bogot\u00e1 y Codesa en Cali<\/li><li>Canales virtuales como:<\/li><li><a href=\"https:\/\/www.lottired.net\/portal\/inicio\">https:\/\/www.lottired.net\/portal\/inicio<\/a><\/li><li><a href=\"https:\/\/www.loticolombia.com\/\">https:\/\/www.loticolombia.com\/<\/a><\/li><\/ul><p><strong>\u00bfCu\u00e1l es el horario de atenci\u00f3n al p\u00fablico?<\/strong><\/p><p>Teniendo en cuenta la emergencia sanitaria que actualmente vive el pa\u00eds a causa de la COVID-19, mediante resoluci\u00f3n No 070 del 20 de abril de 2020, se modific\u00f3 de manera temporal el horario, quedando establecido de lunes a viernes de 7:00am a 04:00pm en jornada continua.<\/p><p><strong>\u00bfC\u00f3mo puedo realizar una rifa o un promocional?<\/strong><\/p><p>Si desea conocer el tr\u00e1mite para realizar una rifa o promocional, pulse aqu\u00ed. (dirigir a la secci\u00f3n de rifas y promocionales)<\/p><p><strong>\u00bfEn qu\u00e9 horario juega la Loter\u00eda de Tolima y por qu\u00e9 canal se transmite el sorteo?<\/strong><\/p><p>La loter\u00eda del Tolima juega los lunes a las 10:30 pm, en caso de ser festivo, el sorteo se realiza el d\u00eda martes en el mismo horario y es transmitido a trav\u00e9s del canal P&amp;C de Ibagu\u00e9 y a trav\u00e9s de nuestra fan page de Facebook \u201cLoter\u00eda del Tolima\u201d.<\/p><p><strong>\u00bfQu\u00e9 documentos requiero para reclamar un premio de la loter\u00eda del Tolima y en qu\u00e9 lugar?<\/strong><\/p><p>Para reclamar alg\u00fan premio, debes acerarte a las instalaciones de la loter\u00eda del Tolima con el billete original premiado, cedula de ciudadan\u00eda, RUT y diligencias dos formatos de calidad internos de la entidad (identificaci\u00f3n de ganadores y formato de verificaci\u00f3n de datos). Si el premio es inferior a $5 millones puedes reclamarlo en cualquier agencia distribuidora del pa\u00eds. Para descargar los formularios, pulse aqu\u00ed.<\/p><p><strong>\u00bfQu\u00e9 cantidad de series tiene la loter\u00eda del Tolima?<\/strong><\/p><p>La loter\u00eda del Tolima cuenta con 150 series, desde la 000 hasta la 149<\/p><p><strong>\u00bfQui\u00e9nes pueden realizar la compra de la loter\u00eda del Tolima?<\/strong><\/p><p>Cualquier ciudadano que sea mayor de edad.<\/p>\t\t\t\t\t\t\t\t<\/div>\n\t\t\t\t<\/div>\n\t\t\t\t\t<\/div>\n\t\t<\/div>\n\t\t\t\t\t<\/div>\n\t\t<\/section>\n\t\t\t\t<\/div>\n\t\t","protected":false},"excerpt":{"rendered":"<p>PREGUNTAS FRECUENTES \u00bfCu\u00e1l es el valor del billete y cuantas fracciones tiene la Loter\u00eda del Tolima? El billete de la loter\u00eda tiene un costo de $9.000, consta de 3 fracciones cada una por valor de $3.000. \u00a0\u00bfC\u00f3mo puedo consultar los resultados de la Loter\u00eda del Tolima? Click aqu\u00ed \u00bfQu\u00e9 beneficios tiene ser cliente VIP de [&hellip;]<\/p>\n","protected":false},"author":2,"featured_media":0,"parent":0,"menu_order":0,"comment_status":"closed","ping_status":"closed","template":"","meta":{"site-sidebar-layout":"default","site-content-layout":"","ast-site-content-layout":"","site-content-style":"default","site-sidebar-style":"default","ast-global-header-display":"","ast-banner-title-visibility":"","ast-main-header-display":"","ast-hfb-above-header-display":"","ast-hfb-below-header-display":"","ast-hfb-mobile-header-display":"","site-post-title":"","ast-breadcrumbs-content":"","ast-featured-img":"","footer-sml-layout":"","theme-transparent-header-meta":"","adv-header-id-meta":"","stick-header-meta":"","header-above-stick-meta":"","header-main-stick-meta":"","header-below-stick-meta":"","astra-migrate-meta-layouts":"default","ast-page-background-enabled":"default","ast-page-background-meta":{"desktop":{"background-color":"var(--ast-global-color-4)","background-image":"","background-repeat":"repeat","background-position":"center center","background-size":"auto","background-attachment":"scroll","background-type":"","background-media":"","overlay-type":"","overlay-color":"","overlay-gradient":""},"tablet":{"background-color":"","background-image":"","background-repeat":"repeat","background-position":"center center","background-size":"auto","background-attachment":"scroll","background-type":"","background-media":"","overlay-type":"","overlay-color":"","overlay-gradient":""},"mobile":{"background-color":"","background-image":"","background-repeat":"repeat","background-position":"center center","background-size":"auto","background-attachment":"scroll","background-type":"","background-media":"","overlay-type":"","overlay-color":"","overlay-gradient":""}},"ast-content-background-meta":{"desktop":{"background-color":"var(--ast-global-color-5)","background-image":"","background-repeat":"repeat","background-position":"center center","background-size":"auto","background-attachment":"scroll","background-type":"","background-media":"","overlay-type":"","overlay-color":"","overlay-gradient":""},"tablet":{"background-color":"var(--ast-global-color-5)","background-image":"","background-repeat":"repeat","background-position":"center center","background-size":"auto","background-attachment":"scroll","background-type":"","background-media":"","overlay-type":"","overlay-color":"","overlay-gradient":""},"mobile":{"background-color":"var(--ast-global-color-5)","background-image":"","background-repeat":"repeat","background-position":"center center","background-size":"auto","background-attachment":"scroll","background-type":"","background-media":"","overlay-type":"","overlay-color":"","overlay-gradient":""}},"footnotes":""},"class_list":["post-2550","page","type-page","status-publish","hentry"],"yoast_head":"<!-- This site is optimized with the Yoast SEO plugin v22.7 - https:\/\/yoast.com\/wordpress\/plugins\/seo\/ -->\n<title>Preguntas frecuentesO - Loter\u00eda del Tolima \u2013 Apu\u00e9stele a sus Sue\u00f1os<\/title>\n<meta name=\"robots\" content=\"index, follow, max-snippet:-1, max-image-preview:large, max-video-preview:-1\" \/>\n<link rel=\"canonical\" href=\"https:\/\/mdhosting.info\/loteria2023\/preguntas-frecuenteso\/\" \/>\n<meta property=\"og:locale\" content=\"es_ES\" \/>\n<meta property=\"og:type\" content=\"article\" \/>\n<meta property=\"og:title\" content=\"Preguntas frecuentesO - Loter\u00eda del Tolima \u2013 Apu\u00e9stele a sus Sue\u00f1os\" \/>\n<meta property=\"og:description\" content=\"PREGUNTAS FRECUENTES \u00bfCu\u00e1l es el valor del billete y cuantas fracciones tiene la Loter\u00eda del Tolima? El billete de la loter\u00eda tiene un costo de $9.000, consta de 3 fracciones cada una por valor de $3.000. \u00a0\u00bfC\u00f3mo puedo consultar los resultados de la Loter\u00eda del Tolima? Click aqu\u00ed \u00bfQu\u00e9 beneficios tiene ser cliente VIP de [&hellip;]\" \/>\n<meta property=\"og:url\" content=\"https:\/\/mdhosting.info\/loteria2023\/preguntas-frecuenteso\/\" \/>\n<meta property=\"og:site_name\" content=\"Loter\u00eda del Tolima \u2013 Apu\u00e9stele a sus Sue\u00f1os\" \/>\n<meta name=\"twitter:card\" content=\"summary_large_image\" \/>\n<meta name=\"twitter:label1\" content=\"Tiempo de lectura\" \/>\n\t<meta name=\"twitter:data1\" content=\"5 minutos\" \/>\n<script type=\"application\/ld+json\" class=\"yoast-schema-graph\">{\"@context\":\"https:\/\/schema.org\",\"@graph\":[{\"@type\":\"WebPage\",\"@id\":\"https:\/\/mdhosting.info\/loteria2023\/preguntas-frecuenteso\/\",\"url\":\"https:\/\/mdhosting.info\/loteria2023\/preguntas-frecuenteso\/\",\"name\":\"Preguntas frecuentesO - Loter\u00eda del Tolima \u2013 Apu\u00e9stele a sus Sue\u00f1os\",\"isPartOf\":{\"@id\":\"https:\/\/mdhosting.info\/loteria2023\/#website\"},\"datePublished\":\"2021-04-29T22:52:02+00:00\",\"dateModified\":\"2021-04-29T22:52:02+00:00\",\"breadcrumb\":{\"@id\":\"https:\/\/mdhosting.info\/loteria2023\/preguntas-frecuenteso\/#breadcrumb\"},\"inLanguage\":\"es-CO\",\"potentialAction\":[{\"@type\":\"ReadAction\",\"target\":[\"https:\/\/mdhosting.info\/loteria2023\/preguntas-frecuenteso\/\"]}]},{\"@type\":\"BreadcrumbList\",\"@id\":\"https:\/\/mdhosting.info\/loteria2023\/preguntas-frecuenteso\/#breadcrumb\",\"itemListElement\":[{\"@type\":\"ListItem\",\"position\":1,\"name\":\"Inicio\",\"item\":\"https:\/\/mdhosting.info\/loteria2023\/\"},{\"@type\":\"ListItem\",\"position\":2,\"name\":\"Preguntas frecuentesO\"}]},{\"@type\":\"WebSite\",\"@id\":\"https:\/\/mdhosting.info\/loteria2023\/#website\",\"url\":\"https:\/\/mdhosting.info\/loteria2023\/\",\"name\":\"Loter\u00eda del Tolima \u2013 Apu\u00e9stele a sus Sue\u00f1os\",\"description\":\"Loter\u00eda del Tolima \u2013 Apu\u00e9stele a sus Sue\u00f1os\",\"publisher\":{\"@id\":\"https:\/\/mdhosting.info\/loteria2023\/#organization\"},\"potentialAction\":[{\"@type\":\"SearchAction\",\"target\":{\"@type\":\"EntryPoint\",\"urlTemplate\":\"https:\/\/mdhosting.info\/loteria2023\/?s={search_term_string}\"},\"query-input\":\"required name=search_term_string\"}],\"inLanguage\":\"es-CO\"},{\"@type\":\"Organization\",\"@id\":\"https:\/\/mdhosting.info\/loteria2023\/#organization\",\"name\":\"Loter\u00eda del Tolima \u2013 Apu\u00e9stele a sus Sue\u00f1os\",\"url\":\"https:\/\/mdhosting.info\/loteria2023\/\",\"logo\":{\"@type\":\"ImageObject\",\"inLanguage\":\"es-CO\",\"@id\":\"https:\/\/mdhosting.info\/loteria2023\/#\/schema\/logo\/image\/\",\"url\":\"https:\/\/mdhosting.info\/loteria2023\/wp-content\/uploads\/2023\/03\/logo_main.png\",\"contentUrl\":\"https:\/\/mdhosting.info\/loteria2023\/wp-content\/uploads\/2023\/03\/logo_main.png\",\"width\":400,\"height\":103,\"caption\":\"Loter\u00eda del Tolima \u2013 Apu\u00e9stele a sus Sue\u00f1os\"},\"image\":{\"@id\":\"https:\/\/mdhosting.info\/loteria2023\/#\/schema\/logo\/image\/\"}}]}<\/script>\n<!-- \/ Yoast SEO plugin. -->","yoast_head_json":{"title":"Preguntas frecuentesO - Loter\u00eda del Tolima \u2013 Apu\u00e9stele a sus Sue\u00f1os","robots":{"index":"index","follow":"follow","max-snippet":"max-snippet:-1","max-image-preview":"max-image-preview:large","max-video-preview":"max-video-preview:-1"},"canonical":"https:\/\/mdhosting.info\/loteria2023\/preguntas-frecuenteso\/","og_locale":"es_ES","og_type":"article","og_title":"Preguntas frecuentesO - Loter\u00eda del Tolima \u2013 Apu\u00e9stele a sus Sue\u00f1os","og_description":"PREGUNTAS FRECUENTES \u00bfCu\u00e1l es el valor del billete y cuantas fracciones tiene la Loter\u00eda del Tolima? El billete de la loter\u00eda tiene un costo de $9.000, consta de 3 fracciones cada una por valor de $3.000. \u00a0\u00bfC\u00f3mo puedo consultar los resultados de la Loter\u00eda del Tolima? Click aqu\u00ed \u00bfQu\u00e9 beneficios tiene ser cliente VIP de [&hellip;]","og_url":"https:\/\/mdhosting.info\/loteria2023\/preguntas-frecuenteso\/","og_site_name":"Loter\u00eda del Tolima \u2013 Apu\u00e9stele a sus Sue\u00f1os","twitter_card":"summary_large_image","twitter_misc":{"Tiempo de lectura":"5 minutos"},"schema":{"@context":"https:\/\/schema.org","@graph":[{"@type":"WebPage","@id":"https:\/\/mdhosting.info\/loteria2023\/preguntas-frecuenteso\/","url":"https:\/\/mdhosting.info\/loteria2023\/preguntas-frecuenteso\/","name":"Preguntas frecuentesO - Loter\u00eda del Tolima \u2013 Apu\u00e9stele a sus Sue\u00f1os","isPartOf":{"@id":"https:\/\/mdhosting.info\/loteria2023\/#website"},"datePublished":"2021-04-29T22:52:02+00:00","dateModified":"2021-04-29T22:52:02+00:00","breadcrumb":{"@id":"https:\/\/mdhosting.info\/loteria2023\/preguntas-frecuenteso\/#breadcrumb"},"inLanguage":"es-CO","potentialAction":[{"@type":"ReadAction","target":["https:\/\/mdhosting.info\/loteria2023\/preguntas-frecuenteso\/"]}]},{"@type":"BreadcrumbList","@id":"https:\/\/mdhosting.info\/loteria2023\/preguntas-frecuenteso\/#breadcrumb","itemListElement":[{"@type":"ListItem","position":1,"name":"Inicio","item":"https:\/\/mdhosting.info\/loteria2023\/"},{"@type":"ListItem","position":2,"name":"Preguntas frecuentesO"}]},{"@type":"WebSite","@id":"https:\/\/mdhosting.info\/loteria2023\/#website","url":"https:\/\/mdhosting.info\/loteria2023\/","name":"Loter\u00eda del Tolima \u2013 Apu\u00e9stele a sus Sue\u00f1os","description":"Loter\u00eda del Tolima \u2013 Apu\u00e9stele a sus Sue\u00f1os","publisher":{"@id":"https:\/\/mdhosting.info\/loteria2023\/#organization"},"potentialAction":[{"@type":"SearchAction","target":{"@type":"EntryPoint","urlTemplate":"https:\/\/mdhosting.info\/loteria2023\/?s={search_term_string}"},"query-input":"required name=search_term_string"}],"inLanguage":"es-CO"},{"@type":"Organization","@id":"https:\/\/mdhosting.info\/loteria2023\/#organization","name":"Loter\u00eda del Tolima \u2013 Apu\u00e9stele a sus Sue\u00f1os","url":"https:\/\/mdhosting.info\/loteria2023\/","logo":{"@type":"ImageObject","inLanguage":"es-CO","@id":"https:\/\/mdhosting.info\/loteria2023\/#\/schema\/logo\/image\/","url":"https:\/\/mdhosting.info\/loteria2023\/wp-content\/uploads\/2023\/03\/logo_main.png","contentUrl":"https:\/\/mdhosting.info\/loteria2023\/wp-content\/uploads\/2023\/03\/logo_main.png","width":400,"height":103,"caption":"Loter\u00eda del Tolima \u2013 Apu\u00e9stele a sus Sue\u00f1os"},"image":{"@id":"https:\/\/mdhosting.info\/loteria2023\/#\/schema\/logo\/image\/"}}]}},"jetpack_sharing_enabled":true,"_links":{"self":[{"href":"https:\/\/mdhosting.info\/loteria2023\/wp-json\/wp\/v2\/pages\/2550","targetHints":{"allow":["GET"]}}],"collection":[{"href":"https:\/\/mdhosting.info\/loteria2023\/wp-json\/wp\/v2\/pages"}],"about":[{"href":"https:\/\/mdhosting.info\/loteria2023\/wp-json\/wp\/v2\/types\/page"}],"author":[{"embeddable":true,"href":"https:\/\/mdhosting.info\/loteria2023\/wp-json\/wp\/v2\/users\/2"}],"replies":[{"embeddable":true,"href":"https:\/\/mdhosting.info\/loteria2023\/wp-json\/wp\/v2\/comments?post=2550"}],"version-history":[{"count":0,"href":"https:\/\/mdhosting.info\/loteria2023\/wp-json\/wp\/v2\/pages\/2550\/revisions"}],"wp:attachment":[{"href":"https:\/\/mdhosting.info\/loteria2023\/wp-json\/wp\/v2\/media?parent=2550"}],"curies":[{"name":"wp","href":"https:\/\/api.w.org\/{rel}","templated":true}]}}