{"id":19489,"date":"2023-02-11T14:06:31","date_gmt":"2023-02-11T14:06:31","guid":{"rendered":"https:\/\/mdhosting.info\/loteria2023\/?page_id=19489"},"modified":"2023-05-17T17:21:36","modified_gmt":"2023-05-17T17:21:36","slug":"loteria-del-tolima-2","status":"publish","type":"page","link":"https:\/\/mdhosting.info\/loteria2023\/loteria-del-tolima-2\/","title":{"rendered":"Loter\u00eda del Tolima"},"content":{"rendered":"\t\t<div data-elementor-type=\"wp-page\" data-elementor-id=\"19489\" class=\"elementor elementor-19489\" data-elementor-post-type=\"page\">\n\t\t\t\t<div class=\"elementor-element elementor-element-1d75c533 e-flex e-con-boxed e-con e-parent\" data-id=\"1d75c533\" data-element_type=\"container\" data-settings=\"{&quot;background_background&quot;:&quot;gradient&quot;}\">\n\t\t\t\t\t<div class=\"e-con-inner\">\n\t\t\t\t<div class=\"elementor-element elementor-element-164763ed elementor-widget elementor-widget-heading\" data-id=\"164763ed\" data-element_type=\"widget\" data-widget_type=\"heading.default\">\n\t\t\t\t<div class=\"elementor-widget-container\">\n\t\t\t\t\t<h1 class=\"elementor-heading-title elementor-size-xl\">Loter\u00eda del Tolima<\/h1>\t\t\t\t<\/div>\n\t\t\t\t<\/div>\n\t\t\t\t\t<\/div>\n\t\t\t\t<\/div>\n\t\t<div class=\"elementor-element elementor-element-17be4ef e-flex e-con-boxed e-con e-parent\" data-id=\"17be4ef\" data-element_type=\"container\">\n\t\t\t\t\t<div class=\"e-con-inner\">\n\t\t<div class=\"elementor-element elementor-element-461166d e-con-full e-flex e-con e-parent\" data-id=\"461166d\" data-element_type=\"container\">\n\t\t\t\t<div class=\"elementor-element elementor-element-bfad31a elementor-widget elementor-widget-text-editor\" data-id=\"bfad31a\" data-element_type=\"widget\" data-widget_type=\"text-editor.default\">\n\t\t\t\t<div class=\"elementor-widget-container\">\n\t\t\t\t\t\t\t\t\t<p>La LOTER\u00cdA DEL TOLIMA juega todos los lunes a las 10:30 p.m. Cuenta con un excelente plan de premios que entrega m\u00e1s de $5.400 millones de pesos en premios, el billete es de tres fracciones a tan solo $9.000 y $3.000 la fracci\u00f3n, Usted puede adquirir nuestro producto a trav\u00e9s de diferentes modalidades de venta, adem\u00e1s no olvidemos que la Loter\u00eda del Tolima es un producto de nuestra regi\u00f3n y orgullosamente Tolimense, con m\u00e1s de 96 a\u00f1os cumpliendo el sue\u00f1o de los Tolimenses y los colombianos.<\/p>\t\t\t\t\t\t\t\t<\/div>\n\t\t\t\t<\/div>\n\t\t\t\t<\/div>\n\t\t<div class=\"elementor-element elementor-element-7bbc905 e-con-full e-flex e-con e-parent\" data-id=\"7bbc905\" data-element_type=\"container\">\n\t\t\t\t<div class=\"elementor-element elementor-element-5498e95 elementor-widget elementor-widget-image\" data-id=\"5498e95\" data-element_type=\"widget\" data-widget_type=\"image.default\">\n\t\t\t\t<div class=\"elementor-widget-container\">\n\t\t\t\t\t\t\t\t\t\t\t\t\t\t\t<img decoding=\"async\" width=\"180\" height=\"180\" src=\"https:\/\/mdhosting.info\/loteria2023\/wp-content\/uploads\/2023\/01\/favicon.png\" class=\"attachment-large size-large wp-image-11\" alt=\"\" srcset=\"https:\/\/mdhosting.info\/loteria2023\/wp-content\/uploads\/2023\/01\/favicon.png 180w, https:\/\/mdhosting.info\/loteria2023\/wp-content\/uploads\/2023\/01\/favicon-150x150.png 150w\" sizes=\"(max-width: 180px) 100vw, 180px\" \/>\t\t\t\t\t\t\t\t\t\t\t\t\t\t\t<\/div>\n\t\t\t\t<\/div>\n\t\t\t\t<\/div>\n\t\t\t\t\t<\/div>\n\t\t\t\t<\/div>\n\t\t<div class=\"elementor-element elementor-element-04d5086 e-flex e-con-boxed e-con e-parent\" data-id=\"04d5086\" data-element_type=\"container\">\n\t\t\t\t\t<div class=\"e-con-inner\">\n\t\t\t\t<div class=\"elementor-element elementor-element-6135785 elementor-widget elementor-widget-heading\" data-id=\"6135785\" data-element_type=\"widget\" data-widget_type=\"heading.default\">\n\t\t\t\t<div class=\"elementor-widget-container\">\n\t\t\t\t\t<h2 class=\"elementor-heading-title elementor-size-default\">Modalidades de Venta<\/h2>\t\t\t\t<\/div>\n\t\t\t\t<\/div>\n\t\t\t\t\t<\/div>\n\t\t\t\t<\/div>\n\t\t<div class=\"elementor-element elementor-element-db219f3 e-flex e-con-boxed e-con e-parent\" data-id=\"db219f3\" data-element_type=\"container\">\n\t\t\t\t\t<div class=\"e-con-inner\">\n\t\t<div class=\"elementor-element elementor-element-0a73a0f e-con-full e-flex e-con e-parent\" data-id=\"0a73a0f\" data-element_type=\"container\">\n\t\t\t\t<div class=\"elementor-element elementor-element-bab5490 elementor-vertical-align-top elementor-widget elementor-widget-image-box\" data-id=\"bab5490\" data-element_type=\"widget\" data-widget_type=\"image-box.default\">\n\t\t\t\t<div class=\"elementor-widget-container\">\n\t\t\t\t\t<div class=\"elementor-image-box-wrapper\"><div class=\"elementor-image-box-content\"><h3 class=\"elementor-image-box-title\">Loteros y Distribuidores<\/h3><p class=\"elementor-image-box-description\">La Loter\u00eda del Tolima se comercializa en todos los departamentos de Colombia, a trav\u00e9s de diferentes empresas distribuidoras que se encargan de venderla a trav\u00e9s de m\u00e1s de 10 mil loteros en el pa\u00eds. Puntos de venta efecty,  Puntos de venta Gelsa en Bogot\u00e1 y Codesa en Cali<\/p><\/div><\/div>\t\t\t\t<\/div>\n\t\t\t\t<\/div>\n\t\t\t\t<\/div>\n\t\t<div class=\"elementor-element elementor-element-2adcc5f e-con-full e-flex e-con e-parent\" data-id=\"2adcc5f\" data-element_type=\"container\">\n\t\t\t\t<div class=\"elementor-element elementor-element-d1af99d elementor-vertical-align-top elementor-widget elementor-widget-image-box\" data-id=\"d1af99d\" data-element_type=\"widget\" data-widget_type=\"image-box.default\">\n\t\t\t\t<div class=\"elementor-widget-container\">\n\t\t\t\t\t<div class=\"elementor-image-box-wrapper\"><div class=\"elementor-image-box-content\"><h3 class=\"elementor-image-box-title\">Puntos de Venta <\/h3><p class=\"elementor-image-box-description\">La Loter\u00eda del Tolima se comercializa en todo el territorio nacional a trav\u00e9s de las empresas de chance legal en Colombia. Puede acercarse a cualquier punto de chance y all\u00ed pedir su n\u00famero a trav\u00e9s de billete electr\u00f3nico y en muchos casos de billetes f\u00edsicos. Para el caso del Tolima el concesionario autorizado para las apuestas permanentes en forma legal es Seapto S.A a trav\u00e9s de los puntos Gana Gana.<\/p><\/div><\/div>\t\t\t\t<\/div>\n\t\t\t\t<\/div>\n\t\t\t\t<\/div>\n\t\t\t\t\t<\/div>\n\t\t\t\t<\/div>\n\t\t<div class=\"elementor-element elementor-element-cbc17c5 e-flex e-con-boxed e-con e-parent\" data-id=\"cbc17c5\" data-element_type=\"container\">\n\t\t\t\t\t<div class=\"e-con-inner\">\n\t\t\t\t<div class=\"elementor-element elementor-element-1e2678d elementor-vertical-align-top elementor-widget elementor-widget-image-box\" data-id=\"1e2678d\" data-element_type=\"widget\" data-widget_type=\"image-box.default\">\n\t\t\t\t<div class=\"elementor-widget-container\">\n\t\t\t\t\t<div class=\"elementor-image-box-wrapper\"><div class=\"elementor-image-box-content\"><h3 class=\"elementor-image-box-title\">Loter\u00eda On Line<\/h3><p class=\"elementor-image-box-description\">Gracias a los avances tecnol\u00f3gicos y al Internet, la Loter\u00eda del Tolima es distribuida en toda Colombia en forma virtual. Compre por internet desde la comodidad o de cualquier lugar donde pueda ingresar a los portales web de Loticolombia, Lottired y Lottive.<\/p><\/div><\/div>\t\t\t\t<\/div>\n\t\t\t\t<\/div>\n\t\t\t\t\t<\/div>\n\t\t\t\t<\/div>\n\t\t<div class=\"elementor-element elementor-element-54426ce e-flex e-con-boxed e-con e-parent\" data-id=\"54426ce\" data-element_type=\"container\">\n\t\t\t\t\t<div class=\"e-con-inner\">\n\t\t<div class=\"elementor-element elementor-element-54789e8 e-con-full e-flex e-con e-parent\" data-id=\"54789e8\" data-element_type=\"container\">\n\t\t\t\t<div class=\"elementor-element elementor-element-5c11389 elementor-widget elementor-widget-image\" data-id=\"5c11389\" data-element_type=\"widget\" data-widget_type=\"image.default\">\n\t\t\t\t<div class=\"elementor-widget-container\">\n\t\t\t\t\t\t\t\t\t\t\t\t\t\t\t\t<a href=\"https:\/\/www.loticolombia.com\/loterias\">\n\t\t\t\t\t\t\t<img fetchpriority=\"high\" decoding=\"async\" width=\"300\" height=\"178\" src=\"https:\/\/mdhosting.info\/loteria2023\/wp-content\/uploads\/2023\/02\/loticolombia.png\" class=\"attachment-full size-full wp-image-19714\" alt=\"\" \/>\t\t\t\t\t\t\t\t<\/a>\n\t\t\t\t\t\t\t\t\t\t\t\t\t\t\t<\/div>\n\t\t\t\t<\/div>\n\t\t\t\t<\/div>\n\t\t<div class=\"elementor-element elementor-element-d4f3324 e-con-full e-flex e-con e-parent\" data-id=\"d4f3324\" data-element_type=\"container\">\n\t\t<div class=\"elementor-element elementor-element-92d193f e-flex e-con-boxed e-con e-parent\" data-id=\"92d193f\" data-element_type=\"container\">\n\t\t\t\t\t<div class=\"e-con-inner\">\n\t\t\t\t<div class=\"elementor-element elementor-element-c9289ab elementor-widget elementor-widget-image\" data-id=\"c9289ab\" data-element_type=\"widget\" data-widget_type=\"image.default\">\n\t\t\t\t<div class=\"elementor-widget-container\">\n\t\t\t\t\t\t\t\t\t\t\t\t\t\t\t\t<a href=\"https:\/\/www.lottired.net\/\">\n\t\t\t\t\t\t\t<img decoding=\"async\" width=\"270\" height=\"163\" src=\"https:\/\/mdhosting.info\/loteria2023\/wp-content\/uploads\/2023\/02\/lottired.png\" class=\"attachment-large size-large wp-image-19716\" alt=\"\" \/>\t\t\t\t\t\t\t\t<\/a>\n\t\t\t\t\t\t\t\t\t\t\t\t\t\t\t<\/div>\n\t\t\t\t<\/div>\n\t\t\t\t\t<\/div>\n\t\t\t\t<\/div>\n\t\t\t\t<\/div>\n\t\t<div class=\"elementor-element elementor-element-095cd11 e-con-full e-flex e-con e-parent\" data-id=\"095cd11\" data-element_type=\"container\">\n\t\t\t\t<div class=\"elementor-element elementor-element-ca7e762 elementor-widget elementor-widget-image\" data-id=\"ca7e762\" data-element_type=\"widget\" data-widget_type=\"image.default\">\n\t\t\t\t<div class=\"elementor-widget-container\">\n\t\t\t\t\t\t\t\t\t\t\t\t\t\t\t\t<a href=\"https:\/\/www.lottive.com\/\">\n\t\t\t\t\t\t\t<img loading=\"lazy\" decoding=\"async\" width=\"300\" height=\"201\" src=\"https:\/\/mdhosting.info\/loteria2023\/wp-content\/uploads\/2023\/02\/logo_lottive.png\" class=\"attachment-large size-large wp-image-19717\" alt=\"\" \/>\t\t\t\t\t\t\t\t<\/a>\n\t\t\t\t\t\t\t\t\t\t\t\t\t\t\t<\/div>\n\t\t\t\t<\/div>\n\t\t\t\t<\/div>\n\t\t\t\t\t<\/div>\n\t\t\t\t<\/div>\n\t\t<div class=\"elementor-element elementor-element-9c081f9 e-flex e-con-boxed e-con e-parent\" data-id=\"9c081f9\" data-element_type=\"container\">\n\t\t\t\t\t<div class=\"e-con-inner\">\n\t\t\t\t<div class=\"elementor-element elementor-element-ec7be7e elementor-vertical-align-top elementor-widget elementor-widget-image-box\" data-id=\"ec7be7e\" data-element_type=\"widget\" data-widget_type=\"image-box.default\">\n\t\t\t\t<div class=\"elementor-widget-container\">\n\t\t\t\t\t<div class=\"elementor-image-box-wrapper\"><div class=\"elementor-image-box-content\"><h3 class=\"elementor-image-box-title\">Billeter\u00eda Electr\u00f3nica<\/h3><p class=\"elementor-image-box-description\">A trav\u00e9s de diversas alianzas comerciales, la Loter\u00eda del Tolima puede comprarse de manera electr\u00f3nica en toda Colombia. Puede acercarse a todos los puntos de venta de Drogas la Rebaja; a trav\u00e9s de efecty; Codesa y Apostar en el departamento de Risaralda.<\/p><\/div><\/div>\t\t\t\t<\/div>\n\t\t\t\t<\/div>\n\t\t\t\t\t<\/div>\n\t\t\t\t<\/div>\n\t\t\t\t<\/div>\n\t\t","protected":false},"excerpt":{"rendered":"<p>La LOTER\u00cdA DEL TOLIMA juega todos los lunes a las 10:30 p.m. Cuenta con un excelente plan de premios que entrega m\u00e1s de $5.400 millones de pesos en premios, el billete es de tres fracciones a tan solo $9.000 y $3.000 la fracci\u00f3n, Usted puede adquirir nuestro producto a trav\u00e9s de diferentes modalidades de venta, [&hellip;]<\/p>\n","protected":false},"author":3,"featured_media":0,"parent":0,"menu_order":0,"comment_status":"closed","ping_status":"closed","template":"","meta":{"site-sidebar-layout":"no-sidebar","site-content-layout":"page-builder","ast-site-content-layout":"","site-content-style":"default","site-sidebar-style":"default","ast-global-header-display":"","ast-banner-title-visibility":"","ast-main-header-display":"","ast-hfb-above-header-display":"","ast-hfb-below-header-display":"","ast-hfb-mobile-header-display":"","site-post-title":"disabled","ast-breadcrumbs-content":"","ast-featured-img":"disabled","footer-sml-layout":"","theme-transparent-header-meta":"","adv-header-id-meta":"","stick-header-meta":"","header-above-stick-meta":"","header-main-stick-meta":"","header-below-stick-meta":"","astra-migrate-meta-layouts":"default","ast-page-background-enabled":"default","ast-page-background-meta":{"desktop":{"background-color":"var(--ast-global-color-4)","background-image":"","background-repeat":"repeat","background-position":"center center","background-size":"auto","background-attachment":"scroll","background-type":"","background-media":"","overlay-type":"","overlay-color":"","overlay-gradient":""},"tablet":{"background-color":"","background-image":"","background-repeat":"repeat","background-position":"center center","background-size":"auto","background-attachment":"scroll","background-type":"","background-media":"","overlay-type":"","overlay-color":"","overlay-gradient":""},"mobile":{"background-color":"","background-image":"","background-repeat":"repeat","background-position":"center center","background-size":"auto","background-attachment":"scroll","background-type":"","background-media":"","overlay-type":"","overlay-color":"","overlay-gradient":""}},"ast-content-background-meta":{"desktop":{"background-color":"var(--ast-global-color-5)","background-image":"","background-repeat":"repeat","background-position":"center center","background-size":"auto","background-attachment":"scroll","background-type":"","background-media":"","overlay-type":"","overlay-color":"","overlay-gradient":""},"tablet":{"background-color":"var(--ast-global-color-5)","background-image":"","background-repeat":"repeat","background-position":"center center","background-size":"auto","background-attachment":"scroll","background-type":"","background-media":"","overlay-type":"","overlay-color":"","overlay-gradient":""},"mobile":{"background-color":"var(--ast-global-color-5)","background-image":"","background-repeat":"repeat","background-position":"center center","background-size":"auto","background-attachment":"scroll","background-type":"","background-media":"","overlay-type":"","overlay-color":"","overlay-gradient":""}},"footnotes":""},"class_list":["post-19489","page","type-page","status-publish","hentry"],"yoast_head":"<!-- This site is optimized with the Yoast SEO plugin v22.7 - https:\/\/yoast.com\/wordpress\/plugins\/seo\/ -->\n<title>Loter\u00eda del Tolima - Loter\u00eda del Tolima \u2013 Apu\u00e9stele a sus Sue\u00f1os<\/title>\n<meta name=\"robots\" content=\"index, follow, max-snippet:-1, max-image-preview:large, max-video-preview:-1\" \/>\n<link rel=\"canonical\" href=\"https:\/\/mdhosting.info\/loteria2023\/loteria-del-tolima-2\/\" \/>\n<meta property=\"og:locale\" content=\"es_ES\" \/>\n<meta property=\"og:type\" content=\"article\" \/>\n<meta property=\"og:title\" content=\"Loter\u00eda del Tolima - Loter\u00eda del Tolima \u2013 Apu\u00e9stele a sus Sue\u00f1os\" \/>\n<meta property=\"og:description\" content=\"La LOTER\u00cdA DEL TOLIMA juega todos los lunes a las 10:30 p.m. Cuenta con un excelente plan de premios que entrega m\u00e1s de $5.400 millones de pesos en premios, el billete es de tres fracciones a tan solo $9.000 y $3.000 la fracci\u00f3n, Usted puede adquirir nuestro producto a trav\u00e9s de diferentes modalidades de venta, [&hellip;]\" \/>\n<meta property=\"og:url\" content=\"https:\/\/mdhosting.info\/loteria2023\/loteria-del-tolima-2\/\" \/>\n<meta property=\"og:site_name\" content=\"Loter\u00eda del Tolima \u2013 Apu\u00e9stele a sus Sue\u00f1os\" \/>\n<meta property=\"article:modified_time\" content=\"2023-05-17T17:21:36+00:00\" \/>\n<meta property=\"og:image\" content=\"https:\/\/mdhosting.info\/loteria2023\/wp-content\/uploads\/2023\/01\/favicon.png\" \/>\n<meta name=\"twitter:card\" content=\"summary_large_image\" \/>\n<meta name=\"twitter:label1\" content=\"Tiempo de lectura\" \/>\n\t<meta name=\"twitter:data1\" content=\"3 minutos\" \/>\n<script type=\"application\/ld+json\" class=\"yoast-schema-graph\">{\"@context\":\"https:\/\/schema.org\",\"@graph\":[{\"@type\":\"WebPage\",\"@id\":\"https:\/\/mdhosting.info\/loteria2023\/loteria-del-tolima-2\/\",\"url\":\"https:\/\/mdhosting.info\/loteria2023\/loteria-del-tolima-2\/\",\"name\":\"Loter\u00eda del Tolima - Loter\u00eda del Tolima \u2013 Apu\u00e9stele a sus Sue\u00f1os\",\"isPartOf\":{\"@id\":\"https:\/\/mdhosting.info\/loteria2023\/#website\"},\"primaryImageOfPage\":{\"@id\":\"https:\/\/mdhosting.info\/loteria2023\/loteria-del-tolima-2\/#primaryimage\"},\"image\":{\"@id\":\"https:\/\/mdhosting.info\/loteria2023\/loteria-del-tolima-2\/#primaryimage\"},\"thumbnailUrl\":\"https:\/\/mdhosting.info\/loteria2023\/wp-content\/uploads\/2023\/01\/favicon.png\",\"datePublished\":\"2023-02-11T14:06:31+00:00\",\"dateModified\":\"2023-05-17T17:21:36+00:00\",\"breadcrumb\":{\"@id\":\"https:\/\/mdhosting.info\/loteria2023\/loteria-del-tolima-2\/#breadcrumb\"},\"inLanguage\":\"es-CO\",\"potentialAction\":[{\"@type\":\"ReadAction\",\"target\":[\"https:\/\/mdhosting.info\/loteria2023\/loteria-del-tolima-2\/\"]}]},{\"@type\":\"ImageObject\",\"inLanguage\":\"es-CO\",\"@id\":\"https:\/\/mdhosting.info\/loteria2023\/loteria-del-tolima-2\/#primaryimage\",\"url\":\"https:\/\/mdhosting.info\/loteria2023\/wp-content\/uploads\/2023\/01\/favicon.png\",\"contentUrl\":\"https:\/\/mdhosting.info\/loteria2023\/wp-content\/uploads\/2023\/01\/favicon.png\",\"width\":180,\"height\":180},{\"@type\":\"BreadcrumbList\",\"@id\":\"https:\/\/mdhosting.info\/loteria2023\/loteria-del-tolima-2\/#breadcrumb\",\"itemListElement\":[{\"@type\":\"ListItem\",\"position\":1,\"name\":\"Inicio\",\"item\":\"https:\/\/mdhosting.info\/loteria2023\/\"},{\"@type\":\"ListItem\",\"position\":2,\"name\":\"Loter\u00eda del Tolima\"}]},{\"@type\":\"WebSite\",\"@id\":\"https:\/\/mdhosting.info\/loteria2023\/#website\",\"url\":\"https:\/\/mdhosting.info\/loteria2023\/\",\"name\":\"Loter\u00eda del Tolima \u2013 Apu\u00e9stele a sus Sue\u00f1os\",\"description\":\"Loter\u00eda del Tolima \u2013 Apu\u00e9stele a sus Sue\u00f1os\",\"publisher\":{\"@id\":\"https:\/\/mdhosting.info\/loteria2023\/#organization\"},\"potentialAction\":[{\"@type\":\"SearchAction\",\"target\":{\"@type\":\"EntryPoint\",\"urlTemplate\":\"https:\/\/mdhosting.info\/loteria2023\/?s={search_term_string}\"},\"query-input\":\"required name=search_term_string\"}],\"inLanguage\":\"es-CO\"},{\"@type\":\"Organization\",\"@id\":\"https:\/\/mdhosting.info\/loteria2023\/#organization\",\"name\":\"Loter\u00eda del Tolima \u2013 Apu\u00e9stele a sus Sue\u00f1os\",\"url\":\"https:\/\/mdhosting.info\/loteria2023\/\",\"logo\":{\"@type\":\"ImageObject\",\"inLanguage\":\"es-CO\",\"@id\":\"https:\/\/mdhosting.info\/loteria2023\/#\/schema\/logo\/image\/\",\"url\":\"https:\/\/mdhosting.info\/loteria2023\/wp-content\/uploads\/2023\/03\/logo_main.png\",\"contentUrl\":\"https:\/\/mdhosting.info\/loteria2023\/wp-content\/uploads\/2023\/03\/logo_main.png\",\"width\":400,\"height\":103,\"caption\":\"Loter\u00eda del Tolima \u2013 Apu\u00e9stele a sus Sue\u00f1os\"},\"image\":{\"@id\":\"https:\/\/mdhosting.info\/loteria2023\/#\/schema\/logo\/image\/\"}}]}<\/script>\n<!-- \/ Yoast SEO plugin. -->","yoast_head_json":{"title":"Loter\u00eda del Tolima - Loter\u00eda del Tolima \u2013 Apu\u00e9stele a sus Sue\u00f1os","robots":{"index":"index","follow":"follow","max-snippet":"max-snippet:-1","max-image-preview":"max-image-preview:large","max-video-preview":"max-video-preview:-1"},"canonical":"https:\/\/mdhosting.info\/loteria2023\/loteria-del-tolima-2\/","og_locale":"es_ES","og_type":"article","og_title":"Loter\u00eda del Tolima - Loter\u00eda del Tolima \u2013 Apu\u00e9stele a sus Sue\u00f1os","og_description":"La LOTER\u00cdA DEL TOLIMA juega todos los lunes a las 10:30 p.m. Cuenta con un excelente plan de premios que entrega m\u00e1s de $5.400 millones de pesos en premios, el billete es de tres fracciones a tan solo $9.000 y $3.000 la fracci\u00f3n, Usted puede adquirir nuestro producto a trav\u00e9s de diferentes modalidades de venta, [&hellip;]","og_url":"https:\/\/mdhosting.info\/loteria2023\/loteria-del-tolima-2\/","og_site_name":"Loter\u00eda del Tolima \u2013 Apu\u00e9stele a sus Sue\u00f1os","article_modified_time":"2023-05-17T17:21:36+00:00","og_image":[{"url":"https:\/\/mdhosting.info\/loteria2023\/wp-content\/uploads\/2023\/01\/favicon.png"}],"twitter_card":"summary_large_image","twitter_misc":{"Tiempo de lectura":"3 minutos"},"schema":{"@context":"https:\/\/schema.org","@graph":[{"@type":"WebPage","@id":"https:\/\/mdhosting.info\/loteria2023\/loteria-del-tolima-2\/","url":"https:\/\/mdhosting.info\/loteria2023\/loteria-del-tolima-2\/","name":"Loter\u00eda del Tolima - Loter\u00eda del Tolima \u2013 Apu\u00e9stele a sus Sue\u00f1os","isPartOf":{"@id":"https:\/\/mdhosting.info\/loteria2023\/#website"},"primaryImageOfPage":{"@id":"https:\/\/mdhosting.info\/loteria2023\/loteria-del-tolima-2\/#primaryimage"},"image":{"@id":"https:\/\/mdhosting.info\/loteria2023\/loteria-del-tolima-2\/#primaryimage"},"thumbnailUrl":"https:\/\/mdhosting.info\/loteria2023\/wp-content\/uploads\/2023\/01\/favicon.png","datePublished":"2023-02-11T14:06:31+00:00","dateModified":"2023-05-17T17:21:36+00:00","breadcrumb":{"@id":"https:\/\/mdhosting.info\/loteria2023\/loteria-del-tolima-2\/#breadcrumb"},"inLanguage":"es-CO","potentialAction":[{"@type":"ReadAction","target":["https:\/\/mdhosting.info\/loteria2023\/loteria-del-tolima-2\/"]}]},{"@type":"ImageObject","inLanguage":"es-CO","@id":"https:\/\/mdhosting.info\/loteria2023\/loteria-del-tolima-2\/#primaryimage","url":"https:\/\/mdhosting.info\/loteria2023\/wp-content\/uploads\/2023\/01\/favicon.png","contentUrl":"https:\/\/mdhosting.info\/loteria2023\/wp-content\/uploads\/2023\/01\/favicon.png","width":180,"height":180},{"@type":"BreadcrumbList","@id":"https:\/\/mdhosting.info\/loteria2023\/loteria-del-tolima-2\/#breadcrumb","itemListElement":[{"@type":"ListItem","position":1,"name":"Inicio","item":"https:\/\/mdhosting.info\/loteria2023\/"},{"@type":"ListItem","position":2,"name":"Loter\u00eda del Tolima"}]},{"@type":"WebSite","@id":"https:\/\/mdhosting.info\/loteria2023\/#website","url":"https:\/\/mdhosting.info\/loteria2023\/","name":"Loter\u00eda del Tolima \u2013 Apu\u00e9stele a sus Sue\u00f1os","description":"Loter\u00eda del Tolima \u2013 Apu\u00e9stele a sus Sue\u00f1os","publisher":{"@id":"https:\/\/mdhosting.info\/loteria2023\/#organization"},"potentialAction":[{"@type":"SearchAction","target":{"@type":"EntryPoint","urlTemplate":"https:\/\/mdhosting.info\/loteria2023\/?s={search_term_string}"},"query-input":"required name=search_term_string"}],"inLanguage":"es-CO"},{"@type":"Organization","@id":"https:\/\/mdhosting.info\/loteria2023\/#organization","name":"Loter\u00eda del Tolima \u2013 Apu\u00e9stele a sus Sue\u00f1os","url":"https:\/\/mdhosting.info\/loteria2023\/","logo":{"@type":"ImageObject","inLanguage":"es-CO","@id":"https:\/\/mdhosting.info\/loteria2023\/#\/schema\/logo\/image\/","url":"https:\/\/mdhosting.info\/loteria2023\/wp-content\/uploads\/2023\/03\/logo_main.png","contentUrl":"https:\/\/mdhosting.info\/loteria2023\/wp-content\/uploads\/2023\/03\/logo_main.png","width":400,"height":103,"caption":"Loter\u00eda del Tolima \u2013 Apu\u00e9stele a sus Sue\u00f1os"},"image":{"@id":"https:\/\/mdhosting.info\/loteria2023\/#\/schema\/logo\/image\/"}}]}},"jetpack_sharing_enabled":true,"_links":{"self":[{"href":"https:\/\/mdhosting.info\/loteria2023\/wp-json\/wp\/v2\/pages\/19489","targetHints":{"allow":["GET"]}}],"collection":[{"href":"https:\/\/mdhosting.info\/loteria2023\/wp-json\/wp\/v2\/pages"}],"about":[{"href":"https:\/\/mdhosting.info\/loteria2023\/wp-json\/wp\/v2\/types\/page"}],"author":[{"embeddable":true,"href":"https:\/\/mdhosting.info\/loteria2023\/wp-json\/wp\/v2\/users\/3"}],"replies":[{"embeddable":true,"href":"https:\/\/mdhosting.info\/loteria2023\/wp-json\/wp\/v2\/comments?post=19489"}],"version-history":[{"count":34,"href":"https:\/\/mdhosting.info\/loteria2023\/wp-json\/wp\/v2\/pages\/19489\/revisions"}],"predecessor-version":[{"id":23510,"href":"https:\/\/mdhosting.info\/loteria2023\/wp-json\/wp\/v2\/pages\/19489\/revisions\/23510"}],"wp:attachment":[{"href":"https:\/\/mdhosting.info\/loteria2023\/wp-json\/wp\/v2\/media?parent=19489"}],"curies":[{"name":"wp","href":"https:\/\/api.w.org\/{rel}","templated":true}]}}