{"id":16868,"date":"2022-09-27T23:11:36","date_gmt":"2022-09-28T04:11:36","guid":{"rendered":"https:\/\/loteriadeltolima.com\/?page_id=16868"},"modified":"2023-02-06T15:42:41","modified_gmt":"2023-02-06T15:42:41","slug":"plan-institucional-de-archivos-pinar","status":"publish","type":"page","link":"https:\/\/mdhosting.info\/loteria2023\/plan-institucional-de-archivos-pinar\/","title":{"rendered":"Plan institucional de archivos &#8211; PINAR"},"content":{"rendered":"\t\t<div data-elementor-type=\"wp-page\" data-elementor-id=\"16868\" class=\"elementor elementor-16868\" data-elementor-post-type=\"page\">\n\t\t\t\t<div class=\"elementor-element elementor-element-124d1b9f e-flex e-con-boxed e-con e-parent\" data-id=\"124d1b9f\" data-element_type=\"container\">\n\t\t\t\t\t<div class=\"e-con-inner\">\n\t\t\t\t<div class=\"elementor-element elementor-element-1d269e15 elementor-widget elementor-widget-heading\" data-id=\"1d269e15\" data-element_type=\"widget\" data-widget_type=\"heading.default\">\n\t\t\t\t<div class=\"elementor-widget-container\">\n\t\t\t\t\t<h2 class=\"elementor-heading-title elementor-size-default\">Plan institucional de archivos &#8211; PINAR<\/h2>\t\t\t\t<\/div>\n\t\t\t\t<\/div>\n\t\t\t\t\t<\/div>\n\t\t\t\t<\/div>\n\t\t<div class=\"elementor-element elementor-element-6096d9e9 e-flex e-con-boxed e-con e-parent\" data-id=\"6096d9e9\" data-element_type=\"container\">\n\t\t\t\t\t<div class=\"e-con-inner\">\n\t\t\t\t<div class=\"elementor-element elementor-element-4f43d71 elementor-widget elementor-widget-wpfd_choose_category\" data-id=\"4f43d71\" data-element_type=\"widget\" data-widget_type=\"wpfd_choose_category.default\">\n\t\t\t\t<div class=\"elementor-widget-container\">\n\t\t\t\t\t            <div id=\"wpfd-category-placeholder\" class=\"wpfd-category-placeholder\">\n                <img decoding=\"async\" class=\"category-icon\" style=\"background: url(https:\/\/mdhosting.info\/loteria2023\/wp-content\/plugins\/wp-file-download\/app\/admin\/assets\/images\/folder_download.svg) no-repeat scroll center center #fafafa; height: 200px; border-radius: 2px; width: 100%; background-size: 200px;\" src=\"https:\/\/mdhosting.info\/loteria2023\/wp-content\/plugins\/wp-file-download\/app\/admin\/assets\/images\/t.gif\" data-mce-src=\"https:\/\/mdhosting.info\/loteria2023\/wp-content\/plugins\/wp-file-download\/app\/admin\/assets\/images\/t.gif\" data-mce-style=\"background: url(https:\/\/mdhosting.info\/loteria2023\/wp-content\/plugins\/wp-file-download\/app\/admin\/assets\/images\/folder_download.svg) no-repeat scroll center center #fafafa; height: 200px; border-radius: 2px; width: 100%; background-size: 200px;\">\n                <span style=\"font-size: 13px; text-align: center;\">Please select a WP File Download content to activate the preview<\/span>\n            <\/div>\n        \t\t\t\t<\/div>\n\t\t\t\t<\/div>\n\t\t\t\t\t<\/div>\n\t\t\t\t<\/div>\n\t\t\t\t<\/div>\n\t\t","protected":false},"excerpt":{"rendered":"<p>Please select a WP File Download content to activate the preview<\/p>\n","protected":false},"author":2,"featured_media":0,"parent":0,"menu_order":0,"comment_status":"closed","ping_status":"closed","template":"","meta":{"site-sidebar-layout":"default","site-content-layout":"","ast-site-content-layout":"","site-content-style":"default","site-sidebar-style":"default","ast-global-header-display":"","ast-banner-title-visibility":"","ast-main-header-display":"","ast-hfb-above-header-display":"","ast-hfb-below-header-display":"","ast-hfb-mobile-header-display":"","site-post-title":"","ast-breadcrumbs-content":"","ast-featured-img":"","footer-sml-layout":"","theme-transparent-header-meta":"","adv-header-id-meta":"","stick-header-meta":"","header-above-stick-meta":"","header-main-stick-meta":"","header-below-stick-meta":"","astra-migrate-meta-layouts":"default","ast-page-background-enabled":"default","ast-page-background-meta":{"desktop":{"background-color":"var(--ast-global-color-4)","background-image":"","background-repeat":"repeat","background-position":"center center","background-size":"auto","background-attachment":"scroll","background-type":"","background-media":"","overlay-type":"","overlay-color":"","overlay-gradient":""},"tablet":{"background-color":"","background-image":"","background-repeat":"repeat","background-position":"center center","background-size":"auto","background-attachment":"scroll","background-type":"","background-media":"","overlay-type":"","overlay-color":"","overlay-gradient":""},"mobile":{"background-color":"","background-image":"","background-repeat":"repeat","background-position":"center center","background-size":"auto","background-attachment":"scroll","background-type":"","background-media":"","overlay-type":"","overlay-color":"","overlay-gradient":""}},"ast-content-background-meta":{"desktop":{"background-color":"var(--ast-global-color-5)","background-image":"","background-repeat":"repeat","background-position":"center center","background-size":"auto","background-attachment":"scroll","background-type":"","background-media":"","overlay-type":"","overlay-color":"","overlay-gradient":""},"tablet":{"background-color":"var(--ast-global-color-5)","background-image":"","background-repeat":"repeat","background-position":"center center","background-size":"auto","background-attachment":"scroll","background-type":"","background-media":"","overlay-type":"","overlay-color":"","overlay-gradient":""},"mobile":{"background-color":"var(--ast-global-color-5)","background-image":"","background-repeat":"repeat","background-position":"center center","background-size":"auto","background-attachment":"scroll","background-type":"","background-media":"","overlay-type":"","overlay-color":"","overlay-gradient":""}},"footnotes":""},"class_list":["post-16868","page","type-page","status-publish","hentry"],"yoast_head":"<!-- This site is optimized with the Yoast SEO plugin v22.7 - https:\/\/yoast.com\/wordpress\/plugins\/seo\/ -->\n<title>Plan institucional de archivos - PINAR - Loter\u00eda del Tolima \u2013 Apu\u00e9stele a sus Sue\u00f1os<\/title>\n<meta name=\"robots\" content=\"index, follow, max-snippet:-1, max-image-preview:large, max-video-preview:-1\" \/>\n<link rel=\"canonical\" href=\"https:\/\/mdhosting.info\/loteria2023\/plan-institucional-de-archivos-pinar\/\" \/>\n<meta property=\"og:locale\" content=\"es_ES\" \/>\n<meta property=\"og:type\" content=\"article\" \/>\n<meta property=\"og:title\" content=\"Plan institucional de archivos - PINAR - Loter\u00eda del Tolima \u2013 Apu\u00e9stele a sus Sue\u00f1os\" \/>\n<meta property=\"og:description\" content=\"Please select a WP File Download content to activate the preview\" \/>\n<meta property=\"og:url\" content=\"https:\/\/mdhosting.info\/loteria2023\/plan-institucional-de-archivos-pinar\/\" \/>\n<meta property=\"og:site_name\" content=\"Loter\u00eda del Tolima \u2013 Apu\u00e9stele a sus Sue\u00f1os\" \/>\n<meta property=\"article:modified_time\" content=\"2023-02-06T15:42:41+00:00\" \/>\n<meta property=\"og:image\" content=\"https:\/\/mdhosting.info\/loteria2023\/wp-content\/plugins\/wp-file-download\/app\/admin\/assets\/images\/t.gif\" \/>\n<meta name=\"twitter:card\" content=\"summary_large_image\" \/>\n<meta name=\"twitter:label1\" content=\"Tiempo de lectura\" \/>\n\t<meta name=\"twitter:data1\" content=\"1 minuto\" \/>\n<script type=\"application\/ld+json\" class=\"yoast-schema-graph\">{\"@context\":\"https:\/\/schema.org\",\"@graph\":[{\"@type\":\"WebPage\",\"@id\":\"https:\/\/mdhosting.info\/loteria2023\/plan-institucional-de-archivos-pinar\/\",\"url\":\"https:\/\/mdhosting.info\/loteria2023\/plan-institucional-de-archivos-pinar\/\",\"name\":\"Plan institucional de archivos - PINAR - Loter\u00eda del Tolima \u2013 Apu\u00e9stele a sus Sue\u00f1os\",\"isPartOf\":{\"@id\":\"https:\/\/mdhosting.info\/loteria2023\/#website\"},\"primaryImageOfPage\":{\"@id\":\"https:\/\/mdhosting.info\/loteria2023\/plan-institucional-de-archivos-pinar\/#primaryimage\"},\"image\":{\"@id\":\"https:\/\/mdhosting.info\/loteria2023\/plan-institucional-de-archivos-pinar\/#primaryimage\"},\"thumbnailUrl\":\"https:\/\/mdhosting.info\/loteria2023\/wp-content\/plugins\/wp-file-download\/app\/admin\/assets\/images\/t.gif\",\"datePublished\":\"2022-09-28T04:11:36+00:00\",\"dateModified\":\"2023-02-06T15:42:41+00:00\",\"breadcrumb\":{\"@id\":\"https:\/\/mdhosting.info\/loteria2023\/plan-institucional-de-archivos-pinar\/#breadcrumb\"},\"inLanguage\":\"es-CO\",\"potentialAction\":[{\"@type\":\"ReadAction\",\"target\":[\"https:\/\/mdhosting.info\/loteria2023\/plan-institucional-de-archivos-pinar\/\"]}]},{\"@type\":\"ImageObject\",\"inLanguage\":\"es-CO\",\"@id\":\"https:\/\/mdhosting.info\/loteria2023\/plan-institucional-de-archivos-pinar\/#primaryimage\",\"url\":\"https:\/\/mdhosting.info\/loteria2023\/wp-content\/plugins\/wp-file-download\/app\/admin\/assets\/images\/t.gif\",\"contentUrl\":\"https:\/\/mdhosting.info\/loteria2023\/wp-content\/plugins\/wp-file-download\/app\/admin\/assets\/images\/t.gif\"},{\"@type\":\"BreadcrumbList\",\"@id\":\"https:\/\/mdhosting.info\/loteria2023\/plan-institucional-de-archivos-pinar\/#breadcrumb\",\"itemListElement\":[{\"@type\":\"ListItem\",\"position\":1,\"name\":\"Inicio\",\"item\":\"https:\/\/mdhosting.info\/loteria2023\/\"},{\"@type\":\"ListItem\",\"position\":2,\"name\":\"Plan institucional de archivos &#8211; PINAR\"}]},{\"@type\":\"WebSite\",\"@id\":\"https:\/\/mdhosting.info\/loteria2023\/#website\",\"url\":\"https:\/\/mdhosting.info\/loteria2023\/\",\"name\":\"Loter\u00eda del Tolima \u2013 Apu\u00e9stele a sus Sue\u00f1os\",\"description\":\"Loter\u00eda del Tolima \u2013 Apu\u00e9stele a sus Sue\u00f1os\",\"publisher\":{\"@id\":\"https:\/\/mdhosting.info\/loteria2023\/#organization\"},\"potentialAction\":[{\"@type\":\"SearchAction\",\"target\":{\"@type\":\"EntryPoint\",\"urlTemplate\":\"https:\/\/mdhosting.info\/loteria2023\/?s={search_term_string}\"},\"query-input\":\"required name=search_term_string\"}],\"inLanguage\":\"es-CO\"},{\"@type\":\"Organization\",\"@id\":\"https:\/\/mdhosting.info\/loteria2023\/#organization\",\"name\":\"Loter\u00eda del Tolima \u2013 Apu\u00e9stele a sus Sue\u00f1os\",\"url\":\"https:\/\/mdhosting.info\/loteria2023\/\",\"logo\":{\"@type\":\"ImageObject\",\"inLanguage\":\"es-CO\",\"@id\":\"https:\/\/mdhosting.info\/loteria2023\/#\/schema\/logo\/image\/\",\"url\":\"https:\/\/mdhosting.info\/loteria2023\/wp-content\/uploads\/2023\/03\/logo_main.png\",\"contentUrl\":\"https:\/\/mdhosting.info\/loteria2023\/wp-content\/uploads\/2023\/03\/logo_main.png\",\"width\":400,\"height\":103,\"caption\":\"Loter\u00eda del Tolima \u2013 Apu\u00e9stele a sus Sue\u00f1os\"},\"image\":{\"@id\":\"https:\/\/mdhosting.info\/loteria2023\/#\/schema\/logo\/image\/\"}}]}<\/script>\n<!-- \/ Yoast SEO plugin. -->","yoast_head_json":{"title":"Plan institucional de archivos - PINAR - Loter\u00eda del Tolima \u2013 Apu\u00e9stele a sus Sue\u00f1os","robots":{"index":"index","follow":"follow","max-snippet":"max-snippet:-1","max-image-preview":"max-image-preview:large","max-video-preview":"max-video-preview:-1"},"canonical":"https:\/\/mdhosting.info\/loteria2023\/plan-institucional-de-archivos-pinar\/","og_locale":"es_ES","og_type":"article","og_title":"Plan institucional de archivos - PINAR - Loter\u00eda del Tolima \u2013 Apu\u00e9stele a sus Sue\u00f1os","og_description":"Please select a WP File Download content to activate the preview","og_url":"https:\/\/mdhosting.info\/loteria2023\/plan-institucional-de-archivos-pinar\/","og_site_name":"Loter\u00eda del Tolima \u2013 Apu\u00e9stele a sus Sue\u00f1os","article_modified_time":"2023-02-06T15:42:41+00:00","og_image":[{"url":"https:\/\/mdhosting.info\/loteria2023\/wp-content\/plugins\/wp-file-download\/app\/admin\/assets\/images\/t.gif"}],"twitter_card":"summary_large_image","twitter_misc":{"Tiempo de lectura":"1 minuto"},"schema":{"@context":"https:\/\/schema.org","@graph":[{"@type":"WebPage","@id":"https:\/\/mdhosting.info\/loteria2023\/plan-institucional-de-archivos-pinar\/","url":"https:\/\/mdhosting.info\/loteria2023\/plan-institucional-de-archivos-pinar\/","name":"Plan institucional de archivos - PINAR - Loter\u00eda del Tolima \u2013 Apu\u00e9stele a sus Sue\u00f1os","isPartOf":{"@id":"https:\/\/mdhosting.info\/loteria2023\/#website"},"primaryImageOfPage":{"@id":"https:\/\/mdhosting.info\/loteria2023\/plan-institucional-de-archivos-pinar\/#primaryimage"},"image":{"@id":"https:\/\/mdhosting.info\/loteria2023\/plan-institucional-de-archivos-pinar\/#primaryimage"},"thumbnailUrl":"https:\/\/mdhosting.info\/loteria2023\/wp-content\/plugins\/wp-file-download\/app\/admin\/assets\/images\/t.gif","datePublished":"2022-09-28T04:11:36+00:00","dateModified":"2023-02-06T15:42:41+00:00","breadcrumb":{"@id":"https:\/\/mdhosting.info\/loteria2023\/plan-institucional-de-archivos-pinar\/#breadcrumb"},"inLanguage":"es-CO","potentialAction":[{"@type":"ReadAction","target":["https:\/\/mdhosting.info\/loteria2023\/plan-institucional-de-archivos-pinar\/"]}]},{"@type":"ImageObject","inLanguage":"es-CO","@id":"https:\/\/mdhosting.info\/loteria2023\/plan-institucional-de-archivos-pinar\/#primaryimage","url":"https:\/\/mdhosting.info\/loteria2023\/wp-content\/plugins\/wp-file-download\/app\/admin\/assets\/images\/t.gif","contentUrl":"https:\/\/mdhosting.info\/loteria2023\/wp-content\/plugins\/wp-file-download\/app\/admin\/assets\/images\/t.gif"},{"@type":"BreadcrumbList","@id":"https:\/\/mdhosting.info\/loteria2023\/plan-institucional-de-archivos-pinar\/#breadcrumb","itemListElement":[{"@type":"ListItem","position":1,"name":"Inicio","item":"https:\/\/mdhosting.info\/loteria2023\/"},{"@type":"ListItem","position":2,"name":"Plan institucional de archivos &#8211; PINAR"}]},{"@type":"WebSite","@id":"https:\/\/mdhosting.info\/loteria2023\/#website","url":"https:\/\/mdhosting.info\/loteria2023\/","name":"Loter\u00eda del Tolima \u2013 Apu\u00e9stele a sus Sue\u00f1os","description":"Loter\u00eda del Tolima \u2013 Apu\u00e9stele a sus Sue\u00f1os","publisher":{"@id":"https:\/\/mdhosting.info\/loteria2023\/#organization"},"potentialAction":[{"@type":"SearchAction","target":{"@type":"EntryPoint","urlTemplate":"https:\/\/mdhosting.info\/loteria2023\/?s={search_term_string}"},"query-input":"required name=search_term_string"}],"inLanguage":"es-CO"},{"@type":"Organization","@id":"https:\/\/mdhosting.info\/loteria2023\/#organization","name":"Loter\u00eda del Tolima \u2013 Apu\u00e9stele a sus Sue\u00f1os","url":"https:\/\/mdhosting.info\/loteria2023\/","logo":{"@type":"ImageObject","inLanguage":"es-CO","@id":"https:\/\/mdhosting.info\/loteria2023\/#\/schema\/logo\/image\/","url":"https:\/\/mdhosting.info\/loteria2023\/wp-content\/uploads\/2023\/03\/logo_main.png","contentUrl":"https:\/\/mdhosting.info\/loteria2023\/wp-content\/uploads\/2023\/03\/logo_main.png","width":400,"height":103,"caption":"Loter\u00eda del Tolima \u2013 Apu\u00e9stele a sus Sue\u00f1os"},"image":{"@id":"https:\/\/mdhosting.info\/loteria2023\/#\/schema\/logo\/image\/"}}]}},"jetpack_sharing_enabled":true,"_links":{"self":[{"href":"https:\/\/mdhosting.info\/loteria2023\/wp-json\/wp\/v2\/pages\/16868","targetHints":{"allow":["GET"]}}],"collection":[{"href":"https:\/\/mdhosting.info\/loteria2023\/wp-json\/wp\/v2\/pages"}],"about":[{"href":"https:\/\/mdhosting.info\/loteria2023\/wp-json\/wp\/v2\/types\/page"}],"author":[{"embeddable":true,"href":"https:\/\/mdhosting.info\/loteria2023\/wp-json\/wp\/v2\/users\/2"}],"replies":[{"embeddable":true,"href":"https:\/\/mdhosting.info\/loteria2023\/wp-json\/wp\/v2\/comments?post=16868"}],"version-history":[{"count":3,"href":"https:\/\/mdhosting.info\/loteria2023\/wp-json\/wp\/v2\/pages\/16868\/revisions"}],"predecessor-version":[{"id":18518,"href":"https:\/\/mdhosting.info\/loteria2023\/wp-json\/wp\/v2\/pages\/16868\/revisions\/18518"}],"wp:attachment":[{"href":"https:\/\/mdhosting.info\/loteria2023\/wp-json\/wp\/v2\/media?parent=16868"}],"curies":[{"name":"wp","href":"https:\/\/api.w.org\/{rel}","templated":true}]}}