{"id":16294,"date":"2021-01-06T16:25:56","date_gmt":"2021-01-06T21:25:56","guid":{"rendered":"https:\/\/loteriadeltolima.com\/nuevo\/?page_id=194"},"modified":"2023-05-25T21:55:48","modified_gmt":"2023-05-25T21:55:48","slug":"politicas-de-calidad","status":"publish","type":"page","link":"https:\/\/mdhosting.info\/loteria2023\/politicas-de-calidad\/","title":{"rendered":"Pol\u00edticas de Calidad"},"content":{"rendered":"\t\t<div data-elementor-type=\"wp-page\" data-elementor-id=\"16294\" class=\"elementor elementor-16294\" data-elementor-post-type=\"page\">\n\t\t\t\t<div class=\"elementor-element elementor-element-491d35e2 e-flex e-con-boxed e-con e-parent\" data-id=\"491d35e2\" data-element_type=\"container\" data-settings=\"{&quot;background_background&quot;:&quot;gradient&quot;}\">\n\t\t\t\t\t<div class=\"e-con-inner\">\n\t\t\t\t<div class=\"elementor-element elementor-element-4cc321ff elementor-widget elementor-widget-heading\" data-id=\"4cc321ff\" data-element_type=\"widget\" data-widget_type=\"heading.default\">\n\t\t\t\t<div class=\"elementor-widget-container\">\n\t\t\t\t\t<h1 class=\"elementor-heading-title elementor-size-xl\">Pol\u00edticas de Calidad<\/h1>\t\t\t\t<\/div>\n\t\t\t\t<\/div>\n\t\t\t\t\t<\/div>\n\t\t\t\t<\/div>\n\t\t<div class=\"elementor-element elementor-element-1c8dddc3 e-flex e-con-boxed e-con e-parent\" data-id=\"1c8dddc3\" data-element_type=\"container\">\n\t\t\t\t\t<div class=\"e-con-inner\">\n\t\t\t\t<div class=\"elementor-element elementor-element-59a01d54 elementor-widget elementor-widget-text-editor\" data-id=\"59a01d54\" data-element_type=\"widget\" data-widget_type=\"text-editor.default\">\n\t\t\t\t<div class=\"elementor-widget-container\">\n\t\t\t\t\t\t\t\t\t<p>La LOTER\u00cdA DEL TOLIMA E.I.C.E., est\u00e1 comprometida en satisfacer las necesidades y requisitos de sus clientes, en la operaci\u00f3n y control efectivo de los juegos de suerte y azar; con la participaci\u00f3n del recurso humano competente que garantice el manejo de la informaci\u00f3n y de los recursos financieros, utilizando la log\u00edstica y tecnolog\u00eda adecuada en la b\u00fasqueda del mejoramiento continuo del Sistema Integrado de Gesti\u00f3n de Calidad, cumpliendo con la normatividad legal vigente.<\/p>\t\t\t\t\t\t\t\t<\/div>\n\t\t\t\t<\/div>\n\t\t\t\t\t<\/div>\n\t\t\t\t<\/div>\n\t\t\t\t<section class=\"elementor-section elementor-top-section elementor-element elementor-element-e36e75f elementor-section-boxed elementor-section-height-default elementor-section-height-default\" data-id=\"e36e75f\" data-element_type=\"section\">\n\t\t\t\t\t\t<div class=\"elementor-container elementor-column-gap-default\">\n\t\t\t\t\t<div class=\"elementor-column elementor-col-50 elementor-top-column elementor-element elementor-element-c737c54\" data-id=\"c737c54\" data-element_type=\"column\">\n\t\t\t<div class=\"elementor-widget-wrap elementor-element-populated\">\n\t\t\t\t\t\t<div class=\"elementor-element elementor-element-8f2273f elementor-widget elementor-widget-heading\" data-id=\"8f2273f\" data-element_type=\"widget\" data-widget_type=\"heading.default\">\n\t\t\t\t<div class=\"elementor-widget-container\">\n\t\t\t\t\t<h2 class=\"elementor-heading-title elementor-size-default\">Objetivos de Calidad<\/h2>\t\t\t\t<\/div>\n\t\t\t\t<\/div>\n\t\t\t\t<div class=\"elementor-element elementor-element-8a4aa52 elementor-icon-list--layout-traditional elementor-list-item-link-full_width elementor-widget elementor-widget-icon-list\" data-id=\"8a4aa52\" data-element_type=\"widget\" data-widget_type=\"icon-list.default\">\n\t\t\t\t<div class=\"elementor-widget-container\">\n\t\t\t\t\t\t\t<ul class=\"elementor-icon-list-items\">\n\t\t\t\t\t\t\t<li class=\"elementor-icon-list-item\">\n\t\t\t\t\t\t\t\t\t\t\t<span class=\"elementor-icon-list-icon\">\n\t\t\t\t\t\t\t<svg aria-hidden=\"true\" class=\"e-font-icon-svg e-fas-square\" viewBox=\"0 0 448 512\" xmlns=\"http:\/\/www.w3.org\/2000\/svg\"><path d=\"M400 32H48C21.5 32 0 53.5 0 80v352c0 26.5 21.5 48 48 48h352c26.5 0 48-21.5 48-48V80c0-26.5-21.5-48-48-48z\"><\/path><\/svg>\t\t\t\t\t\t<\/span>\n\t\t\t\t\t\t\t\t\t\t<span class=\"elementor-icon-list-text\">Satisfacer las necesidades y requisitos de los clientes.<\/span>\n\t\t\t\t\t\t\t\t\t<\/li>\n\t\t\t\t\t\t\t\t<li class=\"elementor-icon-list-item\">\n\t\t\t\t\t\t\t\t\t\t\t<span class=\"elementor-icon-list-icon\">\n\t\t\t\t\t\t\t<svg aria-hidden=\"true\" class=\"e-font-icon-svg e-fas-stop\" viewBox=\"0 0 448 512\" xmlns=\"http:\/\/www.w3.org\/2000\/svg\"><path d=\"M400 32H48C21.5 32 0 53.5 0 80v352c0 26.5 21.5 48 48 48h352c26.5 0 48-21.5 48-48V80c0-26.5-21.5-48-48-48z\"><\/path><\/svg>\t\t\t\t\t\t<\/span>\n\t\t\t\t\t\t\t\t\t\t<span class=\"elementor-icon-list-text\">Incrementar las transferencias de recursos al sector salud.<\/span>\n\t\t\t\t\t\t\t\t\t<\/li>\n\t\t\t\t\t\t\t\t<li class=\"elementor-icon-list-item\">\n\t\t\t\t\t\t\t\t\t\t\t<span class=\"elementor-icon-list-icon\">\n\t\t\t\t\t\t\t<svg aria-hidden=\"true\" class=\"e-font-icon-svg e-fas-square\" viewBox=\"0 0 448 512\" xmlns=\"http:\/\/www.w3.org\/2000\/svg\"><path d=\"M400 32H48C21.5 32 0 53.5 0 80v352c0 26.5 21.5 48 48 48h352c26.5 0 48-21.5 48-48V80c0-26.5-21.5-48-48-48z\"><\/path><\/svg>\t\t\t\t\t\t<\/span>\n\t\t\t\t\t\t\t\t\t\t<span class=\"elementor-icon-list-text\">Lograr un crecimiento mutuo con los distribuidores.<\/span>\n\t\t\t\t\t\t\t\t\t<\/li>\n\t\t\t\t\t\t\t\t<li class=\"elementor-icon-list-item\">\n\t\t\t\t\t\t\t\t\t\t\t<span class=\"elementor-icon-list-icon\">\n\t\t\t\t\t\t\t<svg aria-hidden=\"true\" class=\"e-font-icon-svg e-fas-square\" viewBox=\"0 0 448 512\" xmlns=\"http:\/\/www.w3.org\/2000\/svg\"><path d=\"M400 32H48C21.5 32 0 53.5 0 80v352c0 26.5 21.5 48 48 48h352c26.5 0 48-21.5 48-48V80c0-26.5-21.5-48-48-48z\"><\/path><\/svg>\t\t\t\t\t\t<\/span>\n\t\t\t\t\t\t\t\t\t\t<span class=\"elementor-icon-list-text\">Aumentar la efectividad de los procesos.<\/span>\n\t\t\t\t\t\t\t\t\t<\/li>\n\t\t\t\t\t\t<\/ul>\n\t\t\t\t\t\t<\/div>\n\t\t\t\t<\/div>\n\t\t\t\t\t<\/div>\n\t\t<\/div>\n\t\t\t\t<div class=\"elementor-column elementor-col-50 elementor-top-column elementor-element elementor-element-b10f852\" data-id=\"b10f852\" data-element_type=\"column\">\n\t\t\t<div class=\"elementor-widget-wrap elementor-element-populated\">\n\t\t\t\t\t\t<div class=\"elementor-element elementor-element-fed7d94 elementor-widget elementor-widget-image\" data-id=\"fed7d94\" data-element_type=\"widget\" data-widget_type=\"image.default\">\n\t\t\t\t<div class=\"elementor-widget-container\">\n\t\t\t\t\t\t\t\t\t\t\t\t\t\t\t<img fetchpriority=\"high\" decoding=\"async\" width=\"300\" height=\"264\" src=\"https:\/\/mdhosting.info\/loteria2023\/wp-content\/uploads\/2023\/05\/politicas_calidad-300x264.png\" class=\"attachment-medium size-medium wp-image-24408\" alt=\"\" srcset=\"https:\/\/mdhosting.info\/loteria2023\/wp-content\/uploads\/2023\/05\/politicas_calidad-300x264.png 300w, https:\/\/mdhosting.info\/loteria2023\/wp-content\/uploads\/2023\/05\/politicas_calidad.png 500w\" sizes=\"(max-width: 300px) 100vw, 300px\" \/>\t\t\t\t\t\t\t\t\t\t\t\t\t\t\t<\/div>\n\t\t\t\t<\/div>\n\t\t\t\t\t<\/div>\n\t\t<\/div>\n\t\t\t\t\t<\/div>\n\t\t<\/section>\n\t\t\t\t<\/div>\n\t\t","protected":false},"excerpt":{"rendered":"<p>La LOTER\u00cdA DEL TOLIMA E.I.C.E., est\u00e1 comprometida en satisfacer las necesidades y requisitos de sus clientes, en la operaci\u00f3n y control efectivo de los juegos de suerte y azar; con la participaci\u00f3n del recurso humano competente que garantice el manejo de la informaci\u00f3n y de los recursos financieros, utilizando la log\u00edstica y tecnolog\u00eda adecuada en [&hellip;]<\/p>\n","protected":false},"author":3,"featured_media":5732,"parent":0,"menu_order":0,"comment_status":"closed","ping_status":"closed","template":"","meta":{"site-sidebar-layout":"default","site-content-layout":"","ast-site-content-layout":"","site-content-style":"default","site-sidebar-style":"default","ast-global-header-display":"","ast-banner-title-visibility":"","ast-main-header-display":"","ast-hfb-above-header-display":"","ast-hfb-below-header-display":"","ast-hfb-mobile-header-display":"","site-post-title":"","ast-breadcrumbs-content":"","ast-featured-img":"","footer-sml-layout":"","theme-transparent-header-meta":"","adv-header-id-meta":"","stick-header-meta":"","header-above-stick-meta":"","header-main-stick-meta":"","header-below-stick-meta":"","astra-migrate-meta-layouts":"default","ast-page-background-enabled":"default","ast-page-background-meta":{"desktop":{"background-color":"var(--ast-global-color-4)","background-image":"","background-repeat":"repeat","background-position":"center center","background-size":"auto","background-attachment":"scroll","background-type":"","background-media":"","overlay-type":"","overlay-color":"","overlay-gradient":""},"tablet":{"background-color":"","background-image":"","background-repeat":"repeat","background-position":"center center","background-size":"auto","background-attachment":"scroll","background-type":"","background-media":"","overlay-type":"","overlay-color":"","overlay-gradient":""},"mobile":{"background-color":"","background-image":"","background-repeat":"repeat","background-position":"center center","background-size":"auto","background-attachment":"scroll","background-type":"","background-media":"","overlay-type":"","overlay-color":"","overlay-gradient":""}},"ast-content-background-meta":{"desktop":{"background-color":"var(--ast-global-color-5)","background-image":"","background-repeat":"repeat","background-position":"center center","background-size":"auto","background-attachment":"scroll","background-type":"","background-media":"","overlay-type":"","overlay-color":"","overlay-gradient":""},"tablet":{"background-color":"var(--ast-global-color-5)","background-image":"","background-repeat":"repeat","background-position":"center center","background-size":"auto","background-attachment":"scroll","background-type":"","background-media":"","overlay-type":"","overlay-color":"","overlay-gradient":""},"mobile":{"background-color":"var(--ast-global-color-5)","background-image":"","background-repeat":"repeat","background-position":"center center","background-size":"auto","background-attachment":"scroll","background-type":"","background-media":"","overlay-type":"","overlay-color":"","overlay-gradient":""}},"footnotes":""},"class_list":["post-16294","page","type-page","status-publish","has-post-thumbnail","hentry"],"yoast_head":"<!-- This site is optimized with the Yoast SEO plugin v22.7 - https:\/\/yoast.com\/wordpress\/plugins\/seo\/ -->\n<title>Pol\u00edticas de Calidad - Loter\u00eda del Tolima \u2013 Apu\u00e9stele a sus Sue\u00f1os<\/title>\n<meta name=\"robots\" content=\"index, follow, max-snippet:-1, max-image-preview:large, max-video-preview:-1\" \/>\n<link rel=\"canonical\" href=\"https:\/\/mdhosting.info\/loteria2023\/politicas-de-calidad\/\" \/>\n<meta property=\"og:locale\" content=\"es_ES\" \/>\n<meta property=\"og:type\" content=\"article\" \/>\n<meta property=\"og:title\" content=\"Pol\u00edticas de Calidad - Loter\u00eda del Tolima \u2013 Apu\u00e9stele a sus Sue\u00f1os\" \/>\n<meta property=\"og:description\" content=\"La LOTER\u00cdA DEL TOLIMA E.I.C.E., est\u00e1 comprometida en satisfacer las necesidades y requisitos de sus clientes, en la operaci\u00f3n y control efectivo de los juegos de suerte y azar; con la participaci\u00f3n del recurso humano competente que garantice el manejo de la informaci\u00f3n y de los recursos financieros, utilizando la log\u00edstica y tecnolog\u00eda adecuada en [&hellip;]\" \/>\n<meta property=\"og:url\" content=\"https:\/\/mdhosting.info\/loteria2023\/politicas-de-calidad\/\" \/>\n<meta property=\"og:site_name\" content=\"Loter\u00eda del Tolima \u2013 Apu\u00e9stele a sus Sue\u00f1os\" \/>\n<meta property=\"article:modified_time\" content=\"2023-05-25T21:55:48+00:00\" \/>\n<meta name=\"twitter:card\" content=\"summary_large_image\" \/>\n<meta name=\"twitter:label1\" content=\"Tiempo de lectura\" \/>\n\t<meta name=\"twitter:data1\" content=\"1 minuto\" \/>\n<script type=\"application\/ld+json\" class=\"yoast-schema-graph\">{\"@context\":\"https:\/\/schema.org\",\"@graph\":[{\"@type\":\"WebPage\",\"@id\":\"https:\/\/mdhosting.info\/loteria2023\/politicas-de-calidad\/\",\"url\":\"https:\/\/mdhosting.info\/loteria2023\/politicas-de-calidad\/\",\"name\":\"Pol\u00edticas de Calidad - Loter\u00eda del Tolima \u2013 Apu\u00e9stele a sus Sue\u00f1os\",\"isPartOf\":{\"@id\":\"https:\/\/mdhosting.info\/loteria2023\/#website\"},\"primaryImageOfPage\":{\"@id\":\"https:\/\/mdhosting.info\/loteria2023\/politicas-de-calidad\/#primaryimage\"},\"image\":{\"@id\":\"https:\/\/mdhosting.info\/loteria2023\/politicas-de-calidad\/#primaryimage\"},\"thumbnailUrl\":\"\",\"datePublished\":\"2021-01-06T21:25:56+00:00\",\"dateModified\":\"2023-05-25T21:55:48+00:00\",\"breadcrumb\":{\"@id\":\"https:\/\/mdhosting.info\/loteria2023\/politicas-de-calidad\/#breadcrumb\"},\"inLanguage\":\"es-CO\",\"potentialAction\":[{\"@type\":\"ReadAction\",\"target\":[\"https:\/\/mdhosting.info\/loteria2023\/politicas-de-calidad\/\"]}]},{\"@type\":\"ImageObject\",\"inLanguage\":\"es-CO\",\"@id\":\"https:\/\/mdhosting.info\/loteria2023\/politicas-de-calidad\/#primaryimage\",\"url\":\"\",\"contentUrl\":\"\"},{\"@type\":\"BreadcrumbList\",\"@id\":\"https:\/\/mdhosting.info\/loteria2023\/politicas-de-calidad\/#breadcrumb\",\"itemListElement\":[{\"@type\":\"ListItem\",\"position\":1,\"name\":\"Inicio\",\"item\":\"https:\/\/mdhosting.info\/loteria2023\/\"},{\"@type\":\"ListItem\",\"position\":2,\"name\":\"Pol\u00edticas de Calidad\"}]},{\"@type\":\"WebSite\",\"@id\":\"https:\/\/mdhosting.info\/loteria2023\/#website\",\"url\":\"https:\/\/mdhosting.info\/loteria2023\/\",\"name\":\"Loter\u00eda del Tolima \u2013 Apu\u00e9stele a sus Sue\u00f1os\",\"description\":\"Loter\u00eda del Tolima \u2013 Apu\u00e9stele a sus Sue\u00f1os\",\"publisher\":{\"@id\":\"https:\/\/mdhosting.info\/loteria2023\/#organization\"},\"potentialAction\":[{\"@type\":\"SearchAction\",\"target\":{\"@type\":\"EntryPoint\",\"urlTemplate\":\"https:\/\/mdhosting.info\/loteria2023\/?s={search_term_string}\"},\"query-input\":\"required name=search_term_string\"}],\"inLanguage\":\"es-CO\"},{\"@type\":\"Organization\",\"@id\":\"https:\/\/mdhosting.info\/loteria2023\/#organization\",\"name\":\"Loter\u00eda del Tolima \u2013 Apu\u00e9stele a sus Sue\u00f1os\",\"url\":\"https:\/\/mdhosting.info\/loteria2023\/\",\"logo\":{\"@type\":\"ImageObject\",\"inLanguage\":\"es-CO\",\"@id\":\"https:\/\/mdhosting.info\/loteria2023\/#\/schema\/logo\/image\/\",\"url\":\"https:\/\/mdhosting.info\/loteria2023\/wp-content\/uploads\/2023\/03\/logo_main.png\",\"contentUrl\":\"https:\/\/mdhosting.info\/loteria2023\/wp-content\/uploads\/2023\/03\/logo_main.png\",\"width\":400,\"height\":103,\"caption\":\"Loter\u00eda del Tolima \u2013 Apu\u00e9stele a sus Sue\u00f1os\"},\"image\":{\"@id\":\"https:\/\/mdhosting.info\/loteria2023\/#\/schema\/logo\/image\/\"}}]}<\/script>\n<!-- \/ Yoast SEO plugin. -->","yoast_head_json":{"title":"Pol\u00edticas de Calidad - Loter\u00eda del Tolima \u2013 Apu\u00e9stele a sus Sue\u00f1os","robots":{"index":"index","follow":"follow","max-snippet":"max-snippet:-1","max-image-preview":"max-image-preview:large","max-video-preview":"max-video-preview:-1"},"canonical":"https:\/\/mdhosting.info\/loteria2023\/politicas-de-calidad\/","og_locale":"es_ES","og_type":"article","og_title":"Pol\u00edticas de Calidad - Loter\u00eda del Tolima \u2013 Apu\u00e9stele a sus Sue\u00f1os","og_description":"La LOTER\u00cdA DEL TOLIMA E.I.C.E., est\u00e1 comprometida en satisfacer las necesidades y requisitos de sus clientes, en la operaci\u00f3n y control efectivo de los juegos de suerte y azar; con la participaci\u00f3n del recurso humano competente que garantice el manejo de la informaci\u00f3n y de los recursos financieros, utilizando la log\u00edstica y tecnolog\u00eda adecuada en [&hellip;]","og_url":"https:\/\/mdhosting.info\/loteria2023\/politicas-de-calidad\/","og_site_name":"Loter\u00eda del Tolima \u2013 Apu\u00e9stele a sus Sue\u00f1os","article_modified_time":"2023-05-25T21:55:48+00:00","twitter_card":"summary_large_image","twitter_misc":{"Tiempo de lectura":"1 minuto"},"schema":{"@context":"https:\/\/schema.org","@graph":[{"@type":"WebPage","@id":"https:\/\/mdhosting.info\/loteria2023\/politicas-de-calidad\/","url":"https:\/\/mdhosting.info\/loteria2023\/politicas-de-calidad\/","name":"Pol\u00edticas de Calidad - Loter\u00eda del Tolima \u2013 Apu\u00e9stele a sus Sue\u00f1os","isPartOf":{"@id":"https:\/\/mdhosting.info\/loteria2023\/#website"},"primaryImageOfPage":{"@id":"https:\/\/mdhosting.info\/loteria2023\/politicas-de-calidad\/#primaryimage"},"image":{"@id":"https:\/\/mdhosting.info\/loteria2023\/politicas-de-calidad\/#primaryimage"},"thumbnailUrl":"","datePublished":"2021-01-06T21:25:56+00:00","dateModified":"2023-05-25T21:55:48+00:00","breadcrumb":{"@id":"https:\/\/mdhosting.info\/loteria2023\/politicas-de-calidad\/#breadcrumb"},"inLanguage":"es-CO","potentialAction":[{"@type":"ReadAction","target":["https:\/\/mdhosting.info\/loteria2023\/politicas-de-calidad\/"]}]},{"@type":"ImageObject","inLanguage":"es-CO","@id":"https:\/\/mdhosting.info\/loteria2023\/politicas-de-calidad\/#primaryimage","url":"","contentUrl":""},{"@type":"BreadcrumbList","@id":"https:\/\/mdhosting.info\/loteria2023\/politicas-de-calidad\/#breadcrumb","itemListElement":[{"@type":"ListItem","position":1,"name":"Inicio","item":"https:\/\/mdhosting.info\/loteria2023\/"},{"@type":"ListItem","position":2,"name":"Pol\u00edticas de Calidad"}]},{"@type":"WebSite","@id":"https:\/\/mdhosting.info\/loteria2023\/#website","url":"https:\/\/mdhosting.info\/loteria2023\/","name":"Loter\u00eda del Tolima \u2013 Apu\u00e9stele a sus Sue\u00f1os","description":"Loter\u00eda del Tolima \u2013 Apu\u00e9stele a sus Sue\u00f1os","publisher":{"@id":"https:\/\/mdhosting.info\/loteria2023\/#organization"},"potentialAction":[{"@type":"SearchAction","target":{"@type":"EntryPoint","urlTemplate":"https:\/\/mdhosting.info\/loteria2023\/?s={search_term_string}"},"query-input":"required name=search_term_string"}],"inLanguage":"es-CO"},{"@type":"Organization","@id":"https:\/\/mdhosting.info\/loteria2023\/#organization","name":"Loter\u00eda del Tolima \u2013 Apu\u00e9stele a sus Sue\u00f1os","url":"https:\/\/mdhosting.info\/loteria2023\/","logo":{"@type":"ImageObject","inLanguage":"es-CO","@id":"https:\/\/mdhosting.info\/loteria2023\/#\/schema\/logo\/image\/","url":"https:\/\/mdhosting.info\/loteria2023\/wp-content\/uploads\/2023\/03\/logo_main.png","contentUrl":"https:\/\/mdhosting.info\/loteria2023\/wp-content\/uploads\/2023\/03\/logo_main.png","width":400,"height":103,"caption":"Loter\u00eda del Tolima \u2013 Apu\u00e9stele a sus Sue\u00f1os"},"image":{"@id":"https:\/\/mdhosting.info\/loteria2023\/#\/schema\/logo\/image\/"}}]}},"jetpack_sharing_enabled":true,"_links":{"self":[{"href":"https:\/\/mdhosting.info\/loteria2023\/wp-json\/wp\/v2\/pages\/16294","targetHints":{"allow":["GET"]}}],"collection":[{"href":"https:\/\/mdhosting.info\/loteria2023\/wp-json\/wp\/v2\/pages"}],"about":[{"href":"https:\/\/mdhosting.info\/loteria2023\/wp-json\/wp\/v2\/types\/page"}],"author":[{"embeddable":true,"href":"https:\/\/mdhosting.info\/loteria2023\/wp-json\/wp\/v2\/users\/3"}],"replies":[{"embeddable":true,"href":"https:\/\/mdhosting.info\/loteria2023\/wp-json\/wp\/v2\/comments?post=16294"}],"version-history":[{"count":16,"href":"https:\/\/mdhosting.info\/loteria2023\/wp-json\/wp\/v2\/pages\/16294\/revisions"}],"predecessor-version":[{"id":24419,"href":"https:\/\/mdhosting.info\/loteria2023\/wp-json\/wp\/v2\/pages\/16294\/revisions\/24419"}],"wp:featuredmedia":[{"embeddable":true,"href":"https:\/\/mdhosting.info\/loteria2023\/wp-json\/"}],"wp:attachment":[{"href":"https:\/\/mdhosting.info\/loteria2023\/wp-json\/wp\/v2\/media?parent=16294"}],"curies":[{"name":"wp","href":"https:\/\/api.w.org\/{rel}","templated":true}]}}