{"id":16013,"date":"2022-09-21T12:06:48","date_gmt":"2022-09-21T17:06:48","guid":{"rendered":"https:\/\/loteriadeltolima.com\/?page_id=16013"},"modified":"2023-02-13T20:46:01","modified_gmt":"2023-02-13T20:46:01","slug":"politica-de-privacidad","status":"publish","type":"page","link":"https:\/\/mdhosting.info\/loteria2023\/politica-de-privacidad\/","title":{"rendered":"Pol\u00edtica de Privacidad"},"content":{"rendered":"\t\t<div data-elementor-type=\"wp-page\" data-elementor-id=\"16013\" class=\"elementor elementor-16013\" data-elementor-post-type=\"page\">\n\t\t\t\t<div class=\"elementor-element elementor-element-6480505 e-flex e-con-boxed e-con e-parent\" data-id=\"6480505\" data-element_type=\"container\">\n\t\t\t\t\t<div class=\"e-con-inner\">\n\t\t\t\t<div class=\"elementor-element elementor-element-36382d81 elementor-widget elementor-widget-spacer\" data-id=\"36382d81\" data-element_type=\"widget\" data-widget_type=\"spacer.default\">\n\t\t\t\t<div class=\"elementor-widget-container\">\n\t\t\t\t\t\t\t<div class=\"elementor-spacer\">\n\t\t\t<div class=\"elementor-spacer-inner\"><\/div>\n\t\t<\/div>\n\t\t\t\t\t\t<\/div>\n\t\t\t\t<\/div>\n\t\t\t\t\t<\/div>\n\t\t\t\t<\/div>\n\t\t<div class=\"elementor-element elementor-element-67992f4b e-flex e-con-boxed e-con e-parent\" data-id=\"67992f4b\" data-element_type=\"container\">\n\t\t\t\t\t<div class=\"e-con-inner\">\n\t\t\t\t<div class=\"elementor-element elementor-element-54c77e8c elementor-widget elementor-widget-heading\" data-id=\"54c77e8c\" data-element_type=\"widget\" data-widget_type=\"heading.default\">\n\t\t\t\t<div class=\"elementor-widget-container\">\n\t\t\t\t\t<h2 class=\"elementor-heading-title elementor-size-default\">Pol\u00edtica de Privacidad<\/h2>\t\t\t\t<\/div>\n\t\t\t\t<\/div>\n\t\t\t\t\t<\/div>\n\t\t\t\t<\/div>\n\t\t\t\t<section class=\"elementor-section elementor-top-section elementor-element elementor-element-8278c3a elementor-section-boxed elementor-section-height-default elementor-section-height-default\" data-id=\"8278c3a\" data-element_type=\"section\">\n\t\t\t\t\t\t<div class=\"elementor-container elementor-column-gap-default\">\n\t\t\t\t\t<div class=\"elementor-column elementor-col-100 elementor-top-column elementor-element elementor-element-68114bb\" data-id=\"68114bb\" data-element_type=\"column\">\n\t\t\t<div class=\"elementor-widget-wrap elementor-element-populated\">\n\t\t\t\t\t\t<div class=\"elementor-element elementor-element-34bb07e elementor-widget elementor-widget-text-editor\" data-id=\"34bb07e\" data-element_type=\"widget\" data-widget_type=\"text-editor.default\">\n\t\t\t\t<div class=\"elementor-widget-container\">\n\t\t\t\t\t\t\t\t\t<p><strong>Pol\u00edtica de privacidad<\/strong><\/p><p style=\"text-align: justify;\">El sitio web https:\/\/loteriadeltolima.com\/ es propiedad de Empresa Industrial y Comercial del Estado &#8211; Loter\u00eda del Tolima, que es un controlador de datos de tus datos personales.<\/p><p style=\"text-align: justify;\">Hemos adoptado esta Pol\u00edtica de privacidad, que determina c\u00f3mo procesamos la informaci\u00f3n recopilada por https:\/\/loteriadeltolima.com\/, que tambi\u00e9n proporciona las razones por las que debemos recopilar ciertos datos personales sobre ti. Por lo tanto, debes leer esta Pol\u00edtica de privacidad antes de usar el sitio web de https:\/\/loteriadeltolima.com\/.<\/p><p style=\"text-align: justify;\">Cuidamos tus datos personales y nos comprometemos a garantizar su confidencialidad y seguridad.<\/p><p><strong>Informaci\u00f3n personal que recopilamos:<\/strong><\/p><p style=\"text-align: justify;\">Cuando visitas https:\/\/loteriadeltolima.com\/, recopilamos autom\u00e1ticamente cierta informaci\u00f3n sobre tu dispositivo, incluida informaci\u00f3n sobre tu navegador web, direcci\u00f3n IP, zona horaria y algunas de las cookies instaladas en tu dispositivo. Adem\u00e1s, a medida que navegas por el sitio, recopilamos informaci\u00f3n sobre las p\u00e1ginas web individuales o los productos que ves, qu\u00e9 sitios web o t\u00e9rminos de b\u00fasqueda te remitieron al sitio y c\u00f3mo interact\u00faas con \u00e9l. Nos referimos a esta informaci\u00f3n recopilada autom\u00e1ticamente como &#8220;Informaci\u00f3n del dispositivo&#8221;. Adem\u00e1s, podemos recopilar los datos personales que nos proporcionas (incluidos, entre otros, nombre, apellido, direcci\u00f3n, informaci\u00f3n de pago, etc.) durante el registro para poder cumplir con el acuerdo.<\/p><p><strong>\u00bfPor qu\u00e9 procesamos tus datos?<\/strong><\/p><p style=\"text-align: justify;\">Nuestra m\u00e1xima prioridad es la seguridad de los datos del cliente y, como tal, podemos procesar solo los datos m\u00ednimos del usuario, solo en la medida en que sea absolutamente necesario para mantener el sitio web. La informaci\u00f3n recopilada autom\u00e1ticamente se utiliza solo para identificar casos potenciales de abuso y establecer informaci\u00f3n estad\u00edstica sobre el uso del sitio web. Esta informaci\u00f3n estad\u00edstica no se agrega de tal manera que identifique a ning\u00fan usuario en particular del sistema.<\/p><p style=\"text-align: justify;\">Puedes visitar el sitio sin decirnos qui\u00e9n eres ni revelar ninguna informaci\u00f3n por la cual alguien pueda identificarte como una persona espec\u00edfica. Sin embargo, si deseas utilizar algunas de las funciones del sitio web, o deseas recibir nuestro bolet\u00edn informativo o proporcionar otros detalles al completar un formulario, puedes proporcionarnos datos personales, como tu correo electr\u00f3nico, nombre, apellido, ciudad de residencia, organizaci\u00f3n y n\u00famero de tel\u00e9fono. Puedes optar por no proporcionar tus datos personales, pero es posible que no puedas aprovechar algunas de las funciones del sitio web. Por ejemplo, no podr\u00e1s recibir nuestro bolet\u00edn ni contactarnos directamente desde el sitio web. Los usuarios que no est\u00e9n seguros de qu\u00e9 informaci\u00f3n es obligatoria pueden ponerse en contacto con nosotros a trav\u00e9s de loterias@loteriadeltolima.com.<\/p><p><strong>Enlaces a otros sitios web:<\/strong><\/p><p style=\"text-align: justify;\">Nuestro sitio puede contener enlaces a otros sitios web que no son de nuestra propiedad ni est\u00e1n controlados por nosotros. Ten en cuenta que no somos responsables de dichos sitios web ni de las pr\u00e1cticas de privacidad de terceros. Te recomendamos que est\u00e9s atento cuando abandones nuestro sitio web y leas las declaraciones de privacidad de cada sitio que pueda recopilar informaci\u00f3n personal.<\/p><p><strong>Seguridad de la informaci\u00f3n:<\/strong><\/p><p style=\"text-align: justify;\">Aseguramos la informaci\u00f3n que proporcionas en servidores inform\u00e1ticos en un entorno controlado y seguro, protegido del acceso, uso o divulgaci\u00f3n no autorizados. Mantenemos medidas de seguridad administrativas, t\u00e9cnicas y f\u00edsicas razonables para proteger contra el acceso no autorizado, el uso, la modificaci\u00f3n y la divulgaci\u00f3n de datos personales bajo su control y custodia. Sin embargo, no se puede garantizar la transmisi\u00f3n de datos a trav\u00e9s de Internet o redes inal\u00e1mbricas.<\/p><p><strong>Pol\u00edtica Para el Tratamiento de Datos Personales<\/strong><\/p><p style=\"text-align: justify;\">\u00a0Para utilizar algunos de los servicios o acceder a determinados contenidos deber\u00e1 ser mayor de edad, disponer de la capacidad legal para contratar seg\u00fan lo dispuesto por la legislaci\u00f3n colombiana y proporcionar previamente ciertos datos v\u00e1lidos de car\u00e1cter personal que no son obligatorios, a menos que se indique lo contrario.<\/p><p style=\"text-align: justify;\">La Loter\u00eda del Tolima podr\u00e1 utilizar esta informaci\u00f3n para prop\u00f3sitos de marketing, estad\u00edsticos o de estudio del comportamiento de los visitantes en nuestro sitio.<\/p><p style=\"text-align: justify;\">Como principio general no compartimos ni revelamos la informaci\u00f3n obtenida, excepto cuando haya sido autorizada por usted, o en los siguientes casos:<\/p><p style=\"padding-left: 40px;\">a) Cuando sea requerida por una autoridad competente y previo el cumplimiento del tr\u00e1mite legal correspondiente.<\/p><p style=\"padding-left: 40px;\">b) Cuando a juicio de este sitio sea necesario para hacer cumplir las condiciones de uso y dem\u00e1s t\u00e9rminos de esta p\u00e1gina, o para salvaguardar la integridad de los dem\u00e1s usuarios o del sitio. Deber\u00e1 estar consciente que si usted, voluntariamente, revela informaci\u00f3n personal en l\u00ednea en un \u00e1rea p\u00fablica, esa informaci\u00f3n puede ser recogida y usada por otros. Nosotros no controlamos las acciones de nuestros visitantes y usuarios.<\/p><p style=\"padding-left: 40px;\"><a href=\"https:\/\/loteriadeltolima.com\/politica-tratamiento-de-datos\/\">Pol\u00edtica Para el Tratamiento de Datos Personales<\/a><\/p><p><strong>\u00a0Divulgaci\u00f3n legal:<\/strong><\/p><p style=\"text-align: justify;\">Divulgaremos cualquier informaci\u00f3n que recopilemos, usemos o recibamos si as\u00ed lo requiere o lo permite la ley, como para cumplir con una citaci\u00f3n o un proceso legal similar, y cuando creemos de buena fe que la divulgaci\u00f3n es necesaria para proteger nuestros derechos, proteger tu seguridad o la seguridad de los dem\u00e1s, investigar el fraude o responder a una solicitud del gobierno.<\/p><p><strong>Informaci\u00f3n de contacto:<\/strong><\/p><p style=\"text-align: justify;\">Si deseas comunicarte con nosotros para comprender m\u00e1s sobre esta Pol\u00edtica o deseas comunicarte con nosotros en relaci\u00f3n con cualquier asunto sobre los derechos individuales y tu informaci\u00f3n personal, puedes enviarnos un correo electr\u00f3nico a loterias@loteriadeltolima.com.<\/p>\t\t\t\t\t\t\t\t<\/div>\n\t\t\t\t<\/div>\n\t\t\t\t\t<\/div>\n\t\t<\/div>\n\t\t\t\t\t<\/div>\n\t\t<\/section>\n\t\t\t\t<\/div>\n\t\t","protected":false},"excerpt":{"rendered":"<p>Pol\u00edtica de privacidad El sitio web https:\/\/loteriadeltolima.com\/ es propiedad de Empresa Industrial y Comercial del Estado &#8211; Loter\u00eda del Tolima, que es un controlador de datos de tus datos personales. Hemos adoptado esta Pol\u00edtica de privacidad, que determina c\u00f3mo procesamos la informaci\u00f3n recopilada por https:\/\/loteriadeltolima.com\/, que tambi\u00e9n proporciona las razones por las que debemos recopilar [&hellip;]<\/p>\n","protected":false},"author":2,"featured_media":5716,"parent":0,"menu_order":0,"comment_status":"closed","ping_status":"closed","template":"","meta":{"site-sidebar-layout":"default","site-content-layout":"","ast-site-content-layout":"","site-content-style":"default","site-sidebar-style":"default","ast-global-header-display":"","ast-banner-title-visibility":"","ast-main-header-display":"","ast-hfb-above-header-display":"","ast-hfb-below-header-display":"","ast-hfb-mobile-header-display":"","site-post-title":"","ast-breadcrumbs-content":"","ast-featured-img":"","footer-sml-layout":"","theme-transparent-header-meta":"","adv-header-id-meta":"","stick-header-meta":"","header-above-stick-meta":"","header-main-stick-meta":"","header-below-stick-meta":"","astra-migrate-meta-layouts":"default","ast-page-background-enabled":"default","ast-page-background-meta":{"desktop":{"background-color":"var(--ast-global-color-4)","background-image":"","background-repeat":"repeat","background-position":"center center","background-size":"auto","background-attachment":"scroll","background-type":"","background-media":"","overlay-type":"","overlay-color":"","overlay-gradient":""},"tablet":{"background-color":"","background-image":"","background-repeat":"repeat","background-position":"center center","background-size":"auto","background-attachment":"scroll","background-type":"","background-media":"","overlay-type":"","overlay-color":"","overlay-gradient":""},"mobile":{"background-color":"","background-image":"","background-repeat":"repeat","background-position":"center center","background-size":"auto","background-attachment":"scroll","background-type":"","background-media":"","overlay-type":"","overlay-color":"","overlay-gradient":""}},"ast-content-background-meta":{"desktop":{"background-color":"var(--ast-global-color-5)","background-image":"","background-repeat":"repeat","background-position":"center center","background-size":"auto","background-attachment":"scroll","background-type":"","background-media":"","overlay-type":"","overlay-color":"","overlay-gradient":""},"tablet":{"background-color":"var(--ast-global-color-5)","background-image":"","background-repeat":"repeat","background-position":"center center","background-size":"auto","background-attachment":"scroll","background-type":"","background-media":"","overlay-type":"","overlay-color":"","overlay-gradient":""},"mobile":{"background-color":"var(--ast-global-color-5)","background-image":"","background-repeat":"repeat","background-position":"center center","background-size":"auto","background-attachment":"scroll","background-type":"","background-media":"","overlay-type":"","overlay-color":"","overlay-gradient":""}},"footnotes":""},"class_list":["post-16013","page","type-page","status-publish","has-post-thumbnail","hentry"],"yoast_head":"<!-- This site is optimized with the Yoast SEO plugin v22.7 - https:\/\/yoast.com\/wordpress\/plugins\/seo\/ -->\n<title>Pol\u00edtica de Privacidad - Loter\u00eda del Tolima \u2013 Apu\u00e9stele a sus Sue\u00f1os<\/title>\n<meta name=\"robots\" content=\"index, follow, max-snippet:-1, max-image-preview:large, max-video-preview:-1\" \/>\n<link rel=\"canonical\" href=\"https:\/\/mdhosting.info\/loteria2023\/politica-de-privacidad\/\" \/>\n<meta property=\"og:locale\" content=\"es_ES\" \/>\n<meta property=\"og:type\" content=\"article\" \/>\n<meta property=\"og:title\" content=\"Pol\u00edtica de Privacidad - Loter\u00eda del Tolima \u2013 Apu\u00e9stele a sus Sue\u00f1os\" \/>\n<meta property=\"og:description\" content=\"Pol\u00edtica de privacidad El sitio web https:\/\/loteriadeltolima.com\/ es propiedad de Empresa Industrial y Comercial del Estado &#8211; Loter\u00eda del Tolima, que es un controlador de datos de tus datos personales. Hemos adoptado esta Pol\u00edtica de privacidad, que determina c\u00f3mo procesamos la informaci\u00f3n recopilada por https:\/\/loteriadeltolima.com\/, que tambi\u00e9n proporciona las razones por las que debemos recopilar [&hellip;]\" \/>\n<meta property=\"og:url\" content=\"https:\/\/mdhosting.info\/loteria2023\/politica-de-privacidad\/\" \/>\n<meta property=\"og:site_name\" content=\"Loter\u00eda del Tolima \u2013 Apu\u00e9stele a sus Sue\u00f1os\" \/>\n<meta property=\"article:modified_time\" content=\"2023-02-13T20:46:01+00:00\" \/>\n<meta name=\"twitter:card\" content=\"summary_large_image\" \/>\n<meta name=\"twitter:label1\" content=\"Tiempo de lectura\" \/>\n\t<meta name=\"twitter:data1\" content=\"4 minutos\" \/>\n<script type=\"application\/ld+json\" class=\"yoast-schema-graph\">{\"@context\":\"https:\/\/schema.org\",\"@graph\":[{\"@type\":\"WebPage\",\"@id\":\"https:\/\/mdhosting.info\/loteria2023\/politica-de-privacidad\/\",\"url\":\"https:\/\/mdhosting.info\/loteria2023\/politica-de-privacidad\/\",\"name\":\"Pol\u00edtica de Privacidad - Loter\u00eda del Tolima \u2013 Apu\u00e9stele a sus Sue\u00f1os\",\"isPartOf\":{\"@id\":\"https:\/\/mdhosting.info\/loteria2023\/#website\"},\"primaryImageOfPage\":{\"@id\":\"https:\/\/mdhosting.info\/loteria2023\/politica-de-privacidad\/#primaryimage\"},\"image\":{\"@id\":\"https:\/\/mdhosting.info\/loteria2023\/politica-de-privacidad\/#primaryimage\"},\"thumbnailUrl\":\"\",\"datePublished\":\"2022-09-21T17:06:48+00:00\",\"dateModified\":\"2023-02-13T20:46:01+00:00\",\"breadcrumb\":{\"@id\":\"https:\/\/mdhosting.info\/loteria2023\/politica-de-privacidad\/#breadcrumb\"},\"inLanguage\":\"es-CO\",\"potentialAction\":[{\"@type\":\"ReadAction\",\"target\":[\"https:\/\/mdhosting.info\/loteria2023\/politica-de-privacidad\/\"]}]},{\"@type\":\"ImageObject\",\"inLanguage\":\"es-CO\",\"@id\":\"https:\/\/mdhosting.info\/loteria2023\/politica-de-privacidad\/#primaryimage\",\"url\":\"\",\"contentUrl\":\"\"},{\"@type\":\"BreadcrumbList\",\"@id\":\"https:\/\/mdhosting.info\/loteria2023\/politica-de-privacidad\/#breadcrumb\",\"itemListElement\":[{\"@type\":\"ListItem\",\"position\":1,\"name\":\"Inicio\",\"item\":\"https:\/\/mdhosting.info\/loteria2023\/\"},{\"@type\":\"ListItem\",\"position\":2,\"name\":\"Pol\u00edtica de Privacidad\"}]},{\"@type\":\"WebSite\",\"@id\":\"https:\/\/mdhosting.info\/loteria2023\/#website\",\"url\":\"https:\/\/mdhosting.info\/loteria2023\/\",\"name\":\"Loter\u00eda del Tolima \u2013 Apu\u00e9stele a sus Sue\u00f1os\",\"description\":\"Loter\u00eda del Tolima \u2013 Apu\u00e9stele a sus Sue\u00f1os\",\"publisher\":{\"@id\":\"https:\/\/mdhosting.info\/loteria2023\/#organization\"},\"potentialAction\":[{\"@type\":\"SearchAction\",\"target\":{\"@type\":\"EntryPoint\",\"urlTemplate\":\"https:\/\/mdhosting.info\/loteria2023\/?s={search_term_string}\"},\"query-input\":\"required name=search_term_string\"}],\"inLanguage\":\"es-CO\"},{\"@type\":\"Organization\",\"@id\":\"https:\/\/mdhosting.info\/loteria2023\/#organization\",\"name\":\"Loter\u00eda del Tolima \u2013 Apu\u00e9stele a sus Sue\u00f1os\",\"url\":\"https:\/\/mdhosting.info\/loteria2023\/\",\"logo\":{\"@type\":\"ImageObject\",\"inLanguage\":\"es-CO\",\"@id\":\"https:\/\/mdhosting.info\/loteria2023\/#\/schema\/logo\/image\/\",\"url\":\"https:\/\/mdhosting.info\/loteria2023\/wp-content\/uploads\/2023\/03\/logo_main.png\",\"contentUrl\":\"https:\/\/mdhosting.info\/loteria2023\/wp-content\/uploads\/2023\/03\/logo_main.png\",\"width\":400,\"height\":103,\"caption\":\"Loter\u00eda del Tolima \u2013 Apu\u00e9stele a sus Sue\u00f1os\"},\"image\":{\"@id\":\"https:\/\/mdhosting.info\/loteria2023\/#\/schema\/logo\/image\/\"}}]}<\/script>\n<!-- \/ Yoast SEO plugin. -->","yoast_head_json":{"title":"Pol\u00edtica de Privacidad - Loter\u00eda del Tolima \u2013 Apu\u00e9stele a sus Sue\u00f1os","robots":{"index":"index","follow":"follow","max-snippet":"max-snippet:-1","max-image-preview":"max-image-preview:large","max-video-preview":"max-video-preview:-1"},"canonical":"https:\/\/mdhosting.info\/loteria2023\/politica-de-privacidad\/","og_locale":"es_ES","og_type":"article","og_title":"Pol\u00edtica de Privacidad - Loter\u00eda del Tolima \u2013 Apu\u00e9stele a sus Sue\u00f1os","og_description":"Pol\u00edtica de privacidad El sitio web https:\/\/loteriadeltolima.com\/ es propiedad de Empresa Industrial y Comercial del Estado &#8211; Loter\u00eda del Tolima, que es un controlador de datos de tus datos personales. Hemos adoptado esta Pol\u00edtica de privacidad, que determina c\u00f3mo procesamos la informaci\u00f3n recopilada por https:\/\/loteriadeltolima.com\/, que tambi\u00e9n proporciona las razones por las que debemos recopilar [&hellip;]","og_url":"https:\/\/mdhosting.info\/loteria2023\/politica-de-privacidad\/","og_site_name":"Loter\u00eda del Tolima \u2013 Apu\u00e9stele a sus Sue\u00f1os","article_modified_time":"2023-02-13T20:46:01+00:00","twitter_card":"summary_large_image","twitter_misc":{"Tiempo de lectura":"4 minutos"},"schema":{"@context":"https:\/\/schema.org","@graph":[{"@type":"WebPage","@id":"https:\/\/mdhosting.info\/loteria2023\/politica-de-privacidad\/","url":"https:\/\/mdhosting.info\/loteria2023\/politica-de-privacidad\/","name":"Pol\u00edtica de Privacidad - Loter\u00eda del Tolima \u2013 Apu\u00e9stele a sus Sue\u00f1os","isPartOf":{"@id":"https:\/\/mdhosting.info\/loteria2023\/#website"},"primaryImageOfPage":{"@id":"https:\/\/mdhosting.info\/loteria2023\/politica-de-privacidad\/#primaryimage"},"image":{"@id":"https:\/\/mdhosting.info\/loteria2023\/politica-de-privacidad\/#primaryimage"},"thumbnailUrl":"","datePublished":"2022-09-21T17:06:48+00:00","dateModified":"2023-02-13T20:46:01+00:00","breadcrumb":{"@id":"https:\/\/mdhosting.info\/loteria2023\/politica-de-privacidad\/#breadcrumb"},"inLanguage":"es-CO","potentialAction":[{"@type":"ReadAction","target":["https:\/\/mdhosting.info\/loteria2023\/politica-de-privacidad\/"]}]},{"@type":"ImageObject","inLanguage":"es-CO","@id":"https:\/\/mdhosting.info\/loteria2023\/politica-de-privacidad\/#primaryimage","url":"","contentUrl":""},{"@type":"BreadcrumbList","@id":"https:\/\/mdhosting.info\/loteria2023\/politica-de-privacidad\/#breadcrumb","itemListElement":[{"@type":"ListItem","position":1,"name":"Inicio","item":"https:\/\/mdhosting.info\/loteria2023\/"},{"@type":"ListItem","position":2,"name":"Pol\u00edtica de Privacidad"}]},{"@type":"WebSite","@id":"https:\/\/mdhosting.info\/loteria2023\/#website","url":"https:\/\/mdhosting.info\/loteria2023\/","name":"Loter\u00eda del Tolima \u2013 Apu\u00e9stele a sus Sue\u00f1os","description":"Loter\u00eda del Tolima \u2013 Apu\u00e9stele a sus Sue\u00f1os","publisher":{"@id":"https:\/\/mdhosting.info\/loteria2023\/#organization"},"potentialAction":[{"@type":"SearchAction","target":{"@type":"EntryPoint","urlTemplate":"https:\/\/mdhosting.info\/loteria2023\/?s={search_term_string}"},"query-input":"required name=search_term_string"}],"inLanguage":"es-CO"},{"@type":"Organization","@id":"https:\/\/mdhosting.info\/loteria2023\/#organization","name":"Loter\u00eda del Tolima \u2013 Apu\u00e9stele a sus Sue\u00f1os","url":"https:\/\/mdhosting.info\/loteria2023\/","logo":{"@type":"ImageObject","inLanguage":"es-CO","@id":"https:\/\/mdhosting.info\/loteria2023\/#\/schema\/logo\/image\/","url":"https:\/\/mdhosting.info\/loteria2023\/wp-content\/uploads\/2023\/03\/logo_main.png","contentUrl":"https:\/\/mdhosting.info\/loteria2023\/wp-content\/uploads\/2023\/03\/logo_main.png","width":400,"height":103,"caption":"Loter\u00eda del Tolima \u2013 Apu\u00e9stele a sus Sue\u00f1os"},"image":{"@id":"https:\/\/mdhosting.info\/loteria2023\/#\/schema\/logo\/image\/"}}]}},"jetpack_sharing_enabled":true,"_links":{"self":[{"href":"https:\/\/mdhosting.info\/loteria2023\/wp-json\/wp\/v2\/pages\/16013","targetHints":{"allow":["GET"]}}],"collection":[{"href":"https:\/\/mdhosting.info\/loteria2023\/wp-json\/wp\/v2\/pages"}],"about":[{"href":"https:\/\/mdhosting.info\/loteria2023\/wp-json\/wp\/v2\/types\/page"}],"author":[{"embeddable":true,"href":"https:\/\/mdhosting.info\/loteria2023\/wp-json\/wp\/v2\/users\/2"}],"replies":[{"embeddable":true,"href":"https:\/\/mdhosting.info\/loteria2023\/wp-json\/wp\/v2\/comments?post=16013"}],"version-history":[{"count":3,"href":"https:\/\/mdhosting.info\/loteria2023\/wp-json\/wp\/v2\/pages\/16013\/revisions"}],"predecessor-version":[{"id":19791,"href":"https:\/\/mdhosting.info\/loteria2023\/wp-json\/wp\/v2\/pages\/16013\/revisions\/19791"}],"wp:featuredmedia":[{"embeddable":true,"href":"https:\/\/mdhosting.info\/loteria2023\/wp-json\/"}],"wp:attachment":[{"href":"https:\/\/mdhosting.info\/loteria2023\/wp-json\/wp\/v2\/media?parent=16013"}],"curies":[{"name":"wp","href":"https:\/\/api.w.org\/{rel}","templated":true}]}}